{"id":40277,"date":"2026-03-18T13:02:48","date_gmt":"2026-03-18T13:02:48","guid":{"rendered":"https:\/\/comprasyconsejos.store\/product\/kospet-tank-m4c-reloj-inteligente-hombre-con-linterna-led-pantalla-amoled-196-gps-doble-banda-y-brujula-monitoreo-de-salud-24-7-resistente-al-agua-5atm-compatible-con-android-y-ios-negro\/"},"modified":"2026-03-18T13:02:48","modified_gmt":"2026-03-18T13:02:48","slug":"kospet-tank-m4c-reloj-inteligente-hombre-con-linterna-led-pantalla-amoled-196-gps-doble-banda-y-brujula-monitoreo-de-salud-24-7-resistente-al-agua-5atm-compatible-con-android-y-ios-negro","status":"publish","type":"product","link":"https:\/\/comprasyconsejos.store\/en\/product\/kospet-tank-m4c-reloj-inteligente-hombre-con-linterna-led-pantalla-amoled-196-gps-doble-banda-y-brujula-monitoreo-de-salud-24-7-resistente-al-agua-5atm-compatible-con-android-y-ios-negro\/","title":{"rendered":"KOSPET Tank M4C Reloj Inteligente Hombre con Linterna LED, Pantalla AMOLED 1,96&#8243;, GPS Doble Banda y Br\u00fajula, Monitoreo de Salud 24\/7, Resistente al Agua 5ATM, Compatible con Android y iOS (Negro)"},"content":{"rendered":"<p>&#8211; \u3010Dise\u00f1o de Grado Militar\u3011 Este resistente reloj inteligente est\u00e1 construido seg\u00fan los est\u00e1ndares de grado militar para soportar impactos, vibraciones, temperaturas extremas y m\u00e1s, siendo ideal para condiciones de trabajo exigentes y uso al aire libre. Su pantalla AMOLED de 1,96&#8243; est\u00e1 protegida por Vidrio de cristal 3 Corning Gorilla con una resistencia superior a ara\u00f1azos y da\u00f1os.<br \/>\n&#8211; \u3010Linterna LED Incorporada de 5 Niveles\u3011 Este reloj inteligente para hombres cuenta con una linterna LED integrada que ilumina ambientes oscuros o peligrosos con cinco niveles de brillo ajustables, convirti\u00e9ndolo en una herramienta t\u00e1ctica durante apagones, trabajo nocturno o situaciones de emergencia.<br \/>\n&#8211; \u3010Seguimiento GPS y Walkie-Talkie\u3011 El reloj inteligente para exteriores est\u00e1 equipado con posicionamiento GPS preciso que registra tu trayectoria de movimiento, adem\u00e1s de distancia, ritmo card\u00edaco y calor\u00edas durante los ejercicios al aire libre. Un walkie-talkie integrado te permite comunicarte al instante con hasta cuatro personas mediante un simple toque y manteniendo presionado.<br \/>\n&#8211; \u3010Vida \u00datil Extra Larga de la Bater\u00eda\u3011 El reloj inteligente para hombres ofrece hasta 15 d\u00edas de duraci\u00f3n de bater\u00eda para uso t\u00edpico con una sola carga, hasta 21 horas en modo GPS y hasta 5 horas de uso continuo de linterna, proporcionando un rendimiento duradero para actividades al aire libre, desde la carrera m\u00e1s larga hasta la caminata m\u00e1s aventurera.<br \/>\n&#8211; \u3010Monitoreo de Salud 24\/7\u3011 El reloj de fitness para hombres est\u00e1 equipado con un avanzado sensor 4PD para monitorear con precisi\u00f3n el ritmo card\u00edaco, ox\u00edgeno en la sangre, estr\u00e9s y estado de \u00e1nimo, y proporcionar informaci\u00f3n m\u00e1s profunda sobre tu salud. El reloj tambi\u00e9n rastrea la calidad general de tu sue\u00f1o mediante un seguimiento detallado de las principales etapas del sue\u00f1o (incluido el sue\u00f1o REM) y realiza un an\u00e1lisis m\u00e1s completo del sue\u00f1o en la App Apexmove.<br \/>\n&#8211; \u3010170+ Modos de Entrenamiento de Estilo Libre\u3011 El reloj deportivo soporta m\u00e1s de 170 modos de entrenamiento de estilo libre, como caminar, correr, ciclismo, baloncesto, f\u00fatbol, etc. El reloj inteligente tambi\u00e9n registra datos clave durante tu entrenamiento (por ejemplo, distancia, calor\u00edas, tiempo de ejercicio, etc.), junto con m\u00e1s detalles del entrenamiento en la App, lo que te ayuda a alcanzar tus objetivos de entrenamiento y llevar una vida m\u00e1s saludable.<\/p>","protected":false},"excerpt":{"rendered":"<p>&#8211; \u3010Dise\u00f1o de Grado Militar\u3011 Este resistente reloj inteligente est\u00e1 construido seg\u00fan los est\u00e1ndares de grado militar para soportar impactos,<\/p>","protected":false},"featured_media":0,"comment_status":"open","ping_status":"closed","template":"","meta":[],"product_brand":[],"product_cat":[101],"product_tag":[],"class_list":{"0":"post-40277","1":"product","2":"type-product","3":"status-publish","5":"product_cat-accessories","7":"first","8":"instock","9":"shipping-taxable","10":"product-type-external"},"_links":{"self":[{"href":"https:\/\/comprasyconsejos.store\/en\/wp-json\/wp\/v2\/product\/40277","targetHints":{"allow":["GET"]}}],"collection":[{"href":"https:\/\/comprasyconsejos.store\/en\/wp-json\/wp\/v2\/product"}],"about":[{"href":"https:\/\/comprasyconsejos.store\/en\/wp-json\/wp\/v2\/types\/product"}],"replies":[{"embeddable":true,"href":"https:\/\/comprasyconsejos.store\/en\/wp-json\/wp\/v2\/comments?post=40277"}],"version-history":[{"count":0,"href":"https:\/\/comprasyconsejos.store\/en\/wp-json\/wp\/v2\/product\/40277\/revisions"}],"wp:attachment":[{"href":"https:\/\/comprasyconsejos.store\/en\/wp-json\/wp\/v2\/media?parent=40277"}],"wp:term":[{"taxonomy":"product_brand","embeddable":true,"href":"https:\/\/comprasyconsejos.store\/en\/wp-json\/wp\/v2\/product_brand?post=40277"},{"taxonomy":"product_cat","embeddable":true,"href":"https:\/\/comprasyconsejos.store\/en\/wp-json\/wp\/v2\/product_cat?post=40277"},{"taxonomy":"product_tag","embeddable":true,"href":"https:\/\/comprasyconsejos.store\/en\/wp-json\/wp\/v2\/product_tag?post=40277"}],"curies":[{"name":"wp","href":"https:\/\/api.w.org\/{rel}","templated":true}]}}