{"id":40278,"date":"2026-03-18T13:14:13","date_gmt":"2026-03-18T13:14:13","guid":{"rendered":"https:\/\/comprasyconsejos.store\/product\/2pcs-bandeja-de-recogida-para-comederos-de-pajaros-51-x-11-cm-recogedor-de-semillas-para-comederos-de-pajaros-bandeja-recoger-semilla-pajaros-bandeja-de-malla-colgante-recoger-semillas-para-jardin\/"},"modified":"2026-03-18T13:14:13","modified_gmt":"2026-03-18T13:14:13","slug":"2pcs-bandeja-de-recogida-para-comederos-de-pajaros-51-x-11-cm-recogedor-de-semillas-para-comederos-de-pajaros-bandeja-recoger-semilla-pajaros-bandeja-de-malla-colgante-recoger-semillas-para-jardin","status":"publish","type":"product","link":"https:\/\/comprasyconsejos.store\/en\/product\/2pcs-bandeja-de-recogida-para-comederos-de-pajaros-51-x-11-cm-recogedor-de-semillas-para-comederos-de-pajaros-bandeja-recoger-semilla-pajaros-bandeja-de-malla-colgante-recoger-semillas-para-jardin\/","title":{"rendered":"2Pcs Bandeja de Recogida para Comederos de P\u00e1jaros, 51 x 11 cm Recogedor de Semillas para Comederos de P\u00e1jaros, Bandeja Recoger Semilla Pajaros, Bandeja de Malla Colgante Recoger Semillas para Jard\u00edn"},"content":{"rendered":"<p>&#8211; \ud83e\udda9\u3010Material Premium\u3011Los Bandeja para Recoger Semillas de p\u00e1jaros est\u00e1n hechos de Fibra de poli\u00e9ster y metal premium, que no es f\u00e1cil de desgarrar y puede resistir el sol, la lluvia y la nieve. Resiste firmemente las diferentes condiciones clim\u00e1ticas, su dise\u00f1o densamente tejido atrapa incluso peque\u00f1as semillas y conchas, lo que simplifica el cuidado de las aves al aire libre en cualquier \u00e9poca del a\u00f1o. Menos desperdicio y alimentaci\u00f3n higi\u00e9nica, perfecta como pajarera para alimentar.<br \/>\n&#8211; \ud83e\udda9\u30102pcs Bandejas Recogedoras de Semillas de P\u00e1jaros\u3011El recolector de semillas colgado bajo un comedero para p\u00e1jaros y atrapa la mayor\u00eda de las semillas y c\u00e1scaras que caen, reducen los residuos de alimentos y el desorden. Tambi\u00e9n se puede utilizar como comedero para p\u00e1jaros con plataforma, protege tu patio de malas hierbas y roedores atrapando semillas de p\u00e1jaros ca\u00eddas antes de que lleguen al suelo, ideal para atraer p\u00e1jaros al aire libre, patio trasero, jard\u00edn.<br \/>\n&#8211; \ud83e\udda9\u3010Bandeja Grande\u3011Esta Bandeja para Recoger Semillas de P\u00e1jaros mide 50,8 x 10,8 cm. Su superficie extragrande ofrece m\u00e1s puntos de apoyo para los p\u00e1jaros y permite recoger m\u00e1s comida. Este soporte de aro para semillas de p\u00e1jaros al aire libre, m\u00e1s ancho y profundo, es perfecto para colgar en tu jard\u00edn, balc\u00f3n, patio o cualquier espacio exterior.<br \/>\n&#8211; \ud83e\udda9\u3010Einfache Installation\u3011Este Recolector de Semill de P\u00e1jaros se instala r\u00e1pida y f\u00e1cilmente gracias a las correas o ganchos ajustables. Este dispensador de alimento es compatible con varios tipos de estaciones de alimentaci\u00f3n y es desmontable. Cada gancho tiene su propia bolsa de almacenamiento, y el dise\u00f1o plegable ahorra espacio al guardar, siendo pr\u00e1ctico como un comedero pajaros y adaptado igualmente a los comederos para pajaros.<br \/>\n&#8211; \ud83e\udda9\u3010Vielseitig Einsetzbar\u3011Este bandeja para semillas de p\u00e1jaros satisface las diferentes necesidades de aves gran\u00edvoras como carboneros, codornices, pinzones, gorriones y escribanos.Contribuye a mantener limpia la zona de alimentaci\u00f3n y le permite observar a las aves en su h\u00e1bitat natural, ofreciendo la versatilidad de los comederos para pajaros y adapt\u00e1ndose igualmente al uso de un comedero pajaros exterior.<\/p>","protected":false},"excerpt":{"rendered":"<p>&#8211; \ud83e\udda9\u3010Material Premium\u3011Los Bandeja para Recoger Semillas de p\u00e1jaros est\u00e1n hechos de Fibra de poli\u00e9ster y metal premium, que no<\/p>","protected":false},"featured_media":0,"comment_status":"open","ping_status":"closed","template":"","meta":[],"product_brand":[],"product_cat":[101],"product_tag":[],"class_list":{"0":"post-40278","1":"product","2":"type-product","3":"status-publish","5":"product_cat-accessories","7":"first","8":"instock","9":"shipping-taxable","10":"product-type-external"},"_links":{"self":[{"href":"https:\/\/comprasyconsejos.store\/en\/wp-json\/wp\/v2\/product\/40278","targetHints":{"allow":["GET"]}}],"collection":[{"href":"https:\/\/comprasyconsejos.store\/en\/wp-json\/wp\/v2\/product"}],"about":[{"href":"https:\/\/comprasyconsejos.store\/en\/wp-json\/wp\/v2\/types\/product"}],"replies":[{"embeddable":true,"href":"https:\/\/comprasyconsejos.store\/en\/wp-json\/wp\/v2\/comments?post=40278"}],"version-history":[{"count":0,"href":"https:\/\/comprasyconsejos.store\/en\/wp-json\/wp\/v2\/product\/40278\/revisions"}],"wp:attachment":[{"href":"https:\/\/comprasyconsejos.store\/en\/wp-json\/wp\/v2\/media?parent=40278"}],"wp:term":[{"taxonomy":"product_brand","embeddable":true,"href":"https:\/\/comprasyconsejos.store\/en\/wp-json\/wp\/v2\/product_brand?post=40278"},{"taxonomy":"product_cat","embeddable":true,"href":"https:\/\/comprasyconsejos.store\/en\/wp-json\/wp\/v2\/product_cat?post=40278"},{"taxonomy":"product_tag","embeddable":true,"href":"https:\/\/comprasyconsejos.store\/en\/wp-json\/wp\/v2\/product_tag?post=40278"}],"curies":[{"name":"wp","href":"https:\/\/api.w.org\/{rel}","templated":true}]}}