{"id":40282,"date":"2026-03-20T12:09:08","date_gmt":"2026-03-20T12:09:08","guid":{"rendered":"https:\/\/comprasyconsejos.store\/product\/caja-de-laberinto-de-fieltro-mental-para-gatos-caja-puzzle-juguetes-gatos-interior-con-3-bolas-de-campana-juego-de-rascador-con-campana-y-laberinto-para-gatos-de-interior-gatitos-y-adultos\/"},"modified":"2026-03-20T12:09:08","modified_gmt":"2026-03-20T12:09:08","slug":"caja-de-laberinto-de-fieltro-mental-para-gatos-caja-puzzle-juguetes-gatos-interior-con-3-bolas-de-campana-juego-de-rascador-con-campana-y-laberinto-para-gatos-de-interior-gatitos-y-adultos","status":"publish","type":"product","link":"https:\/\/comprasyconsejos.store\/en\/product\/caja-de-laberinto-de-fieltro-mental-para-gatos-caja-puzzle-juguetes-gatos-interior-con-3-bolas-de-campana-juego-de-rascador-con-campana-y-laberinto-para-gatos-de-interior-gatitos-y-adultos\/","title":{"rendered":"Caja de laberinto de fieltro mental para gatos, Caja Puzzle Juguetes Gatos Interior con 3 bolas de campana, Juego De Rascador con Campana Y Laberinto, para gatos de interior, gatitos y adultos"},"content":{"rendered":"<p>&#8211; \ud83d\udc31\u3010Estructura s\u00f3lida\u3011Caja de laberinto de fieltro mental para gatos usar felt de alta densidad resiste rasgaduras y raspaduras frecuentes mientras mantiene su forma gracias a m\u00e9todos avanzados de construcci\u00f3n a presi\u00f3n para una durabilidad \u00f3ptima.<br \/>\n&#8211; \ud83d\udc3e\u3010Juguete interactivo para gatos\u3011El Caja de enriquecimiento de rompecabezas para rascar gatos despierta el instinto de caza natural de tu gato con un bolas de campana que proporciona horas de diversi\u00f3n. Mira a tu gato olfatear, rascar y cavar mientras detecta recompensas ocultas.<br \/>\n&#8211; \ud83d\udc31\u3010F\u00e1cil mantenimiento sin herramientas\u3011El Laberinto de fieltro para gatos dise\u00f1o modular permite desmontaje sin herramientas, facilitando una limpieza profunda e higi\u00e9nica. Acceso r\u00e1pido a todas las partes para mantener la higiene y durabilidad, optimizando la conveniencia para due\u00f1os de mascotas.<br \/>\n&#8211; \ud83d\udc3e\u3010Alimentaci\u00f3n lenta\u3011use el Juego de Fieltro para Mascotas no solo para jugar, sino tambi\u00e9n como comedero. Esconde golosinas en la caja de rompecabezas para hacer que la hora de comer sea emocionante, ayuda a ralentizar el comportamiento de alimentaci\u00f3n de su gato y prevenir molestias estomacales.<br \/>\n&#8211; \ud83d\udc31\u3010Amplia aplicaci\u00f3n\u3011Este Caja de laberinto de fieltro mental para gatos est\u00e1 especialmente dise\u00f1ado para gatos y ayuda a liberar el exceso de energ\u00eda. Es ideal para mantener a los gatos aburridos ocupados y reducir la ansiedad.<\/p>","protected":false},"excerpt":{"rendered":"<p>&#8211; \ud83d\udc31\u3010Estructura s\u00f3lida\u3011Caja de laberinto de fieltro mental para gatos usar felt de alta densidad resiste rasgaduras y raspaduras frecuentes<\/p>","protected":false},"featured_media":0,"comment_status":"open","ping_status":"closed","template":"","meta":[],"product_brand":[],"product_cat":[101],"product_tag":[],"class_list":{"0":"post-40282","1":"product","2":"type-product","3":"status-publish","5":"product_cat-accessories","7":"first","8":"instock","9":"shipping-taxable","10":"product-type-external"},"_links":{"self":[{"href":"https:\/\/comprasyconsejos.store\/en\/wp-json\/wp\/v2\/product\/40282","targetHints":{"allow":["GET"]}}],"collection":[{"href":"https:\/\/comprasyconsejos.store\/en\/wp-json\/wp\/v2\/product"}],"about":[{"href":"https:\/\/comprasyconsejos.store\/en\/wp-json\/wp\/v2\/types\/product"}],"replies":[{"embeddable":true,"href":"https:\/\/comprasyconsejos.store\/en\/wp-json\/wp\/v2\/comments?post=40282"}],"version-history":[{"count":0,"href":"https:\/\/comprasyconsejos.store\/en\/wp-json\/wp\/v2\/product\/40282\/revisions"}],"wp:attachment":[{"href":"https:\/\/comprasyconsejos.store\/en\/wp-json\/wp\/v2\/media?parent=40282"}],"wp:term":[{"taxonomy":"product_brand","embeddable":true,"href":"https:\/\/comprasyconsejos.store\/en\/wp-json\/wp\/v2\/product_brand?post=40282"},{"taxonomy":"product_cat","embeddable":true,"href":"https:\/\/comprasyconsejos.store\/en\/wp-json\/wp\/v2\/product_cat?post=40282"},{"taxonomy":"product_tag","embeddable":true,"href":"https:\/\/comprasyconsejos.store\/en\/wp-json\/wp\/v2\/product_tag?post=40282"}],"curies":[{"name":"wp","href":"https:\/\/api.w.org\/{rel}","templated":true}]}}