{"id":40283,"date":"2026-03-20T16:55:18","date_gmt":"2026-03-20T16:55:18","guid":{"rendered":"https:\/\/comprasyconsejos.store\/product\/cuenco-de-ensaladas-frescas-estuche-para-aderezo-de-salsa-a-prueba-de-fugas-diseno-de-cuenco-integrado-de-capas-verticales-salad-pod-caja-de-ensalada-portatil-para-el-hogar-al-aire-libre-viaje\/"},"modified":"2026-03-20T16:55:18","modified_gmt":"2026-03-20T16:55:18","slug":"cuenco-de-ensaladas-frescas-estuche-para-aderezo-de-salsa-a-prueba-de-fugas-diseno-de-cuenco-integrado-de-capas-verticales-salad-pod-caja-de-ensalada-portatil-para-el-hogar-al-aire-libre-viaje","status":"publish","type":"product","link":"https:\/\/comprasyconsejos.store\/en\/product\/cuenco-de-ensaladas-frescas-estuche-para-aderezo-de-salsa-a-prueba-de-fugas-diseno-de-cuenco-integrado-de-capas-verticales-salad-pod-caja-de-ensalada-portatil-para-el-hogar-al-aire-libre-viaje\/","title":{"rendered":"Cuenco de ensaladas frescas, Estuche para aderezo de salsa a prueba de fugas, Dise\u00f1o de cuenco integrado de capas verticales, Salad pod, Caja de ensalada port\u00e1til, para el hogar, al aire libre, viaje"},"content":{"rendered":"<p>&#8211; \ud83e\udd57\u3010Material de alta calidad\u3011Cuenco de ensaladas frescas hecho a mano con materiales, el recipiente para ensaladas es seguro para ti y tu familia. Es f\u00e1cil de limpiar y se puede volver a utilizar tiempos incontables. Dise\u00f1ado pensando en su familia, ofrece una opci\u00f3n fiable para la preparaci\u00f3n de comidas y mantiene sus ensaladas frescas y sabrosas.<br \/>\n&#8211; \ud83e\udd57\u3010Puerta grande de apertura lateral\u3011Estuche para aderezo de salsa a prueba de fugas con una c\u00f3moda puerta de apertura lateral extra\u00edble que transforma tu experiencia de ensalada, que cuenta con una puerta lateral grande. Este dise\u00f1o accesible transforma su experiencia con las ensaladas, ya que permite montarlas r\u00e1pidamente.<br \/>\n&#8211; \ud83e\udd57\u3010Cuenco integrado\u3011Dise\u00f1o de cuenco integrado de capas verticales con una tapa \u00fanica con un taz\u00f3n de ali\u00f1o integrado. Ofrece una innovadora capa vertical que separa las hojas de lechuga, prote\u00ednas y coberturas para evitar la mezcla no deseada hasta que est\u00e9 listo para comer. Esto garantiza comidas frescas y un uso pr\u00e1ctico.<br \/>\n&#8211; \ud83e\udd57\u3010Dise\u00f1o apto para viajar\u3011Dise\u00f1o compacto y f\u00e1cil de transportar, ligera y ergon\u00f3mica, esta c\u00e1psula de ensalada cabe perfectamente en mochilas, bolsas de almuerzo o maletines. Tanto si eres un profesional ocupado como un viajero, disfruta de ensaladas frescas en cualquier lugar sin comprometer el espacio.<br \/>\n&#8211; \ud83e\udd57\u3010Dise\u00f1o vers\u00e1til\u3011Caja de ensalada port\u00e1til con tapa extra\u00edble que se convierte en un cuenco pr\u00e1ctico. ideal para usar en viajes, en un picnic o en la oficina. Esto facilita la comida y ahorra cubiertos o platos adicionales. Viene en colores brillantes y es pr\u00e1ctico y elegante, lo que lo convierte en un gran accesorio de moda para el uso diario.<\/p>","protected":false},"excerpt":{"rendered":"<p>&#8211; \ud83e\udd57\u3010Material de alta calidad\u3011Cuenco de ensaladas frescas hecho a mano con materiales, el recipiente para ensaladas es seguro para<\/p>","protected":false},"featured_media":0,"comment_status":"open","ping_status":"closed","template":"","meta":[],"product_brand":[],"product_cat":[101],"product_tag":[],"class_list":{"0":"post-40283","1":"product","2":"type-product","3":"status-publish","5":"product_cat-accessories","7":"first","8":"instock","9":"shipping-taxable","10":"product-type-external"},"_links":{"self":[{"href":"https:\/\/comprasyconsejos.store\/en\/wp-json\/wp\/v2\/product\/40283","targetHints":{"allow":["GET"]}}],"collection":[{"href":"https:\/\/comprasyconsejos.store\/en\/wp-json\/wp\/v2\/product"}],"about":[{"href":"https:\/\/comprasyconsejos.store\/en\/wp-json\/wp\/v2\/types\/product"}],"replies":[{"embeddable":true,"href":"https:\/\/comprasyconsejos.store\/en\/wp-json\/wp\/v2\/comments?post=40283"}],"version-history":[{"count":0,"href":"https:\/\/comprasyconsejos.store\/en\/wp-json\/wp\/v2\/product\/40283\/revisions"}],"wp:attachment":[{"href":"https:\/\/comprasyconsejos.store\/en\/wp-json\/wp\/v2\/media?parent=40283"}],"wp:term":[{"taxonomy":"product_brand","embeddable":true,"href":"https:\/\/comprasyconsejos.store\/en\/wp-json\/wp\/v2\/product_brand?post=40283"},{"taxonomy":"product_cat","embeddable":true,"href":"https:\/\/comprasyconsejos.store\/en\/wp-json\/wp\/v2\/product_cat?post=40283"},{"taxonomy":"product_tag","embeddable":true,"href":"https:\/\/comprasyconsejos.store\/en\/wp-json\/wp\/v2\/product_tag?post=40283"}],"curies":[{"name":"wp","href":"https:\/\/api.w.org\/{rel}","templated":true}]}}