{"id":40286,"date":"2026-03-22T23:01:43","date_gmt":"2026-03-22T23:01:43","guid":{"rendered":"https:\/\/comprasyconsejos.store\/product\/alljoy-masajeador-de-piernas-presoterapia-masajeador-de-compresion-para-piernas-para-la-circulacion-2-niveles-5-modos-4-intensidades-regalo-hombre-mujer\/"},"modified":"2026-03-22T23:01:43","modified_gmt":"2026-03-22T23:01:43","slug":"alljoy-masajeador-de-piernas-presoterapia-masajeador-de-compresion-para-piernas-para-la-circulacion-2-niveles-5-modos-4-intensidades-regalo-hombre-mujer","status":"publish","type":"product","link":"https:\/\/comprasyconsejos.store\/en\/product\/alljoy-masajeador-de-piernas-presoterapia-masajeador-de-compresion-para-piernas-para-la-circulacion-2-niveles-5-modos-4-intensidades-regalo-hombre-mujer\/","title":{"rendered":"ALLJOY Masajeador de Piernas Presoterapia, Masajeador de Compresi\u00f3n para Piernas para la Circulaci\u00f3n, 2 Niveles 5 Modos 4 Intensidades, Regalo Hombre Mujer"},"content":{"rendered":"<p>&#8211; \u3010MASAJE DE PIERNAS DE COMPRESI\u00d3N DE AIRE PARA LA SALUD\u3011\u00bfEst\u00e1s buscando un regalo atento para la salud? No busques m\u00e1s, este masajeador de piernas est\u00e1 aqu\u00ed para ti. La tecnolog\u00eda de compresi\u00f3n es cient\u00edficamente reconocida por promover la circulaci\u00f3n sangu\u00ednea, beneficiosa para fatiga muscular, calambres, hinchaz\u00f3n y edema. Es ideal para atletas, enfermeras, profesores, pacientes en rehabilitaci\u00f3n y personas mayores<br \/>\n&#8211; \u30105 MODOS DE MASAJE Y 4 INTENSIDADES\u3011El masajeador ALLJOY para piernas cuenta con 2&#215;3 bolsas de aire integradas que proporcionan un masaje envolvente de 360\u00b0 en las piernas. Adem\u00e1s, este masajeador incluye 5 modos de masaje y 4 niveles de intensidad, adapt\u00e1ndose a las necesidades de relajaci\u00f3n de diferentes grupos musculares y a la tolerancia de fuerza de los m\u00fasculos de las piernas. Ayuda a aliviar el dolor muscular, favorece la recuperaci\u00f3n despu\u00e9s del ejercicio y reduce la fatiga<br \/>\n&#8211; \u3010MASAJEADOR DE PIERNAS CON 2 NIVELES DE CALOR\u3011Este masajeador de piernas tiene 2 niveles de calor (42\u00b0C \/ 52\u00b0C) para calentar toda la pierna. La funci\u00f3n de calor tambi\u00e9n puede ayudar a mejorar la retenci\u00f3n de l\u00edquidos en las piernas, aliviar el dolor muscular y promover un mejor sue\u00f1o. Si en verano no necesitas la funci\u00f3n de calor, puedes desactivarla y disfrutar \u00fanicamente del masaje por compresi\u00f3n<br \/>\n&#8211; \u3010TAMA\u00d1O AJUSTABLE \u2013 4 EXTENSIONES\u3011Gracias a su dise\u00f1o con cierre de velcro y 4 extensiones incluidas, se adapta a diferentes tama\u00f1os de piernas, ideal para uso familiar. No necesitas comprar varios masajeadores de distintas tallas para tu familia, uno solo sirve para la mayor\u00eda. Recomendaci\u00f3n: Deja espacio para 4 dedos al colocarte las mangas para evitar un ajuste demasiado apretado durante el funcionamiento del masajeador<br \/>\n&#8211; \u3010APAGADO AUTOM\u00c1TICO A LOS 15 MINUTOS\u3011El masajeador de compresi\u00f3n para piernas ALLJOY cuenta con un temporizador de apagado autom\u00e1tico despu\u00e9s de 15 minutos para evitar sobrecalentamiento o da\u00f1o muscular por un masaje prolongado, garantizando tu seguridad. Puedes usarlo sin preocupaciones, incluso si te quedas dormido o olvidas apagarlo. Si deseas continuar el masaje despu\u00e9s de los 15 minutos, solo debes reiniciarlo<br \/>\n&#8211; \u3010REGALO PERFECTO PARA HOMBRES Y MUJERES\u3011ALLJOY cuida la salud de tus piernas. Es un regalo excelente para familiares o amigos en cumplea\u00f1os, D\u00eda de la Madre, D\u00eda del Padre o Navidad. Tanto t\u00fa como tu familia\/amigos podr\u00e1n aliviar la fatiga y mejorar la salud de las piernas con un masajeador de alta calidad con calor y compresi\u00f3n. Adem\u00e1s, recibir\u00e1s soporte al cliente profesional (respuesta en menos de 24 horas) para cualquier duda sobre su uso<\/p>","protected":false},"excerpt":{"rendered":"<p>&#8211; \u3010MASAJE DE PIERNAS DE COMPRESI\u00d3N DE AIRE PARA LA SALUD\u3011\u00bfEst\u00e1s buscando un regalo atento para la salud? No busques<\/p>","protected":false},"featured_media":0,"comment_status":"open","ping_status":"closed","template":"","meta":[],"product_brand":[],"product_cat":[101],"product_tag":[],"class_list":{"0":"post-40286","1":"product","2":"type-product","3":"status-publish","5":"product_cat-accessories","7":"first","8":"instock","9":"shipping-taxable","10":"product-type-external"},"_links":{"self":[{"href":"https:\/\/comprasyconsejos.store\/en\/wp-json\/wp\/v2\/product\/40286","targetHints":{"allow":["GET"]}}],"collection":[{"href":"https:\/\/comprasyconsejos.store\/en\/wp-json\/wp\/v2\/product"}],"about":[{"href":"https:\/\/comprasyconsejos.store\/en\/wp-json\/wp\/v2\/types\/product"}],"replies":[{"embeddable":true,"href":"https:\/\/comprasyconsejos.store\/en\/wp-json\/wp\/v2\/comments?post=40286"}],"version-history":[{"count":0,"href":"https:\/\/comprasyconsejos.store\/en\/wp-json\/wp\/v2\/product\/40286\/revisions"}],"wp:attachment":[{"href":"https:\/\/comprasyconsejos.store\/en\/wp-json\/wp\/v2\/media?parent=40286"}],"wp:term":[{"taxonomy":"product_brand","embeddable":true,"href":"https:\/\/comprasyconsejos.store\/en\/wp-json\/wp\/v2\/product_brand?post=40286"},{"taxonomy":"product_cat","embeddable":true,"href":"https:\/\/comprasyconsejos.store\/en\/wp-json\/wp\/v2\/product_cat?post=40286"},{"taxonomy":"product_tag","embeddable":true,"href":"https:\/\/comprasyconsejos.store\/en\/wp-json\/wp\/v2\/product_tag?post=40286"}],"curies":[{"name":"wp","href":"https:\/\/api.w.org\/{rel}","templated":true}]}}