{"id":40289,"date":"2026-03-24T09:19:01","date_gmt":"2026-03-24T09:19:01","guid":{"rendered":"https:\/\/comprasyconsejos.store\/product\/extractor-de-leche-electrico-manos-libres-portatil-silencioso-con-4-modos-y-12-niveles-de-succion-extractor-recargable-con-embudo-de-19-21-24-mm-transparente-24-mm\/"},"modified":"2026-03-24T09:19:01","modified_gmt":"2026-03-24T09:19:01","slug":"extractor-de-leche-electrico-manos-libres-portatil-silencioso-con-4-modos-y-12-niveles-de-succion-extractor-recargable-con-embudo-de-19-21-24-mm-transparente-24-mm","status":"publish","type":"product","link":"https:\/\/comprasyconsejos.store\/en\/product\/extractor-de-leche-electrico-manos-libres-portatil-silencioso-con-4-modos-y-12-niveles-de-succion-extractor-recargable-con-embudo-de-19-21-24-mm-transparente-24-mm\/","title":{"rendered":"Extractor de leche el\u00e9ctrico manos libres, port\u00e1til, silencioso, con 4 modos y 12 niveles de succi\u00f3n; extractor recargable con embudo de 19\/21\/24 mm (Transparente, 24 mm)"},"content":{"rendered":"<p>&#8211; Dise\u00f1o Discreto y Port\u00e1til \u2013 Este extractor de leche el\u00e9ctrico se coloca de manera c\u00f3moda y segura dentro de tu sujetador, permitiendo una extracci\u00f3n discreta y con manos libres durante tu rutina diaria. Es ideal para usar en casa, en la oficina o mientras cuidas a tu beb\u00e9. Incluye embudos (copas) en tama\u00f1os de 19 mm, 21 mm y 24 mm para adaptarse a diversas necesidades.<br \/>\n&#8211; Funcionamiento Silencioso y Larga Duraci\u00f3n de Bater\u00eda \u2013 Con un nivel de ruido inferior a 40 dB \u2014comparable a un susurro suave\u2014, este extractor manos libres e inal\u00e1mbrico funciona con una discreci\u00f3n excepcional. Se recarga por completo en tan solo 2 horas aproximadamente, proporcionando energ\u00eda suficiente para 5 o 6 sesiones de extracci\u00f3n. El puerto de carga USB-C garantiza una carga c\u00f3moda y flexible para el uso diario.<br \/>\n&#8211; 4 Modos y 12 Niveles de Succi\u00f3n \u2013 Elige con flexibilidad entre los modos de Masaje, Extracci\u00f3n Suave, Combinaci\u00f3n e Intensivo. Con 12 niveles de intensidad ajustables, el extractor imita el ritmo de succi\u00f3n natural del beb\u00e9 para asegurar un flujo de leche c\u00f3modo. El recipiente de leche de 160 ml ofrece una amplia capacidad, minimizando la necesidad de vaciarlo con frecuencia.<br \/>\n&#8211; F\u00e1cil Limpieza y Materiales Seguros \u2013 Fabricado con silicona de grado alimenticio y libre de BPA. Todas las piezas desmontables son f\u00e1ciles de desarmar y aptas para lavavajillas, lo que hace que la limpieza y el mantenimiento sean excepcionalmente sencillos. (Nota: El motor no debe lavarse).<br \/>\n&#8211; Kit Completo y Servicio al Cliente Confiable \u2013 Contenido del paquete: 2 extractores de leche el\u00e9ctricos (con embudos est\u00e1ndar de 24 mm), 2 adaptadores de embudo (17 \/ 19 \/ 21 mm), 2 v\u00e1lvulas de repuesto, 2 ajustadores de tirantes de sujetador, 2 cables de carga USB Tipo-C, 2 bolsas de almacenamiento y 1 manual de usuario. Nuestro equipo de atenci\u00f3n al cliente estar\u00e1 encantado de ayudarte con cualquier pregunta o inquietud que tengas.<\/p>","protected":false},"excerpt":{"rendered":"<p>&#8211; Dise\u00f1o Discreto y Port\u00e1til \u2013 Este extractor de leche el\u00e9ctrico se coloca de manera c\u00f3moda y segura dentro de<\/p>","protected":false},"featured_media":0,"comment_status":"open","ping_status":"closed","template":"","meta":[],"product_brand":[],"product_cat":[101],"product_tag":[],"class_list":{"0":"post-40289","1":"product","2":"type-product","3":"status-publish","5":"product_cat-accessories","7":"first","8":"instock","9":"shipping-taxable","10":"product-type-external"},"_links":{"self":[{"href":"https:\/\/comprasyconsejos.store\/en\/wp-json\/wp\/v2\/product\/40289","targetHints":{"allow":["GET"]}}],"collection":[{"href":"https:\/\/comprasyconsejos.store\/en\/wp-json\/wp\/v2\/product"}],"about":[{"href":"https:\/\/comprasyconsejos.store\/en\/wp-json\/wp\/v2\/types\/product"}],"replies":[{"embeddable":true,"href":"https:\/\/comprasyconsejos.store\/en\/wp-json\/wp\/v2\/comments?post=40289"}],"version-history":[{"count":0,"href":"https:\/\/comprasyconsejos.store\/en\/wp-json\/wp\/v2\/product\/40289\/revisions"}],"wp:attachment":[{"href":"https:\/\/comprasyconsejos.store\/en\/wp-json\/wp\/v2\/media?parent=40289"}],"wp:term":[{"taxonomy":"product_brand","embeddable":true,"href":"https:\/\/comprasyconsejos.store\/en\/wp-json\/wp\/v2\/product_brand?post=40289"},{"taxonomy":"product_cat","embeddable":true,"href":"https:\/\/comprasyconsejos.store\/en\/wp-json\/wp\/v2\/product_cat?post=40289"},{"taxonomy":"product_tag","embeddable":true,"href":"https:\/\/comprasyconsejos.store\/en\/wp-json\/wp\/v2\/product_tag?post=40289"}],"curies":[{"name":"wp","href":"https:\/\/api.w.org\/{rel}","templated":true}]}}