{"id":40290,"date":"2026-03-24T09:36:49","date_gmt":"2026-03-24T09:36:49","guid":{"rendered":"https:\/\/comprasyconsejos.store\/product\/30g-balsamo-antirozaduraspalo-antifriccionprevenir-rozaduras-y-rozadurascrema-antirozaduras-antifriccion\/"},"modified":"2026-03-24T09:36:49","modified_gmt":"2026-03-24T09:36:49","slug":"30g-balsamo-antirozaduraspalo-antifriccionprevenir-rozaduras-y-rozadurascrema-antirozaduras-antifriccion","status":"publish","type":"product","link":"https:\/\/comprasyconsejos.store\/en\/product\/30g-balsamo-antirozaduraspalo-antifriccionprevenir-rozaduras-y-rozadurascrema-antirozaduras-antifriccion\/","title":{"rendered":"30g B\u00e1lsamo antirozaduras,Palo antifricci\u00f3n,Prevenir Rozaduras y Rozaduras,Crema Antirozaduras Antifriccion"},"content":{"rendered":"<p>&#8211; F\u00f3rmula suave adecuada para uso diario: elaborada con ingredientes respetuosos con la piel y con una textura suave y deslizante que ayuda a reducir las molestias causadas por la fricci\u00f3n.<br \/>\n&#8211; Port\u00e1til y compacto: envase ligero de 40 g,f\u00e1cil de guardar en el bolso o llevar contigo \u2013 listo para actuar contra la fricci\u00f3n tanto en el d\u00eda a d\u00eda,durante el ejercicio o al viajar.<br \/>\n&#8211; Ideal para m\u00faltiples situaciones: protecci\u00f3n eficaz al caminar largas distancias,entrenar o usar calzado nuevo o ropa ajustada,,ideal para zonas propensas al roce como los muslos internos,tobillos y axilas.<\/p>","protected":false},"excerpt":{"rendered":"<p>&#8211; F\u00f3rmula suave adecuada para uso diario: elaborada con ingredientes respetuosos con la piel y con una textura suave y<\/p>","protected":false},"featured_media":0,"comment_status":"open","ping_status":"closed","template":"","meta":[],"product_brand":[],"product_cat":[101],"product_tag":[],"class_list":{"0":"post-40290","1":"product","2":"type-product","3":"status-publish","5":"product_cat-accessories","7":"first","8":"instock","9":"shipping-taxable","10":"product-type-external"},"_links":{"self":[{"href":"https:\/\/comprasyconsejos.store\/en\/wp-json\/wp\/v2\/product\/40290","targetHints":{"allow":["GET"]}}],"collection":[{"href":"https:\/\/comprasyconsejos.store\/en\/wp-json\/wp\/v2\/product"}],"about":[{"href":"https:\/\/comprasyconsejos.store\/en\/wp-json\/wp\/v2\/types\/product"}],"replies":[{"embeddable":true,"href":"https:\/\/comprasyconsejos.store\/en\/wp-json\/wp\/v2\/comments?post=40290"}],"version-history":[{"count":0,"href":"https:\/\/comprasyconsejos.store\/en\/wp-json\/wp\/v2\/product\/40290\/revisions"}],"wp:attachment":[{"href":"https:\/\/comprasyconsejos.store\/en\/wp-json\/wp\/v2\/media?parent=40290"}],"wp:term":[{"taxonomy":"product_brand","embeddable":true,"href":"https:\/\/comprasyconsejos.store\/en\/wp-json\/wp\/v2\/product_brand?post=40290"},{"taxonomy":"product_cat","embeddable":true,"href":"https:\/\/comprasyconsejos.store\/en\/wp-json\/wp\/v2\/product_cat?post=40290"},{"taxonomy":"product_tag","embeddable":true,"href":"https:\/\/comprasyconsejos.store\/en\/wp-json\/wp\/v2\/product_tag?post=40290"}],"curies":[{"name":"wp","href":"https:\/\/api.w.org\/{rel}","templated":true}]}}