{"id":40291,"date":"2026-03-24T09:38:47","date_gmt":"2026-03-24T09:38:47","guid":{"rendered":"https:\/\/comprasyconsejos.store\/product\/240-dias-de-duracioncepillo-de-dientes-electricos-con-8-cabezales-de-repuesto3-modos-de-limpiezaresistencia-al-agua-ipx7recargable-de-bateria-con-2500mahblanco\/"},"modified":"2026-03-24T09:38:47","modified_gmt":"2026-03-24T09:38:47","slug":"240-dias-de-duracioncepillo-de-dientes-electricos-con-8-cabezales-de-repuesto3-modos-de-limpiezaresistencia-al-agua-ipx7recargable-de-bateria-con-2500mahblanco","status":"publish","type":"product","link":"https:\/\/comprasyconsejos.store\/en\/product\/240-dias-de-duracioncepillo-de-dientes-electricos-con-8-cabezales-de-repuesto3-modos-de-limpiezaresistencia-al-agua-ipx7recargable-de-bateria-con-2500mahblanco\/","title":{"rendered":"240 D\u00edas de Duraci\u00f3n,Cepillo de Dientes El\u00e9ctricos con 8 Cabezales de Repuesto,3 Modos de Limpieza,Resistencia al Agua IPX7,Recargable de Bater\u00eda con 2500mAh,Blanco"},"content":{"rendered":"<p>&#8211; 1 Carga = 240 d\u00edas de uso, una verdadera innovaci\u00f3n en la vida de la bater\u00eda de los cepillos de dientes el\u00e9ctricos en el mercado, presenta una gran capacidad de 2500 mAh de bater\u00eda de litio, se mantiene recargable despu\u00e9s de m\u00e1s de 300 ciclos, construido para durar, su excelente rendimiento de la bater\u00eda permite viajar en cualquier momento sin ansiedad por la bater\u00eda, sin cargador o preocupaciones por tener poco poder.<br \/>\n&#8211; 8 Pack de cabezas de reemplazo de cepillado (paquete individual), duran 2 a\u00f1os (1 por 3 meses, 8 por 24 meses), elaborados con cerdas de punta redonda de grado alimenticio que no se deshar\u00e1n, su cabeza de cepillo delivers a gentle yet thorough clean, protecting your tooth enamel and gums.<br \/>\n&#8211; 3 modos de limpieza cl\u00e1sicos: selecciona entre LIMPIEZA, BLANQUEADO y CUIDADO, personaliza tu experiencia de cepillado. Ya sea que necesites un cuidado suave o un impulso de blanqueamiento, este asombroso cepillo de dientes el\u00e9ctrico recargable ofrece una soluci\u00f3n personalizada para cada necesidad de cuidado oral. El modo no significa que m\u00e1s es mejor, todas las necesidades diarias pueden ser resueltas por las 3 opciones cl\u00e1sicas.<br \/>\n&#8211; S\u00faper f\u00e1cil de usar, establece tu propio modo de cepillado al usar por primera vez y comienza a funcionar. Mantiene la configuraci\u00f3n de memoria desde la \u00faltima vez. No hay necesidad de pasar por cada PASO para iniciar o detenerlo.<br \/>\n&#8211; Construido con temporizador inteligente y motor silencioso: el cepillo de dientes s\u00f3nico tiene un temporizador de 2 minutos con intervalos de 30 segundos que asegura que cepillas durante el tiempo \u00f3ptimo, promoviendo los mejores h\u00e1bitos de cuidado dental recomendados por profesionales de la salud oral. Adem\u00e1s, el cepillo de dientes el\u00e9ctrico recargable equipa un motor silencioso que opera en un momento c\u00f3modo de cepillado.<br \/>\n&#8211; Amigable con el cuidado oral, con sus 31,000 vibraciones por minuto, esta frecuencia del cepillo de dientes s\u00f3nico HYCHIKA es sugerida por dentistas como un cepillo de dientes el\u00e9ctrico altamente recomendable para la boca humana, proporcionando una experiencia de cuidado oral refrescante sin irritaci\u00f3n y sensibilidad, y puede ser aceptado por la mayor\u00eda de las personas, incluyendo aquellas con enc\u00edas sensibles.<br \/>\n&#8211; El paquete incluye: 1 cepillo de dientes el\u00e9ctrico s\u00f3nico HYCHIKA; 8 cabezas de cepillo de dientes de alta gama; 1 cable de carga USB-Tipo C; 1 Manual de Instrucciones.<\/p>","protected":false},"excerpt":{"rendered":"<p>&#8211; 1 Carga = 240 d\u00edas de uso, una verdadera innovaci\u00f3n en la vida de la bater\u00eda de los cepillos<\/p>","protected":false},"featured_media":0,"comment_status":"open","ping_status":"closed","template":"","meta":[],"product_brand":[],"product_cat":[101],"product_tag":[],"class_list":{"0":"post-40291","1":"product","2":"type-product","3":"status-publish","5":"product_cat-accessories","7":"first","8":"instock","9":"shipping-taxable","10":"product-type-external"},"_links":{"self":[{"href":"https:\/\/comprasyconsejos.store\/en\/wp-json\/wp\/v2\/product\/40291","targetHints":{"allow":["GET"]}}],"collection":[{"href":"https:\/\/comprasyconsejos.store\/en\/wp-json\/wp\/v2\/product"}],"about":[{"href":"https:\/\/comprasyconsejos.store\/en\/wp-json\/wp\/v2\/types\/product"}],"replies":[{"embeddable":true,"href":"https:\/\/comprasyconsejos.store\/en\/wp-json\/wp\/v2\/comments?post=40291"}],"version-history":[{"count":0,"href":"https:\/\/comprasyconsejos.store\/en\/wp-json\/wp\/v2\/product\/40291\/revisions"}],"wp:attachment":[{"href":"https:\/\/comprasyconsejos.store\/en\/wp-json\/wp\/v2\/media?parent=40291"}],"wp:term":[{"taxonomy":"product_brand","embeddable":true,"href":"https:\/\/comprasyconsejos.store\/en\/wp-json\/wp\/v2\/product_brand?post=40291"},{"taxonomy":"product_cat","embeddable":true,"href":"https:\/\/comprasyconsejos.store\/en\/wp-json\/wp\/v2\/product_cat?post=40291"},{"taxonomy":"product_tag","embeddable":true,"href":"https:\/\/comprasyconsejos.store\/en\/wp-json\/wp\/v2\/product_tag?post=40291"}],"curies":[{"name":"wp","href":"https:\/\/api.w.org\/{rel}","templated":true}]}}