{"id":40292,"date":"2026-03-24T10:59:49","date_gmt":"2026-03-24T10:59:49","guid":{"rendered":"https:\/\/comprasyconsejos.store\/product\/ehomfory-almohada-cervicales-y-cuello%ef%bc%8calmohada-cervical-viscoelastica-2-en-1-almohada-ergonomica-para-dormir-de-lado-boca-arriba-y-boca-abajo\/"},"modified":"2026-03-24T10:59:49","modified_gmt":"2026-03-24T10:59:49","slug":"ehomfory-almohada-cervicales-y-cuello%ef%bc%8calmohada-cervical-viscoelastica-2-en-1-almohada-ergonomica-para-dormir-de-lado-boca-arriba-y-boca-abajo","status":"publish","type":"product","link":"https:\/\/comprasyconsejos.store\/en\/product\/ehomfory-almohada-cervicales-y-cuello%ef%bc%8calmohada-cervical-viscoelastica-2-en-1-almohada-ergonomica-para-dormir-de-lado-boca-arriba-y-boca-abajo\/","title":{"rendered":"Ehomfory Almohada Cervicales y Cuello\uff0cAlmohada Cervical Viscoel\u00e1stica, 2 en 1 Almohada Ergon\u00f3mica para Dormir de Lado, Boca Arriba y Boca Abajo"},"content":{"rendered":"<p>&#8211; \u3010Dise\u00f1o Ergon\u00f3mico\u3011Ehomfory almohada cervicales y cuello cuenta con un dise\u00f1o ergon\u00f3mico avanzado con cinco zonas de contorno \u00fanico dise\u00f1ado para las curvas naturales del cuerpo. La forma c\u00f3ncava en el centro apoya la cabeza y se adapta perfectamente a la curva del cuello, proporcionando un soporte ideal y comodidad para el cuello y los hombros y mejorando la calidad del sue\u00f1o<br \/>\n&#8211; \u3010Premium de Rebote Lento Espuma de Memoria\u3011Nuestra almohada cervical est\u00e1 hecha de espuma de memoria certificada CertiPUR US, que puede proporcionarle un soporte firme, y la propiedad de rebote lento ayuda al producto a recuperar su forma y aumentar su vida \u00fatil. La espuma de memoria que utilizamos garantiza que est\u00e1 libre de sustancias nocivas y puede usarla con confianza<br \/>\n&#8211; \u30102 Alturas Ajustables\u3011Esta almohada cervical tiene dos alturas diferentes para elegir: 9CM y 12CM, asegurando que cada usuario pueda encontrar la posici\u00f3n para dormir m\u00e1s adecuada para s\u00ed mismo. Puede colocar su brazo c\u00f3modamente debajo de la ranura para mejorar su calidad de sue\u00f1o<br \/>\n&#8211; \u3010Funda de Almohada Fresca y Transpirable\u3011Ehomfory almohada de espuma de memoria cuenta con una funda de almohada antimicrobiana extra\u00edble que es OEKO-TEX certificado, transpirable y agradable a la piel, extra\u00edble y lavable a m\u00e1quina. El tejido te mantiene fresco y seco, para que puedas disfrutar de una experiencia de sue\u00f1o c\u00f3moda incluso en los calurosos d\u00edas de verano<br \/>\n&#8211; \u3010Mejor Elecci\u00f3n de Regalo\u3011Esta almohada de espuma con memoria es un regalo considerado para usted, su familia y amigos, el uso a largo plazo mejorar\u00e1 la calidad del sue\u00f1o y la felicidad. Puede probar dormir gratis durante 30 noches, si tiene alguna pregunta, no dude en contactarnos<\/p>","protected":false},"excerpt":{"rendered":"<p>&#8211; \u3010Dise\u00f1o Ergon\u00f3mico\u3011Ehomfory almohada cervicales y cuello cuenta con un dise\u00f1o ergon\u00f3mico avanzado con cinco zonas de contorno \u00fanico dise\u00f1ado<\/p>","protected":false},"featured_media":0,"comment_status":"open","ping_status":"closed","template":"","meta":[],"product_brand":[],"product_cat":[101],"product_tag":[],"class_list":{"0":"post-40292","1":"product","2":"type-product","3":"status-publish","5":"product_cat-accessories","7":"first","8":"instock","9":"shipping-taxable","10":"product-type-external"},"_links":{"self":[{"href":"https:\/\/comprasyconsejos.store\/en\/wp-json\/wp\/v2\/product\/40292","targetHints":{"allow":["GET"]}}],"collection":[{"href":"https:\/\/comprasyconsejos.store\/en\/wp-json\/wp\/v2\/product"}],"about":[{"href":"https:\/\/comprasyconsejos.store\/en\/wp-json\/wp\/v2\/types\/product"}],"replies":[{"embeddable":true,"href":"https:\/\/comprasyconsejos.store\/en\/wp-json\/wp\/v2\/comments?post=40292"}],"version-history":[{"count":0,"href":"https:\/\/comprasyconsejos.store\/en\/wp-json\/wp\/v2\/product\/40292\/revisions"}],"wp:attachment":[{"href":"https:\/\/comprasyconsejos.store\/en\/wp-json\/wp\/v2\/media?parent=40292"}],"wp:term":[{"taxonomy":"product_brand","embeddable":true,"href":"https:\/\/comprasyconsejos.store\/en\/wp-json\/wp\/v2\/product_brand?post=40292"},{"taxonomy":"product_cat","embeddable":true,"href":"https:\/\/comprasyconsejos.store\/en\/wp-json\/wp\/v2\/product_cat?post=40292"},{"taxonomy":"product_tag","embeddable":true,"href":"https:\/\/comprasyconsejos.store\/en\/wp-json\/wp\/v2\/product_tag?post=40292"}],"curies":[{"name":"wp","href":"https:\/\/api.w.org\/{rel}","templated":true}]}}