{"id":40293,"date":"2026-03-24T19:28:03","date_gmt":"2026-03-24T19:28:03","guid":{"rendered":"https:\/\/comprasyconsejos.store\/product\/maykafay-rasqueta-limpiacristales-ducha-limpiacristales-para-ducha-silicona-limpia-cristales-con-gancho-para-ducha-bano-azulejos-espejos-ventanas-21-cm-blanco\/"},"modified":"2026-03-24T19:28:03","modified_gmt":"2026-03-24T19:28:03","slug":"maykafay-rasqueta-limpiacristales-ducha-limpiacristales-para-ducha-silicona-limpia-cristales-con-gancho-para-ducha-bano-azulejos-espejos-ventanas-21-cm-blanco","status":"publish","type":"product","link":"https:\/\/comprasyconsejos.store\/en\/product\/maykafay-rasqueta-limpiacristales-ducha-limpiacristales-para-ducha-silicona-limpia-cristales-con-gancho-para-ducha-bano-azulejos-espejos-ventanas-21-cm-blanco\/","title":{"rendered":"Maykafay Rasqueta Limpiacristales Ducha, Limpiacristales para Ducha, Silicona Limpia Cristales con Gancho, para Ducha, ba\u00f1o, Azulejos, Espejos, Ventanas, 21\u202fcm, Blanco"},"content":{"rendered":"<p>&#8211; Limpiar r\u00e1pidamente las manchas de agua es una buena ayuda en la limpieza diaria: el material profesional de la hoja de silicona garantiza que se deslice sin esfuerzo y elimina instant\u00e1neamente el vapor, las gotas de agua, la cal, los restos de jab\u00f3n y otros residuos l\u00edquidos, sin dejar rayas.<br \/>\n&#8211; Material de silicona: la escobilla de goma para ducha negra presenta un dise\u00f1o de silicona de una sola pieza que no deja espacios para residuos o suciedad, lo que la hace duradera.<br \/>\n&#8211; F\u00e1cil instalaci\u00f3n: esta escobilla de ducha de silicona viene con la correa y le proporcionamos un gancho de silicona. Hay dos m\u00e9todos para colgar. No requiere taladrar ni pegar, es f\u00e1cil de quitar y reinstalar. F\u00e1cil de guardar, colgar y secar r\u00e1pidamente, ahorrando espacio.<br \/>\n&#8211; Mango ergon\u00f3mico antideslizante: el exclusivo dise\u00f1o en \u00e1ngulo de 145\u00b0, su forma r\u00edgida y ancha, su peso equilibrado, su superficie de f\u00e1cil agarre y su revestimiento de silicona suave al tacto hacen que el mango sea c\u00f3modo de sostener incluso cuando est\u00e1 mojado. Dimensiones del producto: L \u00d7 W \u00d7 H: 22 \u00d7 21 cm; Longitud de la hoja: 21 cm; Di\u00e1metro del gancho: 6 cm<br \/>\n&#8211; Escobilla de ducha multifuncional: esta escobilla de ducha con soporte es perfecta para ventanas del hogar, paredes de ba\u00f1os, azulejos de ba\u00f1os, espejos antiniebla, paredes de duchas, ventanas de autom\u00f3viles y m\u00e1s.<\/p>","protected":false},"excerpt":{"rendered":"<p>&#8211; Limpiar r\u00e1pidamente las manchas de agua es una buena ayuda en la limpieza diaria: el material profesional de la<\/p>","protected":false},"featured_media":0,"comment_status":"open","ping_status":"closed","template":"","meta":[],"product_brand":[],"product_cat":[101],"product_tag":[],"class_list":{"0":"post-40293","1":"product","2":"type-product","3":"status-publish","5":"product_cat-accessories","7":"first","8":"instock","9":"shipping-taxable","10":"product-type-external"},"_links":{"self":[{"href":"https:\/\/comprasyconsejos.store\/en\/wp-json\/wp\/v2\/product\/40293","targetHints":{"allow":["GET"]}}],"collection":[{"href":"https:\/\/comprasyconsejos.store\/en\/wp-json\/wp\/v2\/product"}],"about":[{"href":"https:\/\/comprasyconsejos.store\/en\/wp-json\/wp\/v2\/types\/product"}],"replies":[{"embeddable":true,"href":"https:\/\/comprasyconsejos.store\/en\/wp-json\/wp\/v2\/comments?post=40293"}],"version-history":[{"count":0,"href":"https:\/\/comprasyconsejos.store\/en\/wp-json\/wp\/v2\/product\/40293\/revisions"}],"wp:attachment":[{"href":"https:\/\/comprasyconsejos.store\/en\/wp-json\/wp\/v2\/media?parent=40293"}],"wp:term":[{"taxonomy":"product_brand","embeddable":true,"href":"https:\/\/comprasyconsejos.store\/en\/wp-json\/wp\/v2\/product_brand?post=40293"},{"taxonomy":"product_cat","embeddable":true,"href":"https:\/\/comprasyconsejos.store\/en\/wp-json\/wp\/v2\/product_cat?post=40293"},{"taxonomy":"product_tag","embeddable":true,"href":"https:\/\/comprasyconsejos.store\/en\/wp-json\/wp\/v2\/product_tag?post=40293"}],"curies":[{"name":"wp","href":"https:\/\/api.w.org\/{rel}","templated":true}]}}