{"id":40297,"date":"2026-03-25T12:24:13","date_gmt":"2026-03-25T12:24:13","guid":{"rendered":"https:\/\/comprasyconsejos.store\/product\/pthtechus-reloj-inteligente-ninos-con-llamadas-bluetooth-183-hd-smartwatch-nino-ninas-con-100-modos-deporte-sueno-podometro-reloj-nino-regalos-para-ninos-ninas-4-12-anos-negro\/"},"modified":"2026-03-25T12:24:13","modified_gmt":"2026-03-25T12:24:13","slug":"pthtechus-reloj-inteligente-ninos-con-llamadas-bluetooth-183-hd-smartwatch-nino-ninas-con-100-modos-deporte-sueno-podometro-reloj-nino-regalos-para-ninos-ninas-4-12-anos-negro","status":"publish","type":"product","link":"https:\/\/comprasyconsejos.store\/en\/product\/pthtechus-reloj-inteligente-ninos-con-llamadas-bluetooth-183-hd-smartwatch-nino-ninas-con-100-modos-deporte-sueno-podometro-reloj-nino-regalos-para-ninos-ninas-4-12-anos-negro\/","title":{"rendered":"PTHTECHUS Reloj Inteligente Ni\u00f1os con Llamadas Bluetooth, 1,83&#8243; HD Smartwatch Ni\u00f1o Ni\u00f1as con 100+ Modos Deporte, Sue\u00f1o, Pod\u00f3metro, Reloj Ni\u00f1o Regalos para Ni\u00f1os Ni\u00f1as 4-12 a\u00f1os (Negro)"},"content":{"rendered":"<p>&#8211; \u30101.83&#8243; Pantalla T\u00e1ctil Completa y Esfera Personalizada\u3011El Reloj Inteligente Ni\u00f1o Ni\u00f1a viene con una pantalla TFT-LCD de 1.83 pulgadas que proporciona una profundidad de color incre\u00edble y una claridad excepcional. Despu\u00e9s de conectarse con su tel\u00e9fono, puede elegir entre m\u00e1s de 100 pantallas de reloj o elegir su foto para configurarla como fondo de pantalla. La resoluci\u00f3n de 240 * 284 y el brillo de la pantalla ajustable hacen que el smartwatch infantil sea f\u00e1cil de leer bajo el sol.<br \/>\n&#8211; \u3010Multifuncional Reloj Inteligente Ni\u00f1o\u3011Este smartwatch Ni\u00f1os proporciona una serie de funciones \u00edntimas: Pulsera de actividad (pod\u00f3metro, calor\u00edas), monitor de frecuencia card\u00edaca, monitoreo del sue\u00f1o, 37 modos de deporte, mensajes SMS y APP(WhatsAPP, Facebook, Messenger&#8230;), visualizaci\u00f3n de la hora, control remoto de m\u00fasica y c\u00e1maras, pron\u00f3stico del tiempo, recordatorio sedentario, alarma, cron\u00f3metro, encontrar tel\u00e9fono, ajuste de brillo, etc.<br \/>\n&#8211; \u3010Monitoreo autom\u00e1tico de frecuencia card\u00edaca y sue\u00f1o\u3011 reloj inteligente para ni\u00f1os de admite la detecci\u00f3n de la frecuencia card\u00edaca las 24 horas y la sue\u00f1o monitores. tambi\u00e9n registra el sue\u00f1o del ni\u00f1o (profundo,ligero y vigilia). Adem\u00e1s, La alarma vibratoria puede despertar a su hijo sin molestar a los dem\u00e1s y ayudarlo a desarrollar buenos h\u00e1bitos de sue\u00f1o.<br \/>\n&#8211; \u3010100 + Modos Deportivos\u3011relojes inteligentes ni\u00f1os ofrece 37 modos deportivos, como caminar, correr, andar en bicicleta, yoga, Saltar, b\u00e1dminton, baloncesto, f\u00fatbol, tenis etc, Realice un seguimiento preciso de las m\u00e9tricas diarias de su hijo, como pasos, tiempo, distancia y calor\u00edas quemadas.<br \/>\n&#8211; \u3010Regalos para ni\u00f1os, ni\u00f1as y adolescentes\u3011 Reloj de fitness est\u00e1 equipado con el bater\u00eda de gran capacidad de 240mAh y chip de baja energ\u00eda Bluetooth. Carga r\u00e1pida magn\u00e9tica, s\u00f3lo 2h de carga, hasta 6 d\u00edas de uso, Perfecto para regalos de cumplea\u00f1os para ni\u00f1os, regalos de Navidad o todo tipo de regalos navide\u00f1os. Si tiene alg\u00fan problema, contacto con nosotros. Le ayudaremos en un plazo de 12h en d\u00edas laborables.<\/p>","protected":false},"excerpt":{"rendered":"<p>&#8211; \u30101.83&#8243; Pantalla T\u00e1ctil Completa y Esfera Personalizada\u3011El Reloj Inteligente Ni\u00f1o Ni\u00f1a viene con una pantalla TFT-LCD de 1.83 pulgadas<\/p>","protected":false},"featured_media":0,"comment_status":"open","ping_status":"closed","template":"","meta":[],"product_brand":[],"product_cat":[101],"product_tag":[],"class_list":{"0":"post-40297","1":"product","2":"type-product","3":"status-publish","5":"product_cat-accessories","7":"first","8":"instock","9":"shipping-taxable","10":"product-type-external"},"_links":{"self":[{"href":"https:\/\/comprasyconsejos.store\/en\/wp-json\/wp\/v2\/product\/40297","targetHints":{"allow":["GET"]}}],"collection":[{"href":"https:\/\/comprasyconsejos.store\/en\/wp-json\/wp\/v2\/product"}],"about":[{"href":"https:\/\/comprasyconsejos.store\/en\/wp-json\/wp\/v2\/types\/product"}],"replies":[{"embeddable":true,"href":"https:\/\/comprasyconsejos.store\/en\/wp-json\/wp\/v2\/comments?post=40297"}],"version-history":[{"count":0,"href":"https:\/\/comprasyconsejos.store\/en\/wp-json\/wp\/v2\/product\/40297\/revisions"}],"wp:attachment":[{"href":"https:\/\/comprasyconsejos.store\/en\/wp-json\/wp\/v2\/media?parent=40297"}],"wp:term":[{"taxonomy":"product_brand","embeddable":true,"href":"https:\/\/comprasyconsejos.store\/en\/wp-json\/wp\/v2\/product_brand?post=40297"},{"taxonomy":"product_cat","embeddable":true,"href":"https:\/\/comprasyconsejos.store\/en\/wp-json\/wp\/v2\/product_cat?post=40297"},{"taxonomy":"product_tag","embeddable":true,"href":"https:\/\/comprasyconsejos.store\/en\/wp-json\/wp\/v2\/product_tag?post=40297"}],"curies":[{"name":"wp","href":"https:\/\/api.w.org\/{rel}","templated":true}]}}