{"id":40299,"date":"2026-03-25T13:52:26","date_gmt":"2026-03-25T13:52:26","guid":{"rendered":"https:\/\/comprasyconsejos.store\/product\/cargador-rapido-cable-para-samsung-galaxy-a16-a15-a05s-a55-a35-a54-a53-a25-a50-a51-a23-a33-a13-a12-a21s-a04s-a20e-a32-a40-a41-s10-cargador-und-1-5m-cable\/"},"modified":"2026-03-25T13:52:26","modified_gmt":"2026-03-25T13:52:26","slug":"cargador-rapido-cable-para-samsung-galaxy-a16-a15-a05s-a55-a35-a54-a53-a25-a50-a51-a23-a33-a13-a12-a21s-a04s-a20e-a32-a40-a41-s10-cargador-und-1-5m-cable","status":"publish","type":"product","link":"https:\/\/comprasyconsejos.store\/en\/product\/cargador-rapido-cable-para-samsung-galaxy-a16-a15-a05s-a55-a35-a54-a53-a25-a50-a51-a23-a33-a13-a12-a21s-a04s-a20e-a32-a40-a41-s10-cargador-und-1-5m-cable\/","title":{"rendered":"Cargador rapido Cable para Samsung Galaxy A16\/A15\/A05S\/A55\/A35\/A54\/A53\/\/A25\/A50\/A51\/A23\/A33\/A13\/A12\/A21S\/A04S\/A20e\/A32\/A40\/A41\/S10, Cargador und 1.5M Cable"},"content":{"rendered":"<p>&#8211; El cable de 1,5 metros es 1,5 veces m\u00e1s largo que el cable est\u00e1ndar. Se puede usar c\u00f3modamente en la cama, en el sof\u00e1 o debajo de la Mesa. Disfrute de la comodidad tra\u00edda por los cables largos.<br \/>\n&#8211; Cargador r\u00e1pido: equipado con el Protocolo de carga r\u00e1pida qc3.0, admite carga r\u00e1pida, el cargador r\u00e1pido es muy adecuado para la carga de emergencia.<br \/>\n&#8211; M\u00faltiples medidas de protecci\u00f3n de seguridad, protecci\u00f3n de cortocircuitos, protecci\u00f3n de sobretensi\u00f3n, protecci\u00f3n de sobrecorriente, carga completa para detener autom\u00e1ticamente la carga. Aseg\u00farese de que la carga sea segura cuando nadie est\u00e9 presente.<br \/>\n&#8211; Compatible con Samsung Galaxy A16\/A15\/A14\/A25\/A34\/A35\/A05S\/A55\/A54\/A53\/A52\/A13\/A12\/A21S\/A04S\/A20e\/A23\/A32\/A33\/A40\/A41\/A42\/A50\/A51\/S10\/S10E\/S9\/S8\/Note 10\/Note 9<br \/>\n&#8211; Tres modos de salida de voltaje (5 voltios \/ 9 voltios \/ 12 voltios), m\u00faltiples protocolos de carga, lo que le permite cargar tel\u00e9fonos nuevos o viejos.<br \/>\n&#8211; El embalaje incluye: Cargador, Cable USB C de 1,5 metros.<\/p>","protected":false},"excerpt":{"rendered":"<p>&#8211; El cable de 1,5 metros es 1,5 veces m\u00e1s largo que el cable est\u00e1ndar. Se puede usar c\u00f3modamente en<\/p>","protected":false},"featured_media":0,"comment_status":"open","ping_status":"closed","template":"","meta":[],"product_brand":[],"product_cat":[101],"product_tag":[],"class_list":{"0":"post-40299","1":"product","2":"type-product","3":"status-publish","5":"product_cat-accessories","7":"first","8":"instock","9":"shipping-taxable","10":"product-type-external"},"_links":{"self":[{"href":"https:\/\/comprasyconsejos.store\/en\/wp-json\/wp\/v2\/product\/40299","targetHints":{"allow":["GET"]}}],"collection":[{"href":"https:\/\/comprasyconsejos.store\/en\/wp-json\/wp\/v2\/product"}],"about":[{"href":"https:\/\/comprasyconsejos.store\/en\/wp-json\/wp\/v2\/types\/product"}],"replies":[{"embeddable":true,"href":"https:\/\/comprasyconsejos.store\/en\/wp-json\/wp\/v2\/comments?post=40299"}],"version-history":[{"count":0,"href":"https:\/\/comprasyconsejos.store\/en\/wp-json\/wp\/v2\/product\/40299\/revisions"}],"wp:attachment":[{"href":"https:\/\/comprasyconsejos.store\/en\/wp-json\/wp\/v2\/media?parent=40299"}],"wp:term":[{"taxonomy":"product_brand","embeddable":true,"href":"https:\/\/comprasyconsejos.store\/en\/wp-json\/wp\/v2\/product_brand?post=40299"},{"taxonomy":"product_cat","embeddable":true,"href":"https:\/\/comprasyconsejos.store\/en\/wp-json\/wp\/v2\/product_cat?post=40299"},{"taxonomy":"product_tag","embeddable":true,"href":"https:\/\/comprasyconsejos.store\/en\/wp-json\/wp\/v2\/product_tag?post=40299"}],"curies":[{"name":"wp","href":"https:\/\/api.w.org\/{rel}","templated":true}]}}