{"id":40302,"date":"2026-03-25T22:04:09","date_gmt":"2026-03-25T22:04:09","guid":{"rendered":"https:\/\/comprasyconsejos.store\/product\/camara-de-video-4k-videocamara-con-zoom-digital-16x-vision-nocturna-webcam-pantalla-tactil-giratoria-de-3-y-270-camcorder-video-camera-vlog-con-tarjeta-sd-de-32-gb-remoto-luz-de-relleno\/"},"modified":"2026-03-25T22:04:09","modified_gmt":"2026-03-25T22:04:09","slug":"camara-de-video-4k-videocamara-con-zoom-digital-16x-vision-nocturna-webcam-pantalla-tactil-giratoria-de-3-y-270-camcorder-video-camera-vlog-con-tarjeta-sd-de-32-gb-remoto-luz-de-relleno","status":"publish","type":"product","link":"https:\/\/comprasyconsejos.store\/en\/product\/camara-de-video-4k-videocamara-con-zoom-digital-16x-vision-nocturna-webcam-pantalla-tactil-giratoria-de-3-y-270-camcorder-video-camera-vlog-con-tarjeta-sd-de-32-gb-remoto-luz-de-relleno\/","title":{"rendered":"C\u00e1mara de v\u00eddeo 4K Videocamara con Zoom Digital 16X visi\u00f3n Nocturna, Webcam, Pantalla t\u00e1ctil giratoria de 3&#8243; y 270\u00b0, Camcorder Video Camera vlog con Tarjeta SD de 32 GB, Remoto, luz de Relleno"},"content":{"rendered":"<p>&#8211; Videoc\u00e1mara 4K con im\u00e1genes de 48 MP: Esta camcorder video camera produce una resoluci\u00f3n de video 4K e im\u00e1genes de 48 MP. En comparaci\u00f3n con las c\u00e1maras HD, la videocamara 4k ofrece una calidad de imagen m\u00e1s n\u00edtida y realista. La camara de video cuenta con una pantalla t\u00e1ctil IPS de 3.0 pulgadas con rotaci\u00f3n de 270\u00b0 y zoom digital de 16x (Nota: Esta camara video no admite enfoque autom\u00e1tico ni manual, por lo que la distancia \u00f3ptima de disparo es de 0.6 metros o m\u00e1s). La videocamara NO es resistente al agua. Evite el contacto con agua u otros l\u00edquidos.<br \/>\n&#8211; C\u00e1mara video multifuncional 4K que graba mientras se carga: Esta camara vlog 4K incluye una bater\u00eda recargable de alta capacidad (1800 mAh). Una bater\u00eda completamente cargada proporciona entre 150 y 180 minutos de grabaci\u00f3n. Incluye carga durante la grabaci\u00f3n, grabaci\u00f3n en bucle, grabaci\u00f3n continua, grabaci\u00f3n de video time-lapse, c\u00e1mara lenta y m\u00e1s. Ideal para festivales, cumplea\u00f1os, graduaciones, bodas y fiestas. Esta camara de video 4k est\u00e1 dise\u00f1ada para fot\u00f3grafos aficionados, no para usuarios profesionales.<br \/>\n&#8211; Visi\u00f3n nocturna por infrarrojos y control remoto: la funci\u00f3n de visi\u00f3n nocturna por infrarrojos le permite capturar fotograf\u00edas y v\u00eddeos n\u00edtidos en blanco y negro en condiciones de poca luz. La camara para grabar videos viene de serie con una interfaz roscada de 1\/4&#8243;. Puede montar un tr\u00edpode (no incluido) en la c\u00e1mara de video en modo est\u00e1ndar, y la c\u00e1mara video incluye un control remoto. Para usar el control remoto, abra la handycam, mire al lente de la vlogging camera y col\u00f3quese a menos de 8 metros.<br \/>\n&#8211; Funci\u00f3n de c\u00e1mara web: La camara video 4k cuenta con funci\u00f3n de c\u00e1mara web. Puede usar un cable USB (incluido) para conectarla a su computadora mediante el modo PC CAM y transmitir videos en tiempo real a YouTube, Facebook o Skype, o hacer videollamadas con amigos y familiares. Tambi\u00e9n admite un micr\u00f3fono externo (no incluido) a trav\u00e9s de una entrada MIC. Debido a las limitaciones del sistema de archivos FAT32, cada archivo de video puede tener un tama\u00f1o m\u00e1ximo de 4 GB. Por lo tanto, los videos largos se dividir\u00e1n autom\u00e1ticamente en videoclips de 15 a 20 minutos.<br \/>\n&#8211; Contenido del paquete y servicio al cliente: La camara video 4k profesional incluye una bater\u00eda, una tarjeta SD de 32 GB, un cable USB, un control remoto, un estuche de transporte y un manual de usuario. El manual incluido. Est\u00e1 en ingl\u00e9s. Si necesita el manual en otros idiomas, cont\u00e1ctenos o escanee el c\u00f3digo QR del paquete para descargar la versi\u00f3n electr\u00f3nica. La camara video mini dv es f\u00e1cil de usar y enciende la pantalla al encenderla.<\/p>","protected":false},"excerpt":{"rendered":"<p>&#8211; Videoc\u00e1mara 4K con im\u00e1genes de 48 MP: Esta camcorder video camera produce una resoluci\u00f3n de video 4K e im\u00e1genes<\/p>","protected":false},"featured_media":0,"comment_status":"open","ping_status":"closed","template":"","meta":[],"product_brand":[],"product_cat":[101],"product_tag":[],"class_list":{"0":"post-40302","1":"product","2":"type-product","3":"status-publish","5":"product_cat-accessories","7":"first","8":"instock","9":"sale","10":"shipping-taxable","11":"product-type-external"},"_links":{"self":[{"href":"https:\/\/comprasyconsejos.store\/en\/wp-json\/wp\/v2\/product\/40302","targetHints":{"allow":["GET"]}}],"collection":[{"href":"https:\/\/comprasyconsejos.store\/en\/wp-json\/wp\/v2\/product"}],"about":[{"href":"https:\/\/comprasyconsejos.store\/en\/wp-json\/wp\/v2\/types\/product"}],"replies":[{"embeddable":true,"href":"https:\/\/comprasyconsejos.store\/en\/wp-json\/wp\/v2\/comments?post=40302"}],"version-history":[{"count":0,"href":"https:\/\/comprasyconsejos.store\/en\/wp-json\/wp\/v2\/product\/40302\/revisions"}],"wp:attachment":[{"href":"https:\/\/comprasyconsejos.store\/en\/wp-json\/wp\/v2\/media?parent=40302"}],"wp:term":[{"taxonomy":"product_brand","embeddable":true,"href":"https:\/\/comprasyconsejos.store\/en\/wp-json\/wp\/v2\/product_brand?post=40302"},{"taxonomy":"product_cat","embeddable":true,"href":"https:\/\/comprasyconsejos.store\/en\/wp-json\/wp\/v2\/product_cat?post=40302"},{"taxonomy":"product_tag","embeddable":true,"href":"https:\/\/comprasyconsejos.store\/en\/wp-json\/wp\/v2\/product_tag?post=40302"}],"curies":[{"name":"wp","href":"https:\/\/api.w.org\/{rel}","templated":true}]}}