{"id":40303,"date":"2026-03-26T07:28:41","date_gmt":"2026-03-26T07:28:41","guid":{"rendered":"https:\/\/comprasyconsejos.store\/product\/hychika-tijeras-de-podar-telescopicas-99cm-telescopic-pruning-shears-tijera-de-ahorro-de-trabajo-con-cuchillas-afiladas-diametro-de-corte-o50-mm-max-para-ramas-frescas-y-marchitas\/"},"modified":"2026-03-26T07:28:41","modified_gmt":"2026-03-26T07:28:41","slug":"hychika-tijeras-de-podar-telescopicas-99cm-telescopic-pruning-shears-tijera-de-ahorro-de-trabajo-con-cuchillas-afiladas-diametro-de-corte-o50-mm-max-para-ramas-frescas-y-marchitas","status":"publish","type":"product","link":"https:\/\/comprasyconsejos.store\/en\/product\/hychika-tijeras-de-podar-telescopicas-99cm-telescopic-pruning-shears-tijera-de-ahorro-de-trabajo-con-cuchillas-afiladas-diametro-de-corte-o50-mm-max-para-ramas-frescas-y-marchitas\/","title":{"rendered":"HYCHIKA Tijeras de Podar Telescopicas 99CM, Telescopic Pruning Shears, Tijera de Ahorro de Trabajo con Cuchillas Afiladas, Di\u00e1metro de Corte: \u00d850 mm max., para Ramas Frescas y Marchitas"},"content":{"rendered":"<p>&#8211; Longitud ajustable: Las tijeras de podar de mano cuentan con un dise\u00f1o extensible con cinco posiciones ajustables. Basta con pulsar el bot\u00f3n extensible para ajustar la longitud, que puede extenderse hasta 99 cm. El mango se puede bloquear a una longitud fija, lo que permite cortar f\u00e1cilmente ramas a distancia o en altura sin necesidad de una escalera.<br \/>\n&#8211; Hoja de acero de alta calidad: la hoja est\u00e1 fabricada en acero con alto contenido en carbono y tratada t\u00e9rmicamente para mayor resistencia, afilado, prevenci\u00f3n contra el \u00f3xido y durabilidad. Su revestimiento antideslizante reduce la fricci\u00f3n para lograr un corte limpio y preciso sin preocuparse por que la hoja se doble, se rompa o se deforme, y con una vida \u00fatil m\u00e1s larga.<br \/>\n&#8211; Dise\u00f1o del engranaje: Las podadora telescopica manual cuentan con un dise\u00f1o de engranaje que aumenta la fuerza aplicada a las cuchillas, lo que proporciona un excelente rendimiento de corte y permite una poda r\u00e1pida y precisa, haci\u00e9ndola m\u00e1s eficiente y menos fatigante.<br \/>\n&#8211; Mango c\u00f3modo y antideslizante: Las Telescopic Pruning Shears cuentan con un mango ergon\u00f3mico fabricado en aluminio ligero. El mango est\u00e1 recubierto de goma para evitar eficazmente que se resbale, lo que proporciona un agarre seguro y c\u00f3modo para un mejor control durante su uso. Esto le permite cortar y podar durante largos periodos de tiempo sin molestias, lo que mejora la eficiencia.<br \/>\n&#8211; Vers\u00e1tiles: Las Tijera Podar Telescopica tienen un dise\u00f1o en forma de boca de tibur\u00f3n y pueden cortar ramas de hasta 50 mm de di\u00e1metro. Son ideales para el paisajismo y el mantenimiento de jardines, adecuadas para podar ramas gruesas, \u00e1rboles frutales, plantas en macetas, arbustos, setos y ramas secas. Son la elecci\u00f3n perfecta para profesionales y aficionados a la jardiner\u00eda.<\/p>","protected":false},"excerpt":{"rendered":"<p>&#8211; Longitud ajustable: Las tijeras de podar de mano cuentan con un dise\u00f1o extensible con cinco posiciones ajustables. Basta con<\/p>","protected":false},"featured_media":0,"comment_status":"open","ping_status":"closed","template":"","meta":[],"product_brand":[],"product_cat":[101],"product_tag":[],"class_list":{"0":"post-40303","1":"product","2":"type-product","3":"status-publish","5":"product_cat-accessories","7":"first","8":"instock","9":"sale","10":"shipping-taxable","11":"product-type-external"},"_links":{"self":[{"href":"https:\/\/comprasyconsejos.store\/en\/wp-json\/wp\/v2\/product\/40303","targetHints":{"allow":["GET"]}}],"collection":[{"href":"https:\/\/comprasyconsejos.store\/en\/wp-json\/wp\/v2\/product"}],"about":[{"href":"https:\/\/comprasyconsejos.store\/en\/wp-json\/wp\/v2\/types\/product"}],"replies":[{"embeddable":true,"href":"https:\/\/comprasyconsejos.store\/en\/wp-json\/wp\/v2\/comments?post=40303"}],"version-history":[{"count":0,"href":"https:\/\/comprasyconsejos.store\/en\/wp-json\/wp\/v2\/product\/40303\/revisions"}],"wp:attachment":[{"href":"https:\/\/comprasyconsejos.store\/en\/wp-json\/wp\/v2\/media?parent=40303"}],"wp:term":[{"taxonomy":"product_brand","embeddable":true,"href":"https:\/\/comprasyconsejos.store\/en\/wp-json\/wp\/v2\/product_brand?post=40303"},{"taxonomy":"product_cat","embeddable":true,"href":"https:\/\/comprasyconsejos.store\/en\/wp-json\/wp\/v2\/product_cat?post=40303"},{"taxonomy":"product_tag","embeddable":true,"href":"https:\/\/comprasyconsejos.store\/en\/wp-json\/wp\/v2\/product_tag?post=40303"}],"curies":[{"name":"wp","href":"https:\/\/api.w.org\/{rel}","templated":true}]}}