{"id":40304,"date":"2026-03-26T10:09:16","date_gmt":"2026-03-26T10:09:16","guid":{"rendered":"https:\/\/comprasyconsejos.store\/product\/pistola-pintura-500w-hvlp-pulverizador-electrico-con-contenedor-de-800ml-flujo-y-angulo-de-rociado-ajustables-con-cable\/"},"modified":"2026-03-26T10:09:16","modified_gmt":"2026-03-26T10:09:16","slug":"pistola-pintura-500w-hvlp-pulverizador-electrico-con-contenedor-de-800ml-flujo-y-angulo-de-rociado-ajustables-con-cable","status":"publish","type":"product","link":"https:\/\/comprasyconsejos.store\/en\/product\/pistola-pintura-500w-hvlp-pulverizador-electrico-con-contenedor-de-800ml-flujo-y-angulo-de-rociado-ajustables-con-cable\/","title":{"rendered":"Pistola Pintura, 500W HVLP Pulverizador El\u00e9ctrico con Contenedor de 800ml, Flujo y \u00c1ngulo de Rociado Ajustables (con Cable)"},"content":{"rendered":"<p>&#8211; \u3010Motor de 500 W &amp; Capacidad de 800 ml\u3011Con una potencia de 500W y una gran capacidad de 800ML, pistola para pintar est\u00e1 dise\u00f1ado para aumentar la eficiencia, mejorar la atomizaci\u00f3n y reducir el exceso de pulverizaci\u00f3n. Esta herramienta ser\u00e1 m\u00e1s r\u00e1pida que un rodillo o un pincel, ahorr\u00e1ndole mucho tiempo en su trabajo de bricolaje. El dise\u00f1o a prueba de polvo evita que las part\u00edculas da\u00f1inas entren en el motor, asegurando la longevidad del pistola par pintar.<br \/>\n&#8211; \u30104 boquillas &amp; 3 modos de pulverizaci\u00f3n\u3011Pistola de pintura electrica de 800W est\u00e1 equipado con 4 boquillas de diferentes tama\u00f1os (1,0 mm, 1,5mm, 1,8mm, 2,5mm), adecuadas para la mayor\u00eda de los proyectos de pintura, como muebles, camionetas, paredes, puertas, mesas y sillas de jard\u00edn, etc. Puede ser ajustado para 3 modos de pulverizaci\u00f3n diferentes: horizontal, vertical y circular, haci\u00e9ndolo adecuado para una amplia gama de escenarios de aplicaci\u00f3n.<br \/>\n&#8211; \u3010Control de flujo ajustable\u3011La tasa de flujo de pistola de pintar es de 0-800 ml\/min. La salida de pintura puede ser controlada ajustando el bot\u00f3n de control de flujo para adaptarse a proyectos diversos. De acuerdo con diferentes requisitos de efecto de pulverizaci\u00f3n, un control razonable del flujo de pintura puede lograr mejores resultados y evitar el desperdicio de pintura.<br \/>\n&#8211; \u3010F\u00e1cil de usar &amp; limpiar\u3011Pistola de pintar electrica se puede montar y desmontar f\u00e1cilmente sin herramientas, por lo que puede completar f\u00e1cilmente el trabajo de limpieza, adem\u00e1s viene con un cepillo de limpieza y una aguja de boquilla para eliminar cualquier pintura endurecida que quede en la m\u00e1quina. (Nota: Por favor, limpie inmediatamente despu\u00e9s de su uso para garantizar un uso normal la pr\u00f3xima vez).<br \/>\n&#8211; \u3010Amplia aplicaci\u00f3n\u3011Pistola pintar electrica es adecuado para la mayor\u00eda de los proyectos de pintura, como paredes, muebles, cercas, decoraciones, gabinetes, artesan\u00edas, techos, puertas, mesas y sillas de jard\u00edn, etc. La viscosidad m\u00e1xima de hasta 100DIN-s lo hace adecuado para una amplia gama de materiales como pinturas de l\u00e1tex diluidas, tizas, manchas, sellantes y barnices.<\/p>","protected":false},"excerpt":{"rendered":"<p>&#8211; \u3010Motor de 500 W &amp; Capacidad de 800 ml\u3011Con una potencia de 500W y una gran capacidad de 800ML,<\/p>","protected":false},"featured_media":0,"comment_status":"open","ping_status":"closed","template":"","meta":[],"product_brand":[],"product_cat":[101],"product_tag":[],"class_list":{"0":"post-40304","1":"product","2":"type-product","3":"status-publish","5":"product_cat-accessories","7":"first","8":"instock","9":"shipping-taxable","10":"product-type-external"},"_links":{"self":[{"href":"https:\/\/comprasyconsejos.store\/en\/wp-json\/wp\/v2\/product\/40304","targetHints":{"allow":["GET"]}}],"collection":[{"href":"https:\/\/comprasyconsejos.store\/en\/wp-json\/wp\/v2\/product"}],"about":[{"href":"https:\/\/comprasyconsejos.store\/en\/wp-json\/wp\/v2\/types\/product"}],"replies":[{"embeddable":true,"href":"https:\/\/comprasyconsejos.store\/en\/wp-json\/wp\/v2\/comments?post=40304"}],"version-history":[{"count":0,"href":"https:\/\/comprasyconsejos.store\/en\/wp-json\/wp\/v2\/product\/40304\/revisions"}],"wp:attachment":[{"href":"https:\/\/comprasyconsejos.store\/en\/wp-json\/wp\/v2\/media?parent=40304"}],"wp:term":[{"taxonomy":"product_brand","embeddable":true,"href":"https:\/\/comprasyconsejos.store\/en\/wp-json\/wp\/v2\/product_brand?post=40304"},{"taxonomy":"product_cat","embeddable":true,"href":"https:\/\/comprasyconsejos.store\/en\/wp-json\/wp\/v2\/product_cat?post=40304"},{"taxonomy":"product_tag","embeddable":true,"href":"https:\/\/comprasyconsejos.store\/en\/wp-json\/wp\/v2\/product_tag?post=40304"}],"curies":[{"name":"wp","href":"https:\/\/api.w.org\/{rel}","templated":true}]}}