{"id":40306,"date":"2026-03-26T10:13:53","date_gmt":"2026-03-26T10:13:53","guid":{"rendered":"https:\/\/comprasyconsejos.store\/product\/sunowl-detector-de-metales-para-nios-con-pantalla-lcd-e-indicacin-de-sonido-alta-sensibilidad-con-bobina-de-bsqueda-para-bsqueda-de-metales\/"},"modified":"2026-03-26T10:13:53","modified_gmt":"2026-03-26T10:13:53","slug":"sunowl-detector-de-metales-para-nios-con-pantalla-lcd-e-indicacin-de-sonido-alta-sensibilidad-con-bobina-de-bsqueda-para-bsqueda-de-metales","status":"publish","type":"product","link":"https:\/\/comprasyconsejos.store\/en\/product\/sunowl-detector-de-metales-para-nios-con-pantalla-lcd-e-indicacin-de-sonido-alta-sensibilidad-con-bobina-de-bsqueda-para-bsqueda-de-metales\/","title":{"rendered":"Sunowl Detector de Metales para Nios con Pantalla LCD e Indicacin de Sonido, Alta Sensibilidad con Bobina de Bsqueda para Bsqueda de Metales"},"content":{"rendered":"<p>&#8211; \u3010Alta sensibilidad precisa\u3011El detector de metales para ni\u00f1os puede detectar objetos a 10 cm\/3,93 pulgadas bajo tierra. Tiene una sensibilidad muy precisa. Puede usarlo para buscar oro, plata, joyas, monedas y otros metales.<br \/>\n&#8211; \u3010LCD e indicaci\u00f3n de sonido\u3011Cuando se detecta el metal, el detector de metales emitir\u00e1 un sonido recordatorio y mostrar\u00e1 \u00abMETAL ENCONTRADO\u00bb. Cuanto m\u00e1s cerca est\u00e9 el metal, m\u00e1s fuerte ser\u00e1 la se\u00f1al. La pantalla puede mostrar la bater\u00eda restante para recordarle que debe reemplazar la bater\u00eda. Para diferentes necesidades, puede ajustar f\u00e1cilmente el volumen del recordatorio y detectar la sensibilidad con el bot\u00f3n.<br \/>\n&#8211; \u3010Bobina de b\u00fasqueda resistente al agua\u3011Con una bobina de b\u00fasqueda resistente al agua IP68, el detector de metales ni\u00f1os es ideal para aguas poco profundas o exploraci\u00f3n de playas, y tambi\u00e9n es ideal para detectar diversas condiciones extremas del fondo, como bosques, playas, parques, calles, monta\u00f1as, etc. Nota: la caja de control no se puede poner en el agua.<br \/>\n&#8211; \u3010Ligero y duradero\u3011El detector metales ni\u00f1os pesa solo 0,6 kg. Es muy ligero y port\u00e1til, por lo que no se cansar\u00e1 ni siquiera de usarlo durante horas. Se ajusta a un dise\u00f1o ergon\u00f3mico y es c\u00f3modo de manejar. Los detectores de metales ya est\u00e1n ensamblados y son muy f\u00e1ciles de usar. Es ideal para actividades al aire libre. Con una mochila, es m\u00e1s c\u00f3modo de llevar y guardar.<br \/>\n&#8211; \u3010Gran regalo\u3011Los metal detector for kids son resistentes al desgaste y duraderos. El paquete incluye una pala para una diversi\u00f3n de exploraci\u00f3n adicional. Es un gran regalo de cumplea\u00f1os o de vacaciones. Puede permitir que sus hijos experimenten la diversi\u00f3n de la b\u00fasqueda del tesoro y se acerquen a la naturaleza.<\/p>","protected":false},"excerpt":{"rendered":"<p>&#8211; \u3010Alta sensibilidad precisa\u3011El detector de metales para ni\u00f1os puede detectar objetos a 10 cm\/3,93 pulgadas bajo tierra. Tiene una<\/p>","protected":false},"featured_media":0,"comment_status":"open","ping_status":"closed","template":"","meta":[],"product_brand":[],"product_cat":[101],"product_tag":[],"class_list":{"0":"post-40306","1":"product","2":"type-product","3":"status-publish","5":"product_cat-accessories","7":"first","8":"instock","9":"sale","10":"shipping-taxable","11":"product-type-external"},"_links":{"self":[{"href":"https:\/\/comprasyconsejos.store\/en\/wp-json\/wp\/v2\/product\/40306","targetHints":{"allow":["GET"]}}],"collection":[{"href":"https:\/\/comprasyconsejos.store\/en\/wp-json\/wp\/v2\/product"}],"about":[{"href":"https:\/\/comprasyconsejos.store\/en\/wp-json\/wp\/v2\/types\/product"}],"replies":[{"embeddable":true,"href":"https:\/\/comprasyconsejos.store\/en\/wp-json\/wp\/v2\/comments?post=40306"}],"version-history":[{"count":0,"href":"https:\/\/comprasyconsejos.store\/en\/wp-json\/wp\/v2\/product\/40306\/revisions"}],"wp:attachment":[{"href":"https:\/\/comprasyconsejos.store\/en\/wp-json\/wp\/v2\/media?parent=40306"}],"wp:term":[{"taxonomy":"product_brand","embeddable":true,"href":"https:\/\/comprasyconsejos.store\/en\/wp-json\/wp\/v2\/product_brand?post=40306"},{"taxonomy":"product_cat","embeddable":true,"href":"https:\/\/comprasyconsejos.store\/en\/wp-json\/wp\/v2\/product_cat?post=40306"},{"taxonomy":"product_tag","embeddable":true,"href":"https:\/\/comprasyconsejos.store\/en\/wp-json\/wp\/v2\/product_tag?post=40306"}],"curies":[{"name":"wp","href":"https:\/\/api.w.org\/{rel}","templated":true}]}}