{"id":40307,"date":"2026-03-26T10:14:17","date_gmt":"2026-03-26T10:14:17","guid":{"rendered":"https:\/\/comprasyconsejos.store\/product\/brolteja-impermeable-cumifelt-1-x-30-mcinta-de-sellado-para-duchalamina-de-sellado-para-banopara-sanitarios-ducha-bano-sauna-azulejos\/"},"modified":"2026-03-26T10:14:17","modified_gmt":"2026-03-26T10:14:17","slug":"brolteja-impermeable-cumifelt-1-x-30-mcinta-de-sellado-para-duchalamina-de-sellado-para-banopara-sanitarios-ducha-bano-sauna-azulejos","status":"publish","type":"product","link":"https:\/\/comprasyconsejos.store\/en\/product\/brolteja-impermeable-cumifelt-1-x-30-mcinta-de-sellado-para-duchalamina-de-sellado-para-banopara-sanitarios-ducha-bano-sauna-azulejos\/","title":{"rendered":"Brolteja Impermeable Cumifelt 1 x 30 m,Cinta de sellado para ducha,l\u00e1mina de sellado para ba\u00f1o,para sanitarios, ducha, ba\u00f1o, sauna, azulejos"},"content":{"rendered":"<p>&#8211; \u3010Gran Tama\u00f1o\u3011Nuestra membrana impermeable tiene un tama\u00f1o de 30 x 1,15 m (98,4 x 3,8 pies) para cubrir amplias superficies, reduciendo juntas y posibles puntos de fuga. Es flexible, a la vez que altamente resistente a la tracci\u00f3n y al desgarro, lo que garantiza una barrera fiable y duradera.<br \/>\n&#8211; \u3010Impermeabilizaci\u00f3n de Tres Capas\u3011Con un espesor de 0,7 mm (0,028 pulgadas), esta membrana impermeabilizante est\u00e1 fabricada con polipropileno modificado de alta calidad, recubierto con polipropileno no tejido en ambas caras. Crea una barrera impermeable que garantiza un excelente rendimiento a prueba de agua, humedad y moho.<br \/>\n&#8211; \u3010Protecci\u00f3n Integral\u3011La membrana impermeable para ducha bloquea eficazmente la filtraci\u00f3n de agua y humedad. Protege la estructura del edificio y previene la aparici\u00f3n de moho en suelos y muebles.<br \/>\n&#8211; \u3010Corte Libre e Instalaci\u00f3n Sencilla\u3011Esta membrana impermeable se puede cortar libremente a cualquier forma o tama\u00f1o requerido, asegurando un ajuste perfecto en esquinas y otras configuraciones complejas. Siga estos sencillos pasos para la instalaci\u00f3n: aplique mortero, coloque la membrana, aplique mortero nuevamente y, finalmente, coloque las baldosas.<br \/>\n&#8211; \u3010Amplia aplicaci\u00f3n\u3011La membrana impermeable protege las zonas propensas a la humedad en cualquier edificio, ideal para ba\u00f1os, cocinas, balcones y saunas. Es perfecta para usar con diversos sustratos, como madera, baldosas, m\u00e1rmol y cemento.<\/p>","protected":false},"excerpt":{"rendered":"<p>&#8211; \u3010Gran Tama\u00f1o\u3011Nuestra membrana impermeable tiene un tama\u00f1o de 30 x 1,15 m (98,4 x 3,8 pies) para cubrir amplias<\/p>","protected":false},"featured_media":0,"comment_status":"open","ping_status":"closed","template":"","meta":[],"product_brand":[],"product_cat":[101],"product_tag":[],"class_list":{"0":"post-40307","1":"product","2":"type-product","3":"status-publish","5":"product_cat-accessories","7":"first","8":"instock","9":"shipping-taxable","10":"product-type-external"},"_links":{"self":[{"href":"https:\/\/comprasyconsejos.store\/en\/wp-json\/wp\/v2\/product\/40307","targetHints":{"allow":["GET"]}}],"collection":[{"href":"https:\/\/comprasyconsejos.store\/en\/wp-json\/wp\/v2\/product"}],"about":[{"href":"https:\/\/comprasyconsejos.store\/en\/wp-json\/wp\/v2\/types\/product"}],"replies":[{"embeddable":true,"href":"https:\/\/comprasyconsejos.store\/en\/wp-json\/wp\/v2\/comments?post=40307"}],"version-history":[{"count":0,"href":"https:\/\/comprasyconsejos.store\/en\/wp-json\/wp\/v2\/product\/40307\/revisions"}],"wp:attachment":[{"href":"https:\/\/comprasyconsejos.store\/en\/wp-json\/wp\/v2\/media?parent=40307"}],"wp:term":[{"taxonomy":"product_brand","embeddable":true,"href":"https:\/\/comprasyconsejos.store\/en\/wp-json\/wp\/v2\/product_brand?post=40307"},{"taxonomy":"product_cat","embeddable":true,"href":"https:\/\/comprasyconsejos.store\/en\/wp-json\/wp\/v2\/product_cat?post=40307"},{"taxonomy":"product_tag","embeddable":true,"href":"https:\/\/comprasyconsejos.store\/en\/wp-json\/wp\/v2\/product_tag?post=40307"}],"curies":[{"name":"wp","href":"https:\/\/api.w.org\/{rel}","templated":true}]}}