{"id":40308,"date":"2026-03-26T11:29:32","date_gmt":"2026-03-26T11:29:32","guid":{"rendered":"https:\/\/comprasyconsejos.store\/product\/proyector-4k%e3%80%90official-google-tv-auto-focus-keystone%e3%80%91-proyector-portatil-control-del-lenguaje-1080p-nativo-full-hdwifi-6-bluetooth-5-2smartproyector-para-movil-exterior-cine-en\/"},"modified":"2026-03-26T11:29:32","modified_gmt":"2026-03-26T11:29:32","slug":"proyector-4k%e3%80%90official-google-tv-auto-focus-keystone%e3%80%91-proyector-portatil-control-del-lenguaje-1080p-nativo-full-hdwifi-6-bluetooth-5-2smartproyector-para-movil-exterior-cine-en","status":"publish","type":"product","link":"https:\/\/comprasyconsejos.store\/en\/product\/proyector-4k%e3%80%90official-google-tv-auto-focus-keystone%e3%80%91-proyector-portatil-control-del-lenguaje-1080p-nativo-full-hdwifi-6-bluetooth-5-2smartproyector-para-movil-exterior-cine-en\/","title":{"rendered":"Proyector 4K\u3010Official Google TV\/Auto Focus\/Keystone\u3011 Proyector Port\u00e1til Control del lenguaje 1080P Nativo Full HD,WiFi 6 &amp; Bluetooth 5.2,SmartProyector para Movil\/Exterior\/Cine en Casa\/Techo"},"content":{"rendered":"<p>&#8211; \u2728\u3010Google TV con licencia oficial, disfruta de una amplia biblioteca de apps originales\u3011Dile adi\u00f3s a los sistemas obsoletos, el retraso y los problemas de derechos de autor. No requiere dispositivos externos. Con\u00e9ctate con un solo clic a m\u00e1s de 10000 plataformas populares, como Netflix, Disney+, YouTube, Prime Video y Shopify. Calidad de imagen nativa HD de 1080p, certificada oficialmente por Netflix. La velocidad de inicio de apps es un 50 % m\u00e1s r\u00e1pida que la de otros proyectores. Desarrollado con el ecosistema oficial de Google, todas las apps han superado las pruebas de seguridad, eliminando el riesgo de pirater\u00eda e infracciones. Actualizaciones del sistema gratuitas de por vida.<br \/>\n&#8211; \u2728\u3010Asistente de Google, Control por Voz\u3011 TP3 proyector port\u00e1til admite control por voz en varios idiomas.Simplemente presiona el bot\u00f3n del micr\u00f3fono en el control remoto de tu proyector de cine en casa para emitir comandos de voz naturales. Opera como un profesional: \u00abReproduce Toy Story en Netflix\u00bb, \u00abBaja el volumen\u00bb,\u00bb \u00bfC\u00f3mo est\u00e1 el clima hoy?\u00bb; el Asistente de Google integrado entiende tus comandos a la perfecci\u00f3n. Proyector movil es perfecto para ver pel\u00edculas en tu habitaci\u00f3n, noches de cine al aire libre y viajes de campamento!<br \/>\n&#8211; \u2728\u3010Proyector nativo 1080p, compatible con 4K | Colores vibrantes\u3011El proyector port\u00e1til TOPTRO 4K ofrece una resoluci\u00f3n nativa Full HD 1080p (1920 x 1080), admite decodificaci\u00f3n 4K y cubre el 80 % de la gama de colores NTSC. El proyector port\u00e1til TP3 ofrece im\u00e1genes claras, n\u00edtidas y vibrantes. Nota: Los videos etiquetados como 4K se mostrar\u00e1n en resoluci\u00f3n 1080p (denominados \u00abcompatibles con 4K\u00bb). Para una mejor experiencia visual, recomendamos verlo en una habitaci\u00f3n oscura o con poca luz.<br \/>\n&#8211; \u2728\u3010Configuraci\u00f3n totalmente autom\u00e1tica: Enfoque autom\u00e1tico, correcci\u00f3n trapezoidal 6D, evasi\u00f3n de obst\u00e1culos y alineaci\u00f3n de pantalla\u3011El mini proyector TP3 est\u00e1 equipado con un sensor de IA y un m\u00f3dulo de c\u00e1mara CMOS, con evasi\u00f3n inteligente de obst\u00e1culos y alineaci\u00f3n autom\u00e1tica de pantalla para ayudarte a conseguir una imagen perfecta. No importa d\u00f3nde lo coloques (\u00a1incluso boca abajo!), ajusta autom\u00e1ticamente la imagen en segundos para ofrecerte una imagen perfectamente alineada y n\u00edtida. Es ideal para principiantes o para quienes odian tener que configurarlo todo. \u00a1Enci\u00e9ndelo y empieza a disfrutar!<br \/>\n&#8211; \u2728\u3010Relaci\u00f3n de proyecci\u00f3n ultracorta 0.8:1, disfruta de una experiencia de pantalla gigante incluso en espacios reducidos\u3011La relaci\u00f3n de proyecci\u00f3n ideal 0.8:1 supera las limitaciones de espacio, proyectando una impresionante imagen de 100 pulgadas desde tan solo 1.5 metros de distancia, transformando instant\u00e1neamente peque\u00f1os apartamentos, dormitorios y salas de reuniones en cines IMAX. Un soporte giratorio de 90\u00b0 garantiza la estabilidad sin tambaleos, y la funci\u00f3n de montaje en techo te permite proyectar la imagen en el techo con solo tocar el control remoto. Disfruta viendo series y animaciones mientras est\u00e1s recostado, haciendo que el tiempo en familia o a solas sea m\u00e1s inmersivo.<br \/>\n&#8211; \u2728\u3010WiFi 6, Bluetooth 5.2 y m\u00faltiples opciones de conexi\u00f3n\u3011Este proyector 1080p es compatible con Wi-Fi 6, lo que ofrece duplicaci\u00f3n de pantalla de baja latencia y una reproducci\u00f3n fluida de streaming. Proyector bluetooth 5.2 permite una conexi\u00f3n inal\u00e1mbrica perfecta con altavoces o auriculares para una experiencia de audio inmersiva. HDMI ARC\/CEC, USB y un conector de audio de 3,5 mm facilitan la conexi\u00f3n a port\u00e1tiles, USB\/Xbox\/PS5 y otros dispositivos externos. Un solo dispositivo, infinitas posibilidades: ya sean pel\u00edculas, juegos, reuniones de trabajo o fiestas en el jard\u00edn, lo gestiona todo a la perfecci\u00f3n.<br \/>\n&#8211; \u2728\u3010M\u00faltiples opciones de instalaci\u00f3n y 3 a\u00f1os de garant\u00eda\u3011El proyector para exteriores TP3 se puede montar en el techo, sobre un escritorio, en un tr\u00edpode o en la pared (con orificios para tornillos de 6,35 mm). Este proyector port\u00e1til pesa solo 1,2 kg, tiene un tama\u00f1o moderado y cuenta con un asa oculta en la parte inferior para transportarlo f\u00e1cilmente con una sola mano y guardarlo en una mochila. Si tiene alguna pregunta sobre el proyector TOPTRO Google, consulte el manual de usuario o p\u00f3ngase en contacto con nuestro servicio de atenci\u00f3n al cliente para obtener una soluci\u00f3n r\u00e1pida y eficaz.<\/p>","protected":false},"excerpt":{"rendered":"<p>&#8211; \u2728\u3010Google TV con licencia oficial, disfruta de una amplia biblioteca de apps originales\u3011Dile adi\u00f3s a los sistemas obsoletos, el<\/p>","protected":false},"featured_media":0,"comment_status":"open","ping_status":"closed","template":"","meta":[],"product_brand":[],"product_cat":[101],"product_tag":[],"class_list":{"0":"post-40308","1":"product","2":"type-product","3":"status-publish","5":"product_cat-accessories","7":"first","8":"instock","9":"sale","10":"shipping-taxable","11":"product-type-external"},"_links":{"self":[{"href":"https:\/\/comprasyconsejos.store\/en\/wp-json\/wp\/v2\/product\/40308","targetHints":{"allow":["GET"]}}],"collection":[{"href":"https:\/\/comprasyconsejos.store\/en\/wp-json\/wp\/v2\/product"}],"about":[{"href":"https:\/\/comprasyconsejos.store\/en\/wp-json\/wp\/v2\/types\/product"}],"replies":[{"embeddable":true,"href":"https:\/\/comprasyconsejos.store\/en\/wp-json\/wp\/v2\/comments?post=40308"}],"version-history":[{"count":0,"href":"https:\/\/comprasyconsejos.store\/en\/wp-json\/wp\/v2\/product\/40308\/revisions"}],"wp:attachment":[{"href":"https:\/\/comprasyconsejos.store\/en\/wp-json\/wp\/v2\/media?parent=40308"}],"wp:term":[{"taxonomy":"product_brand","embeddable":true,"href":"https:\/\/comprasyconsejos.store\/en\/wp-json\/wp\/v2\/product_brand?post=40308"},{"taxonomy":"product_cat","embeddable":true,"href":"https:\/\/comprasyconsejos.store\/en\/wp-json\/wp\/v2\/product_cat?post=40308"},{"taxonomy":"product_tag","embeddable":true,"href":"https:\/\/comprasyconsejos.store\/en\/wp-json\/wp\/v2\/product_tag?post=40308"}],"curies":[{"name":"wp","href":"https:\/\/api.w.org\/{rel}","templated":true}]}}