{"id":40309,"date":"2026-03-26T18:17:58","date_gmt":"2026-03-26T18:17:58","guid":{"rendered":"https:\/\/comprasyconsejos.store\/product\/chakeyake-camara-acuatica-infantil-ip67-1080p-camara-subacuatica-con-zoom-10x-pantalla-de-2-4-tarjeta-32gb-juguete-para-piscina-y-playa-regalo-para-ninos-y-ninas-de-3-12-anos-az\/"},"modified":"2026-03-26T18:17:58","modified_gmt":"2026-03-26T18:17:58","slug":"chakeyake-camara-acuatica-infantil-ip67-1080p-camara-subacuatica-con-zoom-10x-pantalla-de-2-4-tarjeta-32gb-juguete-para-piscina-y-playa-regalo-para-ninos-y-ninas-de-3-12-anos-az","status":"publish","type":"product","link":"https:\/\/comprasyconsejos.store\/en\/product\/chakeyake-camara-acuatica-infantil-ip67-1080p-camara-subacuatica-con-zoom-10x-pantalla-de-2-4-tarjeta-32gb-juguete-para-piscina-y-playa-regalo-para-ninos-y-ninas-de-3-12-anos-az\/","title":{"rendered":"CHAKEYAKE Camara Acuatica Infantil, IP67 1080P C\u00e1mara subacu\u00e1tica con Zoom 10X, Pantalla de 2.4\u201d, Tarjeta 32GB, Juguete para Piscina y Playa, Regalo para Ni\u00f1os y Ni\u00f1as de 3\u201312 A\u00f1os, Azul"},"content":{"rendered":"<p>&#8211; \u3010IP67 C\u00e1mara Acu\u00e1tica para Ni\u00f1os\u3011Gracias a su certificaci\u00f3n IP67, la c\u00e1mara puede utilizarse bajo el agua hasta 10 m de profundidad sin necesidad de una carcasa impermeable adicional. Su resistente carcasa de ABS ofrece excelente protecci\u00f3n contra ca\u00eddas y golpes, ideal para usar en la piscina, la playa o en actividades al aire libre. Ya sea nadando en la piscina, jugando junto al mar o explorando en d\u00edas lluviosos, captura cada momento especial con im\u00e1genes estables y claras.<br \/>\n&#8211; \u3010Multifuncional C\u00e1mara Digital para Ni\u00f1os\u3011Admite grabaci\u00f3n de video HD 1080P y fotograf\u00eda de alta resoluci\u00f3n de 48 MP. Incluye m\u00e1s de 30 marcos creativos, 7 filtros y modo espejo para hacer la fotograf\u00eda a\u00fan m\u00e1s divertida. Tambi\u00e9n cuenta con luz LED, zoom digital 10\u00d7, temporizador de 2 s \/ 5 s \/ 10 s, modo r\u00e1faga y otras funciones pr\u00e1cticas, ideal para selfies en grupo y para capturar momentos inolvidables.<br \/>\n&#8211; \u3010C\u00e1mara de Aventura para Piscina y Exterior\u3011La c\u00e1mara para ni\u00f1os ofrece aproximadamente 2\u20132,5 horas de uso e incluye una tarjeta de memoria de 32 GB para almacenar miles de fotos. Es compatible con diferentes soportes para bicicleta, casco y mu\u00f1eca, mientras que el cord\u00f3n para el cuello facilita llevarla a cualquier lugar. Los ni\u00f1os pueden capturar libremente sus aventuras al nadar, hacer snorkel, bucear u otras actividades, y transferir f\u00e1cilmente los archivos al ordenador mediante USB.<br \/>\n&#8211; \u3010C\u00e1mara Subacu\u00e1tica Educativa para Ni\u00f1os\u3011Equipada con una pantalla IPS HD de 2,4 pulgadas que ofrece una imagen clara y v\u00edvida. Tambi\u00e9n integra despertador, cron\u00f3metro, tarjetas del alfabeto, reproductor MP3 y juegos educativos. Estimula la imaginaci\u00f3n y la creatividad de los ni\u00f1os y les ofrece horas de diversi\u00f3n junto a la piscina o al aire libre. Un compa\u00f1ero ideal para ni\u00f1os de 3 a 12 a\u00f1os en sus momentos de exploraci\u00f3n y juego.<br \/>\n&#8211; \u3010Regalo Ideal para Ni\u00f1os\u3011Dise\u00f1ada especialmente para ni\u00f1os, con un cuerpo ligero que se adapta c\u00f3modamente a las manos peque\u00f1as y es f\u00e1cil de sujetar. Con solo 6 botones, su uso es sencillo e intuitivo. Desde la diversi\u00f3n en la piscina durante el verano hasta las aventuras al aire libre durante todo el a\u00f1o, esta c\u00e1mara fomenta la creatividad y el juego activo. Un regalo perfecto para ni\u00f1os y ni\u00f1as de 3 a 12 a\u00f1os.<\/p>","protected":false},"excerpt":{"rendered":"<p>&#8211; \u3010IP67 C\u00e1mara Acu\u00e1tica para Ni\u00f1os\u3011Gracias a su certificaci\u00f3n IP67, la c\u00e1mara puede utilizarse bajo el agua hasta 10 m<\/p>","protected":false},"featured_media":0,"comment_status":"open","ping_status":"closed","template":"","meta":[],"product_brand":[],"product_cat":[101],"product_tag":[],"class_list":{"0":"post-40309","1":"product","2":"type-product","3":"status-publish","5":"product_cat-accessories","7":"first","8":"instock","9":"shipping-taxable","10":"product-type-external"},"_links":{"self":[{"href":"https:\/\/comprasyconsejos.store\/en\/wp-json\/wp\/v2\/product\/40309","targetHints":{"allow":["GET"]}}],"collection":[{"href":"https:\/\/comprasyconsejos.store\/en\/wp-json\/wp\/v2\/product"}],"about":[{"href":"https:\/\/comprasyconsejos.store\/en\/wp-json\/wp\/v2\/types\/product"}],"replies":[{"embeddable":true,"href":"https:\/\/comprasyconsejos.store\/en\/wp-json\/wp\/v2\/comments?post=40309"}],"version-history":[{"count":0,"href":"https:\/\/comprasyconsejos.store\/en\/wp-json\/wp\/v2\/product\/40309\/revisions"}],"wp:attachment":[{"href":"https:\/\/comprasyconsejos.store\/en\/wp-json\/wp\/v2\/media?parent=40309"}],"wp:term":[{"taxonomy":"product_brand","embeddable":true,"href":"https:\/\/comprasyconsejos.store\/en\/wp-json\/wp\/v2\/product_brand?post=40309"},{"taxonomy":"product_cat","embeddable":true,"href":"https:\/\/comprasyconsejos.store\/en\/wp-json\/wp\/v2\/product_cat?post=40309"},{"taxonomy":"product_tag","embeddable":true,"href":"https:\/\/comprasyconsejos.store\/en\/wp-json\/wp\/v2\/product_tag?post=40309"}],"curies":[{"name":"wp","href":"https:\/\/api.w.org\/{rel}","templated":true}]}}