{"id":40310,"date":"2026-03-26T18:51:57","date_gmt":"2026-03-26T18:51:57","guid":{"rendered":"https:\/\/comprasyconsejos.store\/product\/repelente-gatos-2026repelene-de-animales-al-aire-libre-ratas-perros-aves-zorrossolar-ultrasonico-repelente-para-palomasahuyentador-para-gatos\/"},"modified":"2026-03-26T18:51:57","modified_gmt":"2026-03-26T18:51:57","slug":"repelente-gatos-2026repelene-de-animales-al-aire-libre-ratas-perros-aves-zorrossolar-ultrasonico-repelente-para-palomasahuyentador-para-gatos","status":"publish","type":"product","link":"https:\/\/comprasyconsejos.store\/en\/product\/repelente-gatos-2026repelene-de-animales-al-aire-libre-ratas-perros-aves-zorrossolar-ultrasonico-repelente-para-palomasahuyentador-para-gatos\/","title":{"rendered":"Repelente Gatos 2026,Repelene de Animales al Aire Libre, Ratas, Perros, Aves, Zorros,Solar Ultras\u00f3nico Repelente para Palomas,Ahuyentador para Gatos"},"content":{"rendered":"<p>&#8211; La buena calidad es inseparable de los mejores materiales: la carcasa principal est\u00e1 hecha de material ABS ign\u00edfugo, que tiene una fuerte resistencia a altas temperaturas y durabilidad garantizada.<br \/>\n&#8211; Adoptando la \u00faltima tecnolog\u00eda, este repelente de ratones emite diferentes frecuencias de onda ultras\u00f3nica para irritar el sistema nervioso de insectos y ratas, haci\u00e9ndolos sentir inc\u00f3modos y huir gradualmente. Los cambios intermitentes en la frecuencia del ultrasonido les impide desarrollar inmunidad y adaptabilidad. Utilizar ultrasonidos para conducir roedores, eficaces y no t\u00f3xicos, no plantear\u00e1 una amenaza para la salud<br \/>\n&#8211; La tecnolog\u00eda ultras\u00f3nica aleja silenciosamente a los ratones, f\u00e1cil de transportar y una peque\u00f1a bater\u00eda es suficiente. Puede cargar con adaptador USB, instalar bater\u00edas, conectar la alimentaci\u00f3n del veh\u00edculo<br \/>\n&#8211; Debido a que las ratas, ratones, martas, ardillas, ardillas y otros roedores destructivos a menudo reparan en un rinc\u00f3n oculto y da\u00f1an su propiedad. Este repelente de roedores para motores de coche puede perturbar el sistema nervioso central de los roedores con las luces ultras\u00f3nicas de alta frecuencia que cambian y LED estrobosc\u00f3picos<br \/>\n&#8211; Los animales peque\u00f1os y los roedores pueden masticar a trav\u00e9s de los cables, lo que pone un peligro para la seguridad de los automovilistas. Evita que las mascotas molestas da\u00f1en las partes del coche y se hagan da\u00f1o a s\u00ed mismos o a los dem\u00e1s.<\/p>","protected":false},"excerpt":{"rendered":"<p>&#8211; La buena calidad es inseparable de los mejores materiales: la carcasa principal est\u00e1 hecha de material ABS ign\u00edfugo, que<\/p>","protected":false},"featured_media":0,"comment_status":"open","ping_status":"closed","template":"","meta":[],"product_brand":[],"product_cat":[101],"product_tag":[],"class_list":{"0":"post-40310","1":"product","2":"type-product","3":"status-publish","5":"product_cat-accessories","7":"first","8":"instock","9":"shipping-taxable","10":"product-type-external"},"_links":{"self":[{"href":"https:\/\/comprasyconsejos.store\/en\/wp-json\/wp\/v2\/product\/40310","targetHints":{"allow":["GET"]}}],"collection":[{"href":"https:\/\/comprasyconsejos.store\/en\/wp-json\/wp\/v2\/product"}],"about":[{"href":"https:\/\/comprasyconsejos.store\/en\/wp-json\/wp\/v2\/types\/product"}],"replies":[{"embeddable":true,"href":"https:\/\/comprasyconsejos.store\/en\/wp-json\/wp\/v2\/comments?post=40310"}],"version-history":[{"count":0,"href":"https:\/\/comprasyconsejos.store\/en\/wp-json\/wp\/v2\/product\/40310\/revisions"}],"wp:attachment":[{"href":"https:\/\/comprasyconsejos.store\/en\/wp-json\/wp\/v2\/media?parent=40310"}],"wp:term":[{"taxonomy":"product_brand","embeddable":true,"href":"https:\/\/comprasyconsejos.store\/en\/wp-json\/wp\/v2\/product_brand?post=40310"},{"taxonomy":"product_cat","embeddable":true,"href":"https:\/\/comprasyconsejos.store\/en\/wp-json\/wp\/v2\/product_cat?post=40310"},{"taxonomy":"product_tag","embeddable":true,"href":"https:\/\/comprasyconsejos.store\/en\/wp-json\/wp\/v2\/product_tag?post=40310"}],"curies":[{"name":"wp","href":"https:\/\/api.w.org\/{rel}","templated":true}]}}