{"id":40311,"date":"2026-03-26T18:52:24","date_gmt":"2026-03-26T18:52:24","guid":{"rendered":"https:\/\/comprasyconsejos.store\/product\/repelente-ultrasonico-de-plagas-para-interiores-ratones-y-ratas-360-con-luz-led-repelente-ultrasonico-disuasores-para-ratones-roedores-parasitos-ratas-aranas-polillas-y-hormigas\/"},"modified":"2026-03-26T18:52:24","modified_gmt":"2026-03-26T18:52:24","slug":"repelente-ultrasonico-de-plagas-para-interiores-ratones-y-ratas-360-con-luz-led-repelente-ultrasonico-disuasores-para-ratones-roedores-parasitos-ratas-aranas-polillas-y-hormigas","status":"publish","type":"product","link":"https:\/\/comprasyconsejos.store\/en\/product\/repelente-ultrasonico-de-plagas-para-interiores-ratones-y-ratas-360-con-luz-led-repelente-ultrasonico-disuasores-para-ratones-roedores-parasitos-ratas-aranas-polillas-y-hormigas\/","title":{"rendered":"Repelente ultras\u00f3nico de plagas para Interiores, Ratones y Ratas 360\u00b0 con luz LED Repelente ultras\u00f3nico disuasores para Ratones roedores par\u00e1sitos Ratas, ara\u00f1as, polillas y Hormigas"},"content":{"rendered":"<p>&#8211; ecolog\u00eda y longevidad &#8211; nos preocupamos por su seguridad y medio ambiente. Nuestro repelente de insectos ultras\u00f3nico no es t\u00f3xico, inodoro, no emite radiaci\u00f3n y es seguro para su familia. Equipado con sensores inteligentes, nuestro repelente de mosquitos para rat\u00f3n puede detectar roedores y activarse autom\u00e1ticamente, as\u00ed que aseg\u00farese de mantener el repelente de mosquitos ultras\u00f3nico durante m\u00e1s de 4 semanas para asegurarse de mantenerse alejado de los ratones d\u00eda y noche.<br \/>\n&#8211; bueno y barato: los cambiadores son demasiado caros, y las trampas de mouse o los dispositivos de pegamento son demasiado crueles y peligrosos para nuestros hijos y mascotas. Este repelente electr\u00f3nico de insectos es muy humano y nuestras adorables mascotas, como perros y gatos. Utiliza ultrasonidos para repeler plagas y ratas, en lugar de matarlas.<br \/>\n&#8211; Gran \u00e1rea de cobertura: el sistema ultras\u00f3nico de microchip antiinsectos es adecuado para \u00e1reas de 20 a 600 metros cuadrados. Dado que el ultrasonido no puede penetrar paredes y objetos s\u00f3lidos, se recomienda colocar uno en la habitaci\u00f3n. En \u00e1reas donde las plagas graves son graves, se requieren unidades adicionales. Adecuado para salas de estar, dormitorios, cocinas, tiendas, casas, almacenes, garajes, apartamentos, hangares, propietarios, etc.<br \/>\n&#8211; \u00daltima tecnolog\u00eda de chip ultras\u00f3nico: conecta el sistema auditivo y nervioso de ratones, insectos, mosquitos, cucarachas, ratas, hormigas, ara\u00f1as, grillos, zorros, pulgas, moscas, insectos lejos de casa para que no se atrevan a acercarse a casa.<br \/>\n&#8211; Servicio excelente &#8211; Trabajamos constantemente para mejorar nuestros repelentes de insectos ultras\u00f3nicos para garantizar que le proporcione productos de mejor calidad, duraderos y c\u00f3modos. Ofrecemos un servicio online las 24 horas del d\u00eda con una duraci\u00f3n de 12 meses. Si tiene alguna pregunta, no dude en contactarnos. Lo intentamos.<\/p>","protected":false},"excerpt":{"rendered":"<p>&#8211; ecolog\u00eda y longevidad &#8211; nos preocupamos por su seguridad y medio ambiente. Nuestro repelente de insectos ultras\u00f3nico no es<\/p>","protected":false},"featured_media":0,"comment_status":"open","ping_status":"closed","template":"","meta":[],"product_brand":[],"product_cat":[101],"product_tag":[],"class_list":{"0":"post-40311","1":"product","2":"type-product","3":"status-publish","5":"product_cat-accessories","7":"first","8":"instock","9":"shipping-taxable","10":"product-type-external"},"_links":{"self":[{"href":"https:\/\/comprasyconsejos.store\/en\/wp-json\/wp\/v2\/product\/40311","targetHints":{"allow":["GET"]}}],"collection":[{"href":"https:\/\/comprasyconsejos.store\/en\/wp-json\/wp\/v2\/product"}],"about":[{"href":"https:\/\/comprasyconsejos.store\/en\/wp-json\/wp\/v2\/types\/product"}],"replies":[{"embeddable":true,"href":"https:\/\/comprasyconsejos.store\/en\/wp-json\/wp\/v2\/comments?post=40311"}],"version-history":[{"count":0,"href":"https:\/\/comprasyconsejos.store\/en\/wp-json\/wp\/v2\/product\/40311\/revisions"}],"wp:attachment":[{"href":"https:\/\/comprasyconsejos.store\/en\/wp-json\/wp\/v2\/media?parent=40311"}],"wp:term":[{"taxonomy":"product_brand","embeddable":true,"href":"https:\/\/comprasyconsejos.store\/en\/wp-json\/wp\/v2\/product_brand?post=40311"},{"taxonomy":"product_cat","embeddable":true,"href":"https:\/\/comprasyconsejos.store\/en\/wp-json\/wp\/v2\/product_cat?post=40311"},{"taxonomy":"product_tag","embeddable":true,"href":"https:\/\/comprasyconsejos.store\/en\/wp-json\/wp\/v2\/product_tag?post=40311"}],"curies":[{"name":"wp","href":"https:\/\/api.w.org\/{rel}","templated":true}]}}