{"id":40312,"date":"2026-03-26T18:52:41","date_gmt":"2026-03-26T18:52:41","guid":{"rendered":"https:\/\/comprasyconsejos.store\/product\/repelente-ultrasonico-de-plagas-4-paquetes100-inofensivo-para-mascotas-y-humanoselectronico-repelente-mosquitos-insectos-para-interiores-anti-mosquitos-cucarachas-ratones-moscas-aranas\/"},"modified":"2026-03-26T18:52:41","modified_gmt":"2026-03-26T18:52:41","slug":"repelente-ultrasonico-de-plagas-4-paquetes100-inofensivo-para-mascotas-y-humanoselectronico-repelente-mosquitos-insectos-para-interiores-anti-mosquitos-cucarachas-ratones-moscas-aranas","status":"publish","type":"product","link":"https:\/\/comprasyconsejos.store\/en\/product\/repelente-ultrasonico-de-plagas-4-paquetes100-inofensivo-para-mascotas-y-humanoselectronico-repelente-mosquitos-insectos-para-interiores-anti-mosquitos-cucarachas-ratones-moscas-aranas\/","title":{"rendered":"Repelente Ultras\u00f3nico de Plagas 4 Paquetes,100% Inofensivo para Mascotas y Humanos,Electr\u00f3nico Repelente Mosquitos Insectos para Interiores, Anti Mosquitos, Cucarachas, Ratones, Moscas, Ara\u00f1as"},"content":{"rendered":"<p>&#8211; \u3010Amplia \u00e1rea de cobertura\u3011Utilizando la \u00faltima tecnolog\u00eda ultras\u00f3nica de dos veces, se logra un control de plagas de 360\u00b0 de alta eficiencia, con una cobertura de hasta 1.600 pies cuadrados. Para obtener los mejores resultados, equipar cada habitaci\u00f3n con repelente de insectos. Es ideal para dormitorios, garajes, oficinas, empresas, restaurantes, almacenes, etc.<br \/>\n&#8211; \u30104 Pack F\u00e1cil de usar\u3011Solo enchufe el repelente de plagas ultras\u00f3nico en el tomacorriente regular, la luz LED se enciende y luego funcionar\u00e1 autom\u00e1ticamente. Aseg\u00farese de que no haya obst\u00e1culos como cortinas o armarios frente al repelente de mosquitos.<br \/>\n&#8211; \u3010100% de satisfacci\u00f3n\u3011Su satisfacci\u00f3n es nuestra principal prioridad. Si tiene alguna pregunta o inquietud, no dude en ponerse en contacto con nosotros. El control ultras\u00f3nico de plagas normalmente toma 3-4 semanas para lograr un resultado diferente dependiendo del grado de infecci\u00f3n.<br \/>\n&#8211; \u3010Tecnolog\u00eda Ultras\u00f3nica de Nueva Generaci\u00f3n\u3011Triples funciones de Onda Bi\u00f3nica + Onda Electromagn\u00e9tica + Onda Ultras\u00f3nica. el repelente de insectos por ultrasonido estimula el nervio auditivo con ultrasonido en el rango de frecuencia de 20 kHz a 65 kHz y destruye el sistema central olfativo, Puede deshacerse por completo de Mosquitos, Moscas, Ratones, Cucarachas, Ara\u00f1as, polillas, etc.<br \/>\n&#8211; \u3010Seguro para ni\u00f1os y mascotas\u3011La frecuencia ultras\u00f3nica es inaudible para los humanos y las mascotas, No t\u00f3xico ni qu\u00edmicos o radiaci\u00f3n, menos consumo de energ\u00eda, sin ruido y 100% seguro para personas y mascotas.<\/p>","protected":false},"excerpt":{"rendered":"<p>&#8211; \u3010Amplia \u00e1rea de cobertura\u3011Utilizando la \u00faltima tecnolog\u00eda ultras\u00f3nica de dos veces, se logra un control de plagas de 360\u00b0<\/p>","protected":false},"featured_media":0,"comment_status":"open","ping_status":"closed","template":"","meta":[],"product_brand":[],"product_cat":[101],"product_tag":[],"class_list":{"0":"post-40312","1":"product","2":"type-product","3":"status-publish","5":"product_cat-accessories","7":"first","8":"instock","9":"shipping-taxable","10":"product-type-external"},"_links":{"self":[{"href":"https:\/\/comprasyconsejos.store\/en\/wp-json\/wp\/v2\/product\/40312","targetHints":{"allow":["GET"]}}],"collection":[{"href":"https:\/\/comprasyconsejos.store\/en\/wp-json\/wp\/v2\/product"}],"about":[{"href":"https:\/\/comprasyconsejos.store\/en\/wp-json\/wp\/v2\/types\/product"}],"replies":[{"embeddable":true,"href":"https:\/\/comprasyconsejos.store\/en\/wp-json\/wp\/v2\/comments?post=40312"}],"version-history":[{"count":0,"href":"https:\/\/comprasyconsejos.store\/en\/wp-json\/wp\/v2\/product\/40312\/revisions"}],"wp:attachment":[{"href":"https:\/\/comprasyconsejos.store\/en\/wp-json\/wp\/v2\/media?parent=40312"}],"wp:term":[{"taxonomy":"product_brand","embeddable":true,"href":"https:\/\/comprasyconsejos.store\/en\/wp-json\/wp\/v2\/product_brand?post=40312"},{"taxonomy":"product_cat","embeddable":true,"href":"https:\/\/comprasyconsejos.store\/en\/wp-json\/wp\/v2\/product_cat?post=40312"},{"taxonomy":"product_tag","embeddable":true,"href":"https:\/\/comprasyconsejos.store\/en\/wp-json\/wp\/v2\/product_tag?post=40312"}],"curies":[{"name":"wp","href":"https:\/\/api.w.org\/{rel}","templated":true}]}}