{"id":40315,"date":"2026-03-27T12:03:22","date_gmt":"2026-03-27T12:03:22","guid":{"rendered":"https:\/\/comprasyconsejos.store\/product\/videocamara-4k-48mp-con-vision-nocturna-por-infrarrojos-zoom-digital-18x-camara-vlogging-con-pantalla-tactil-de-3-0-270-camara-de-video-con-control-remoto-microfono-tarjeta-de-64gb-2-bate\/"},"modified":"2026-03-27T12:03:22","modified_gmt":"2026-03-27T12:03:22","slug":"videocamara-4k-48mp-con-vision-nocturna-por-infrarrojos-zoom-digital-18x-camara-vlogging-con-pantalla-tactil-de-3-0-270-camara-de-video-con-control-remoto-microfono-tarjeta-de-64gb-2-bate","status":"publish","type":"product","link":"https:\/\/comprasyconsejos.store\/en\/product\/videocamara-4k-48mp-con-vision-nocturna-por-infrarrojos-zoom-digital-18x-camara-vlogging-con-pantalla-tactil-de-3-0-270-camara-de-video-con-control-remoto-microfono-tarjeta-de-64gb-2-bate\/","title":{"rendered":"Videoc\u00e1mara 4K 48MP con Visi\u00f3n Nocturna por Infrarrojos, Zoom Digital 18X C\u00e1mara Vlogging con Pantalla T\u00e1ctil de 3.0&#8243; 270\u00b0, C\u00e1mara de V\u00eddeo con Control Remoto, Micr\u00f3fono, Tarjeta de 64GB, 2 Bater\u00edas"},"content":{"rendered":"<p>&#8211; \ud83d\udcf8\u3010C\u00e1mara de v\u00eddeo 4K y 48 MP\u3011 La videoc\u00e1mara graba videos en resoluci\u00f3n 4K y fotos en 48 MP. Cuenta con una pantalla de 3 pulgadas con rotaci\u00f3n de 270 grados y zoom digital de 18x. Incluye una tarjeta de memoria de alta velocidad de 64 GB, especialmente dise\u00f1ada para c\u00e1maras, ampliable hasta 512 GB.<br \/>\n&#8211; \ud83d\udca1\u3010Visi\u00f3n nocturna por infrarrojos y visi\u00f3n nocturna LED\u3011 La funci\u00f3n de visi\u00f3n nocturna por infrarrojos permite obtener im\u00e1genes n\u00edtidas en blanco y negro en total oscuridad, mientras que la luz de relleno LED proporciona una iluminaci\u00f3n suave en condiciones de poca luz, garantizando im\u00e1genes brillantes y naturales, ya sea de noche o en interiores oscuros.<br \/>\n&#8211; \ud83d\udcbb\ufe0f\u3010Funci\u00f3n de c\u00e1mara web y grabaci\u00f3n durante la carga\u3011 La camara de video 4K se puede usar como c\u00e1mara web para transmitir en vivo en YouTube, Skype, TikTok o Facebook, o para videollamadas con familiares y amigos. La camara video 4K est\u00e1 equipada con dos bater\u00edas. Una bater\u00eda completamente cargada dura aproximadamente entre 60 y 90 minutos. La videoc\u00e1mara admite carga y grabaci\u00f3n simult\u00e1neas, lo que le permite grabar continuamente sin preocuparse por quedarse sin bater\u00eda.<br \/>\n&#8211; \ud83d\udc46\ufe0f\u3010Pantalla t\u00e1ctil y control remoto\u3011 La pantalla t\u00e1ctil proporciona controles suaves y precisos para una navegaci\u00f3n sencilla. Si desea encontrar el men\u00fa o modo deseado m\u00e1s r\u00e1pidamente, simplemente toque la pantalla con el dedo. Puede pausar grabaciones de video largas en cualquier momento y continuar donde lo dej\u00f3 sin comenzar un nuevo archivo. Esta c\u00e1mara tambi\u00e9n admite control remoto.<br \/>\n&#8211; \ud83d\udc96\u3010Dise\u00f1o compacto y f\u00e1cil de usar\u3011 Esta videoc\u00e1mara 4K es ligera y port\u00e1til, lo que facilita su uso en interiores y exteriores. Le permite capturar los momentos m\u00e1s hermosos de la vida en cualquier momento y en cualquier lugar. Es f\u00e1cil de usar, incluso para ni\u00f1os, estudiantes, principiantes y personas mayores. La videoc\u00e1mara ideal para aficionados y principiantes, adecuada para grabar bodas, proyectos escolares, grabaciones de reuniones, esqu\u00ed, campamentos, fiestas, cumplea\u00f1os y competiciones.<\/p>","protected":false},"excerpt":{"rendered":"<p>&#8211; \ud83d\udcf8\u3010C\u00e1mara de v\u00eddeo 4K y 48 MP\u3011 La videoc\u00e1mara graba videos en resoluci\u00f3n 4K y fotos en 48 MP.<\/p>","protected":false},"featured_media":0,"comment_status":"open","ping_status":"closed","template":"","meta":[],"product_brand":[],"product_cat":[101],"product_tag":[],"class_list":{"0":"post-40315","1":"product","2":"type-product","3":"status-publish","5":"product_cat-accessories","7":"first","8":"instock","9":"sale","10":"shipping-taxable","11":"product-type-external"},"_links":{"self":[{"href":"https:\/\/comprasyconsejos.store\/en\/wp-json\/wp\/v2\/product\/40315","targetHints":{"allow":["GET"]}}],"collection":[{"href":"https:\/\/comprasyconsejos.store\/en\/wp-json\/wp\/v2\/product"}],"about":[{"href":"https:\/\/comprasyconsejos.store\/en\/wp-json\/wp\/v2\/types\/product"}],"replies":[{"embeddable":true,"href":"https:\/\/comprasyconsejos.store\/en\/wp-json\/wp\/v2\/comments?post=40315"}],"version-history":[{"count":0,"href":"https:\/\/comprasyconsejos.store\/en\/wp-json\/wp\/v2\/product\/40315\/revisions"}],"wp:attachment":[{"href":"https:\/\/comprasyconsejos.store\/en\/wp-json\/wp\/v2\/media?parent=40315"}],"wp:term":[{"taxonomy":"product_brand","embeddable":true,"href":"https:\/\/comprasyconsejos.store\/en\/wp-json\/wp\/v2\/product_brand?post=40315"},{"taxonomy":"product_cat","embeddable":true,"href":"https:\/\/comprasyconsejos.store\/en\/wp-json\/wp\/v2\/product_cat?post=40315"},{"taxonomy":"product_tag","embeddable":true,"href":"https:\/\/comprasyconsejos.store\/en\/wp-json\/wp\/v2\/product_tag?post=40315"}],"curies":[{"name":"wp","href":"https:\/\/api.w.org\/{rel}","templated":true}]}}