{"id":40317,"date":"2026-03-30T08:02:18","date_gmt":"2026-03-30T08:02:18","guid":{"rendered":"https:\/\/comprasyconsejos.store\/product\/proyector%e3%80%901400-ansi-app-oficial-integrada-36w-dolby%e3%80%91smart-proyector-4k-compatible-con-netflix-ai-auto-focus-keystone-proyector1080p-nativo-wifi6-bluetooth5-2-zoom-50-cine-en-casa-exte\/"},"modified":"2026-03-30T08:02:18","modified_gmt":"2026-03-30T08:02:18","slug":"proyector%e3%80%901400-ansi-app-oficial-integrada-36w-dolby%e3%80%91smart-proyector-4k-compatible-con-netflix-ai-auto-focus-keystone-proyector1080p-nativo-wifi6-bluetooth5-2-zoom-50-cine-en-casa-exte","status":"publish","type":"product","link":"https:\/\/comprasyconsejos.store\/en\/product\/proyector%e3%80%901400-ansi-app-oficial-integrada-36w-dolby%e3%80%91smart-proyector-4k-compatible-con-netflix-ai-auto-focus-keystone-proyector1080p-nativo-wifi6-bluetooth5-2-zoom-50-cine-en-casa-exte\/","title":{"rendered":"Proyector\u30101400 ANSI\/App Oficial Integrada\/36W Dolby\u3011Smart Proyector 4K Compatible con Netflix AI Auto Focus\/Keystone, Proyector1080P Nativo WiFi6 Bluetooth5.2 Zoom 50% Cine en Casa\/Exterior para Movil"},"content":{"rendered":"<p>&#8211; \ud83d\udc96\u30101400 ANSI L\u00famenes &amp; Proyector 4k Soporte\u3011El proyector TOPTRO X9 es el primer proyector inteligente ultrabrillante que combina 1400 l\u00famenes ANSI, un compatible con Netflix y dos altavoces de 18 W, lo que te permite disfrutar de un cine en casa de alta calidad incluso con luz ambiental. La resoluci\u00f3n nativa 1080P, una relaci\u00f3n de contraste de 30 000:1 y una gama de colores NTSC de hasta el 120% ofrecen gran profundidad y detalle. Una lente de cristal de precisi\u00f3n garantiza una imagen uniforme, eliminando el desenfoque de los bordes y mejorando la claridad. Ya sea que est\u00e9s viendo una pel\u00edcula o haciendo una presentaci\u00f3n, proyector 1080P nativo compatible con Netflix es la opci\u00f3n perfecta.<br \/>\n&#8211; \ud83d\udc96\u3010Altavoces Est\u00e9reo de 36 W y Dolby Audio\u3011El proyector X9 4K es un dispositivo todo en uno que combina un dise\u00f1o de altavoces expuestos de 36 W con Dolby Audio. Los altavoces expuestos reducen eficazmente la resonancia del gabinete, lo que resulta en un entorno sonoro m\u00e1s natural y espacioso. Este proyector Wi-Fi Bluetooth cuenta con tecnolog\u00eda avanzada de diafragma Dolby, que ofrece graves profundos y un sonido n\u00edtido sin distorsi\u00f3n. Reproduce a la perfecci\u00f3n explosiones de pel\u00edculas, melod\u00edas de conciertos y pasos de juego para una experiencia cinematogr\u00e1fica inmersiva.<br \/>\n&#8211; \ud83d\udc96\u3010APP Oficial Integrado: Disfruta de Much\u00edsimo Contenido\u3011Este proyector Full HD 1080P te permite acceder a apps populares como compatible con Netflix, Dis+, YouTube y Prime Video con un solo toque, lo que te permite disfrutar de 1,2 millones de pel\u00edculas y series sin necesidad de un adaptador de TV. Tambi\u00e9n ofrece la funci\u00f3n \u00abAbrir en el navegador\u00bb para personalizar tu experiencia. A diferencia de los proyectores port\u00e1tiles Android TV, elimina las restricciones de las apps. Disfruta del mejor proyector de cine en casa todo en uno sin las complicaciones de una configuraci\u00f3n tediosa.<br \/>\n&#8211; \ud83d\udc96\u3010[Ajuste Inteligente Autom\u00e1tico de AI &amp; Zoom 50%\u3011Proyector 4K inteligente cuenta con enfoque autom\u00e1tico, correcci\u00f3n trapezoidal 6D y nuevas funciones para evitar obst\u00e1culos y alineaci\u00f3n de pantalla. Los sensores integrados de alta precisi\u00f3n garantizan que la imagen se adapte autom\u00e1ticamente a los bordes de la pantalla y evite obst\u00e1culos. Ya sea que lo coloques o lo muevas, obtendr\u00e1s al instante una proyecci\u00f3n rectangular n\u00edtida y clara. La alternancia entre relaciones de aspecto 4:3 y 16:9 y la funci\u00f3n de zoom del 50% te permiten ajustar libremente el tama\u00f1o de la imagen para adaptarlo a tu espacio, lo que facilita su uso incluso para principiantes y ofrece la mejor experiencia visual.<br \/>\n&#8211; \ud83d\udc96\u3010WiFi 6 &amp; Bluetooth 5.2\u3011La conectividad WiFi 6 y Bluetooth garantiza una sincronizaci\u00f3n perfecta con diversos dispositivos, ya sea para compartir fotos y v\u00eddeos en la pantalla o conectar altavoces o auriculares inal\u00e1mbricos. Bluetooth 5.2 tambi\u00e9n admite entrada de audio. Con un solo clic en el bot\u00f3n de emparejamiento, el proyector se transforma instant\u00e1neamente en un altavoz Bluetooth de alta calidad, para que disfrutes de tu m\u00fasica favorita en cualquier momento.<br \/>\n&#8211; \ud83d\udc96\u3010Interfaces Ricas &amp; Dise\u00f1o Multifuncional\u3011El proyector Bluetooth Wi-Fi 1080P incluye: Este proyector 4K est\u00e1 equipado con un puerto HDMI ARC\/CEC (sin necesidad de un cable de audio adicional) y una salida de audio USB\/3.5 mm. Se puede conectar a PC\/PS5\/Switch\/dispositivos iOS\/Android, satisfaciendo tus diversas necesidades de trabajo, entretenimiento, juegos y m\u00e1s. Disfruta de la comodidad de un solo dispositivo para m\u00faltiples usos. El proyector permite personalizar el brillo, el contraste y otros ajustes para crear la calidad de imagen que deseas. Tambi\u00e9n puedes personalizar el temporizador de apagado para ahorrar energ\u00eda y mayor comodidad.<br \/>\n&#8211; \ud83d\udc96\u3010M\u00faltiples M\u00e9todos de Montaje &amp; Garant\u00eda de 3 a\u00f1os\u3011 El proyector para movil utiliza cuatro orificios para tornillos de 6,35 mm, lo que lo hace apto para cualquier instalaci\u00f3n, incluyendo techo, mesa, tr\u00edpode y pared. TOPTRO ofrece 3 a\u00f1os de garant\u00eda y soporte t\u00e9cnico de por vida. Consulta la Gu\u00eda de inicio r\u00e1pido incluida para ver un video instructivo y un manual de usuario detallado. Si necesitas m\u00e1s ayuda, no dudes en contactarnos. Tambi\u00e9n encontrar\u00e1s videotutoriales detallados sobre este proyector de cine en casa en el canal oficial de YouTube de TOPTRO.<\/p>","protected":false},"excerpt":{"rendered":"<p>&#8211; \ud83d\udc96\u30101400 ANSI L\u00famenes &amp; Proyector 4k Soporte\u3011El proyector TOPTRO X9 es el primer proyector inteligente ultrabrillante que combina 1400<\/p>","protected":false},"featured_media":0,"comment_status":"open","ping_status":"closed","template":"","meta":[],"product_brand":[],"product_cat":[101],"product_tag":[],"class_list":{"0":"post-40317","1":"product","2":"type-product","3":"status-publish","5":"product_cat-accessories","7":"first","8":"instock","9":"sale","10":"shipping-taxable","11":"product-type-external"},"_links":{"self":[{"href":"https:\/\/comprasyconsejos.store\/en\/wp-json\/wp\/v2\/product\/40317","targetHints":{"allow":["GET"]}}],"collection":[{"href":"https:\/\/comprasyconsejos.store\/en\/wp-json\/wp\/v2\/product"}],"about":[{"href":"https:\/\/comprasyconsejos.store\/en\/wp-json\/wp\/v2\/types\/product"}],"replies":[{"embeddable":true,"href":"https:\/\/comprasyconsejos.store\/en\/wp-json\/wp\/v2\/comments?post=40317"}],"version-history":[{"count":0,"href":"https:\/\/comprasyconsejos.store\/en\/wp-json\/wp\/v2\/product\/40317\/revisions"}],"wp:attachment":[{"href":"https:\/\/comprasyconsejos.store\/en\/wp-json\/wp\/v2\/media?parent=40317"}],"wp:term":[{"taxonomy":"product_brand","embeddable":true,"href":"https:\/\/comprasyconsejos.store\/en\/wp-json\/wp\/v2\/product_brand?post=40317"},{"taxonomy":"product_cat","embeddable":true,"href":"https:\/\/comprasyconsejos.store\/en\/wp-json\/wp\/v2\/product_cat?post=40317"},{"taxonomy":"product_tag","embeddable":true,"href":"https:\/\/comprasyconsejos.store\/en\/wp-json\/wp\/v2\/product_tag?post=40317"}],"curies":[{"name":"wp","href":"https:\/\/api.w.org\/{rel}","templated":true}]}}