{"id":40319,"date":"2026-03-30T16:08:04","date_gmt":"2026-03-30T16:08:04","guid":{"rendered":"https:\/\/comprasyconsejos.store\/product\/prismaticos-ninos-con-zoom-optico-10x-y-camara-fotos-de-48-mp-grabacion-de-video-1080p-vision-nocturna-25m-aptos-a-partir-de-3-anos-ideales-para-observacion-de-animales-y-exterior-azul\/"},"modified":"2026-03-30T16:08:04","modified_gmt":"2026-03-30T16:08:04","slug":"prismaticos-ninos-con-zoom-optico-10x-y-camara-fotos-de-48-mp-grabacion-de-video-1080p-vision-nocturna-25m-aptos-a-partir-de-3-anos-ideales-para-observacion-de-animales-y-exterior-azul","status":"publish","type":"product","link":"https:\/\/comprasyconsejos.store\/en\/product\/prismaticos-ninos-con-zoom-optico-10x-y-camara-fotos-de-48-mp-grabacion-de-video-1080p-vision-nocturna-25m-aptos-a-partir-de-3-anos-ideales-para-observacion-de-animales-y-exterior-azul\/","title":{"rendered":"Prism\u00e1ticos Ni\u00f1os con Zoom \u00d3ptico 10x y C\u00e1mara &#8211; Fotos de 48 MP &amp; Grabaci\u00f3n de Video 1080P, Visi\u00f3n Nocturna 25m, Aptos a Partir de 3 a\u00f1os, Ideales para observaci\u00f3n de Animales y Exterior | Azul"},"content":{"rendered":"<p>&#8211; [Pantalla IPS 2,4&#8243; &amp; Grabaci\u00f3n 48MP\/1080P] Captura cada momento: estos prism\u00e1ticos digitales cuentan con una impresionante resoluci\u00f3n fotogr\u00e1fica de 48 MP y v\u00eddeos FHD 1080P n\u00edtidos. En la brillante pantalla IPS de 2,4 pulgadas, suave para los ojos, los ni\u00f1os pueden ver sus descubrimientos al instante y mostrarlos con orgullo a sus amigos \u2013 sin m\u00f3vil ni ordenador.<br \/>\n&#8211; [Emozionanti avventure con visione notturna] Vedi come un gufo : Grazie alla vera tecnologia a infrarossi 850 nm (funzione visione notturna), i piccoli esploratori possono vedere fino a 25 metri anche nel buio pi\u00f9 totale. Questo rende il binocolo il protagonista di ogni escursione notturna, campeggio o osservazione di animali notturni in giardino.<br \/>\n&#8211; [Zoom 10x &amp; Messa a fuoco precisa] Avvicinate tutto : Il sistema ottico con diametro obiettivo 25 mm e potente zoom 10x porta uccelli, cime degli alberi o atleti direttamente davanti ai vostri occhi. La messa a fuoco manuale \u00e8 facilissima da usare e garantisce immagini nitide, mentre il design ergonomico si tiene saldamente nelle piccole mani.<br \/>\n&#8211; [Ricaricabile &amp; Espandibile] Pronto per lunghe uscite : La batteria integrata da 2000 mAh offre ore di divertimento e si ricarda comodamente tramite porta USB-C (non \u00e8 necessario acquistare pile). Lo storage \u00e8 espandibile fino a 128 GB con scheda MicroSD, per archiviare migliaia di foto e video.<br \/>\n&#8211; [Regalo outdoor robusto dai 4 anni in su] Ideale per piccoli esploratori della natura : Con 5 livelli di luminosit\u00e0 regolabili e una scocca resistente, questo giocattolo \u00e8 perfetto per l\u2019esterno. Sviluppa la capacit\u00e0 di osservazione e l\u2019interesse per la natura. Il regalo ideale per Natale, Pasqua o compleanni per maschi e femmine.<\/p>\n","protected":false},"excerpt":{"rendered":"<p>&#8211; [Pantalla IPS 2,4&#8243; &amp; Grabaci\u00f3n 48MP\/1080P] Captura cada momento: estos prism\u00e1ticos digitales cuentan con una impresionante resoluci\u00f3n fotogr\u00e1fica de<\/p>\n","protected":false},"featured_media":0,"comment_status":"open","ping_status":"closed","template":"","meta":[],"product_brand":[],"product_cat":[101],"product_tag":[],"class_list":{"0":"post-40319","1":"product","2":"type-product","3":"status-publish","5":"product_cat-accessories","7":"first","8":"instock","9":"shipping-taxable","10":"product-type-external"},"_links":{"self":[{"href":"https:\/\/comprasyconsejos.store\/en\/wp-json\/wp\/v2\/product\/40319","targetHints":{"allow":["GET"]}}],"collection":[{"href":"https:\/\/comprasyconsejos.store\/en\/wp-json\/wp\/v2\/product"}],"about":[{"href":"https:\/\/comprasyconsejos.store\/en\/wp-json\/wp\/v2\/types\/product"}],"replies":[{"embeddable":true,"href":"https:\/\/comprasyconsejos.store\/en\/wp-json\/wp\/v2\/comments?post=40319"}],"version-history":[{"count":0,"href":"https:\/\/comprasyconsejos.store\/en\/wp-json\/wp\/v2\/product\/40319\/revisions"}],"wp:attachment":[{"href":"https:\/\/comprasyconsejos.store\/en\/wp-json\/wp\/v2\/media?parent=40319"}],"wp:term":[{"taxonomy":"product_brand","embeddable":true,"href":"https:\/\/comprasyconsejos.store\/en\/wp-json\/wp\/v2\/product_brand?post=40319"},{"taxonomy":"product_cat","embeddable":true,"href":"https:\/\/comprasyconsejos.store\/en\/wp-json\/wp\/v2\/product_cat?post=40319"},{"taxonomy":"product_tag","embeddable":true,"href":"https:\/\/comprasyconsejos.store\/en\/wp-json\/wp\/v2\/product_tag?post=40319"}],"curies":[{"name":"wp","href":"https:\/\/api.w.org\/{rel}","templated":true}]}}