{"id":40320,"date":"2026-04-01T12:37:15","date_gmt":"2026-04-01T12:37:15","guid":{"rendered":"https:\/\/comprasyconsejos.store\/product\/1edo-cargador-magnetico-rotativo-65w-carga-rapida-con-pd3-0-pps-compatible-con-macbook-air-sumsung-galaxy-s25-s24-s23-google-pixel-iphone-17-16-15-14-air-seriescable-incluido\/"},"modified":"2026-04-01T12:37:15","modified_gmt":"2026-04-01T12:37:15","slug":"1edo-cargador-magnetico-rotativo-65w-carga-rapida-con-pd3-0-pps-compatible-con-macbook-air-sumsung-galaxy-s25-s24-s23-google-pixel-iphone-17-16-15-14-air-seriescable-incluido","status":"publish","type":"product","link":"https:\/\/comprasyconsejos.store\/en\/product\/1edo-cargador-magnetico-rotativo-65w-carga-rapida-con-pd3-0-pps-compatible-con-macbook-air-sumsung-galaxy-s25-s24-s23-google-pixel-iphone-17-16-15-14-air-seriescable-incluido\/","title":{"rendered":"1\u00b0edo Cargador Magn\u00e9tico Rotativo 65W, Carga Rapida con PD3.0\/PPS, Compatible con MacBook Air, Sumsung Galaxy S25\/S24\/S23, Google Pixel, iPhone 17\/16\/15\/14 Air Series(Cable Incluido)"},"content":{"rendered":"<p>&#8211; Carga Ultrarr\u00e1pida 65W PD 3.0: gracias a su chip avanzado ofrece una potencia total de 65 W con PD 3.0 + PPS. Este cargador r\u00e1pido 65W GaN Magn\u00e9tico-C carga Compatible con iPhone 17, 16 o 15 hasta el 50 % en solo 25 minutos, carga r\u00e1pidamente Compatible con MacBook Air, iPad Pro, AirPods Pro y es compatible con todos los dispositivos USB-C como Samsung Galaxy, Google Pixel y m\u00e1s<br \/>\n&#8211; Conector Magn\u00e9tico Rotativo Patentado: conector Magn\u00e9tico-C rotativo patentado en cargador y cable evita da\u00f1os por dobleces y desconexiones accidentales conexiones r\u00e1pidas y c\u00f3modas que prolongan notablemente la vida \u00fatil de tus accesorios<br \/>\n&#8211; Dise\u00f1o Ultra Port\u00e1til Compacto: cuerpo esf\u00e9rico compacto de 77,35 \u00d7 42 \u00d7 42 mm con enchufe EU ligero cabe f\u00e1cilmente en cualquier bolsillo o mano revestimiento premium PC+caucho soft-touch para un agarre c\u00f3modo y antideslizante disponible en rojo azul naranja o blanco<br \/>\n&#8211; Seguridad M\u00e1xima con Protecci\u00f3n Integral: control de temperatura NTC + protecci\u00f3n contra sobrecorriente sobretensi\u00f3n y cortocircuitos carcasa ign\u00edfuga resistente al fuego y dise\u00f1o de alta eficiencia que mantiene el cargador notablemente m\u00e1s fr\u00edo y seguro<br \/>\n&#8211; Paquete Completo Incluido: cargador magn\u00e9tico de 65 W + Magn\u00e9tico-C cable + gu\u00eda de bienvenida + garant\u00eda de 24 meses y nuestro servicio de atenci\u00f3n al cliente siempre disponible este cargador usb c 65w todo listo para usar desde el primer momento<\/p>","protected":false},"excerpt":{"rendered":"<p>&#8211; Carga Ultrarr\u00e1pida 65W PD 3.0: gracias a su chip avanzado ofrece una potencia total de 65 W con PD<\/p>","protected":false},"featured_media":0,"comment_status":"open","ping_status":"closed","template":"","meta":[],"product_brand":[],"product_cat":[101],"product_tag":[],"class_list":{"0":"post-40320","1":"product","2":"type-product","3":"status-publish","5":"product_cat-accessories","7":"first","8":"instock","9":"shipping-taxable","10":"product-type-external"},"_links":{"self":[{"href":"https:\/\/comprasyconsejos.store\/en\/wp-json\/wp\/v2\/product\/40320","targetHints":{"allow":["GET"]}}],"collection":[{"href":"https:\/\/comprasyconsejos.store\/en\/wp-json\/wp\/v2\/product"}],"about":[{"href":"https:\/\/comprasyconsejos.store\/en\/wp-json\/wp\/v2\/types\/product"}],"replies":[{"embeddable":true,"href":"https:\/\/comprasyconsejos.store\/en\/wp-json\/wp\/v2\/comments?post=40320"}],"version-history":[{"count":0,"href":"https:\/\/comprasyconsejos.store\/en\/wp-json\/wp\/v2\/product\/40320\/revisions"}],"wp:attachment":[{"href":"https:\/\/comprasyconsejos.store\/en\/wp-json\/wp\/v2\/media?parent=40320"}],"wp:term":[{"taxonomy":"product_brand","embeddable":true,"href":"https:\/\/comprasyconsejos.store\/en\/wp-json\/wp\/v2\/product_brand?post=40320"},{"taxonomy":"product_cat","embeddable":true,"href":"https:\/\/comprasyconsejos.store\/en\/wp-json\/wp\/v2\/product_cat?post=40320"},{"taxonomy":"product_tag","embeddable":true,"href":"https:\/\/comprasyconsejos.store\/en\/wp-json\/wp\/v2\/product_tag?post=40320"}],"curies":[{"name":"wp","href":"https:\/\/api.w.org\/{rel}","templated":true}]}}