{"id":40321,"date":"2026-04-01T16:58:43","date_gmt":"2026-04-01T16:58:43","guid":{"rendered":"https:\/\/comprasyconsejos.store\/product\/vortisys-160-x-50-cm-espejo-de-cuerpo-entero-cristal-templado-espejo-arqueado-con-soporte-marco-de-aleacion-de-aluminio-para-dormitorio-salon-vestuario\/"},"modified":"2026-04-01T16:58:43","modified_gmt":"2026-04-01T16:58:43","slug":"vortisys-160-x-50-cm-espejo-de-cuerpo-entero-cristal-templado-espejo-arqueado-con-soporte-marco-de-aleacion-de-aluminio-para-dormitorio-salon-vestuario","status":"publish","type":"product","link":"https:\/\/comprasyconsejos.store\/en\/product\/vortisys-160-x-50-cm-espejo-de-cuerpo-entero-cristal-templado-espejo-arqueado-con-soporte-marco-de-aleacion-de-aluminio-para-dormitorio-salon-vestuario\/","title":{"rendered":"Vortisys 160 x 50 cm Espejo de Cuerpo Entero, Cristal Templado, Espejo Arqueado con Soporte, Marco de Aleaci\u00f3n de Aluminio, para Dormitorio, Sal\u00f3n, Vestuario"},"content":{"rendered":"<p>&#8211; \u3010Marco de aleaci\u00f3n de aluminio resistente y duradero\u3011 El marco est\u00e1 fabricado en aleaci\u00f3n de aluminio, lo que le proporciona estabilidad, resistencia al agua y al \u00f3xido, y una gran durabilidad. Este espejo de cuerpo entero es ideal para dormitorios, salones, vestidores, pasillos y tiendas de moda. Su dise\u00f1o moderno se adapta perfectamente a diferentes estilos de decoraci\u00f3n, aportando un toque de elegancia a su hogar.<br \/>\n&#8211; \u3010M\u00faltiples m\u00e9todos de colocaci\u00f3n\u3011 Vortisys espejo de cuerpo entero ofrece opciones de montaje flexibles. Puede montarse en la pared o colocarse contra la pared. El espejo viene con un soporte en forma de U para que pueda colocarlo en su sal\u00f3n o dormitorio. Nuestro paquete viene con instrucciones de montaje y accesorios de montaje para adaptarse a sus necesidades.<br \/>\n&#8211; \u3010Dise\u00f1o elegante y de moda\u3011 el elegante marco de aleaci\u00f3n de aluminio y las esquinas redondeadas del espejo de cuerpo entero curvado le dan a su hogar una sensaci\u00f3n de lujo y moda. Coloque este espejo en la sala de estar o en la entrada para agregar un toque \u00fanico a su habitaci\u00f3n mientras decora con estilo.<br \/>\n&#8211; \u3010Dise\u00f1o curvado\u3011 El espejo de cuerpo entero con dise\u00f1o curvado tiene unas dimensiones de 160 x 50 cm. Su gran tama\u00f1o le permite verse completamente de un solo vistazo sin necesidad de alejarse demasiado. Combinando funcionalidad y est\u00e9tica, este espejo de pie con un dise\u00f1o curvado y elegante no solo es un accesorio pr\u00e1ctico, sino tambi\u00e9n un elemento decorativo que realza el estilo general de su hogar.<br \/>\n&#8211; \u3010Atenci\u00f3n al cliente de alta calidad\u3011 El espejo est\u00e1 cuidadosamente embalado con espuma de protecci\u00f3n para minimizar el riesgo de ara\u00f1azos o da\u00f1os durante el transporte. Si tiene alg\u00fan problema, nuestro equipo de atenci\u00f3n al cliente estar\u00e1 encantado de ofrecerle una soluci\u00f3n satisfactoria.<\/p>","protected":false},"excerpt":{"rendered":"<p>&#8211; \u3010Marco de aleaci\u00f3n de aluminio resistente y duradero\u3011 El marco est\u00e1 fabricado en aleaci\u00f3n de aluminio, lo que le<\/p>","protected":false},"featured_media":0,"comment_status":"open","ping_status":"closed","template":"","meta":[],"product_brand":[],"product_cat":[101],"product_tag":[],"class_list":{"0":"post-40321","1":"product","2":"type-product","3":"status-publish","5":"product_cat-accessories","7":"first","8":"instock","9":"shipping-taxable","10":"product-type-external"},"_links":{"self":[{"href":"https:\/\/comprasyconsejos.store\/en\/wp-json\/wp\/v2\/product\/40321","targetHints":{"allow":["GET"]}}],"collection":[{"href":"https:\/\/comprasyconsejos.store\/en\/wp-json\/wp\/v2\/product"}],"about":[{"href":"https:\/\/comprasyconsejos.store\/en\/wp-json\/wp\/v2\/types\/product"}],"replies":[{"embeddable":true,"href":"https:\/\/comprasyconsejos.store\/en\/wp-json\/wp\/v2\/comments?post=40321"}],"version-history":[{"count":0,"href":"https:\/\/comprasyconsejos.store\/en\/wp-json\/wp\/v2\/product\/40321\/revisions"}],"wp:attachment":[{"href":"https:\/\/comprasyconsejos.store\/en\/wp-json\/wp\/v2\/media?parent=40321"}],"wp:term":[{"taxonomy":"product_brand","embeddable":true,"href":"https:\/\/comprasyconsejos.store\/en\/wp-json\/wp\/v2\/product_brand?post=40321"},{"taxonomy":"product_cat","embeddable":true,"href":"https:\/\/comprasyconsejos.store\/en\/wp-json\/wp\/v2\/product_cat?post=40321"},{"taxonomy":"product_tag","embeddable":true,"href":"https:\/\/comprasyconsejos.store\/en\/wp-json\/wp\/v2\/product_tag?post=40321"}],"curies":[{"name":"wp","href":"https:\/\/api.w.org\/{rel}","templated":true}]}}