{"id":40324,"date":"2026-04-01T20:56:14","date_gmt":"2026-04-01T20:56:14","guid":{"rendered":"https:\/\/comprasyconsejos.store\/product\/aspirador-de-mano-26000pa-4-in-1-aspirador-sin-cable-potente-descarga-de-polvo-con-un-solo-toque-motor-sin-escobillaspantalla-hd-e-iluminacion-ledaspirador-coche-para-hogar-oficina-coche-naranja\/"},"modified":"2026-04-01T20:56:14","modified_gmt":"2026-04-01T20:56:14","slug":"aspirador-de-mano-26000pa-4-in-1-aspirador-sin-cable-potente-descarga-de-polvo-con-un-solo-toque-motor-sin-escobillaspantalla-hd-e-iluminacion-ledaspirador-coche-para-hogar-oficina-coche-naranja","status":"publish","type":"product","link":"https:\/\/comprasyconsejos.store\/en\/product\/aspirador-de-mano-26000pa-4-in-1-aspirador-sin-cable-potente-descarga-de-polvo-con-un-solo-toque-motor-sin-escobillaspantalla-hd-e-iluminacion-ledaspirador-coche-para-hogar-oficina-coche-naranja\/","title":{"rendered":"Aspirador de Mano, 26000Pa 4-in-1 Aspirador Sin Cable Potente, Descarga de Polvo con un Solo Toque, Motor Sin Escobillas,Pantalla HD e Iluminaci\u00f3n LED,Aspirador Coche para Hogar\/Oficina\/Coche, Naranja"},"content":{"rendered":"<p>&#8211; \u3010Potencia de succi\u00f3n de 26 000 Pa\u3011: esta aspiradora de mano est\u00e1 equipada con un avanzado motor sin escobillas de alta velocidad que gira a hasta 90 000 revoluciones por minuto. Esta potente aspiradora de mano inal\u00e1mbrica es un 80 % m\u00e1s potente que los modelos convencionales. Su potente succi\u00f3n limpia con facilidad el interior de los coches y los sof\u00e1s, los cajones de los escritorios, los teclados de los ordenadores, las alfombras, las rendijas de puertas y ventanas, as\u00ed como el pelo de las mascotas, las migas, el polvo y la arena.<br \/>\n&#8211; \u3010Multifunci\u00f3n 4 en 1\u3011: La aspiradora para coches tiene cuatro funciones principales: aspirar, soplar polvo, inflar y bombear al vac\u00edo. La aspiradora para coche viene con una variedad de accesorios, como boquilla, cabezal de cepillo y manguera larga, etc., que se pueden montar de forma flexible para satisfacer diferentes necesidades. No solo puede limpiar el polvo y los residuos, soplar el polvo de las pantallas\/placas base electr\u00f3nicas, inflar globos\/flotadores\/colchones hinchables, etc., sino que tambi\u00e9n puede extraer aire para comprimir y almacenar la ropa.<br \/>\n&#8211; \u3010Vaciado de polvo con un solo toque\u3011: La caja de recogida de polvo de la aspirador de mano se ha mejorado con un dise\u00f1o a presi\u00f3n que facilita el vaciado de los residuos con solo pulsar un bot\u00f3n, por lo que no es necesario esforzarse para retirar la caja y se evitan ensuciarse las manos. Viene con dos filtros HEPA de alta densidad y una cubierta met\u00e1lica para el filtro que filtra eficazmente el polvo fino y purifica el aire. Los filtros y todos los dem\u00e1s accesorios son lavables, se secan al aire y son reutilizables.<br \/>\n&#8211; \u3010Pantalla digital HD\u3011La aspiradora inal\u00e1mbrica de mano est\u00e1 equipada con una pantalla digital que muestra el nivel de bater\u00eda y el modo de actividad de la aspiradora en tiempo real. El nivel de bater\u00eda se indica mediante un anillo LED, lo que le da un toque de estilo. La pantalla se ilumina de manera uniforme para ofrecer una mejor experiencia visual y hace que el uso de esta aspiradora de mano sea m\u00e1s f\u00e1cil e intuitivo. La luz se ha colocado cuidadosamente en el cuerpo para ayudarle a limpiar incluso en los rincones m\u00e1s oscuros.<br \/>\n&#8211; \u3010Port\u00e1til y de larga duraci\u00f3n\u3011: Esta aspirador coche cuenta con un dise\u00f1o sin cables, una bater\u00eda integrada de alta capacidad de 8000 mAh con cable de carga r\u00e1pida USB-C, tarda solo unas 2 horas en cargarse completamente y est\u00e1 equipada con un indicador de energ\u00eda para comprobar el nivel de energ\u00eda en cualquier momento. Toda la m\u00e1quina es compacta y ligera, dise\u00f1ada para ser f\u00e1cil de transportar, es la mejor compa\u00f1era para viajar y limpiar en campings.<\/p>","protected":false},"excerpt":{"rendered":"<p>&#8211; \u3010Potencia de succi\u00f3n de 26 000 Pa\u3011: esta aspiradora de mano est\u00e1 equipada con un avanzado motor sin escobillas<\/p>","protected":false},"featured_media":0,"comment_status":"open","ping_status":"closed","template":"","meta":[],"product_brand":[],"product_cat":[101],"product_tag":[],"class_list":{"0":"post-40324","1":"product","2":"type-product","3":"status-publish","5":"product_cat-accessories","7":"first","8":"instock","9":"shipping-taxable","10":"product-type-external"},"_links":{"self":[{"href":"https:\/\/comprasyconsejos.store\/en\/wp-json\/wp\/v2\/product\/40324","targetHints":{"allow":["GET"]}}],"collection":[{"href":"https:\/\/comprasyconsejos.store\/en\/wp-json\/wp\/v2\/product"}],"about":[{"href":"https:\/\/comprasyconsejos.store\/en\/wp-json\/wp\/v2\/types\/product"}],"replies":[{"embeddable":true,"href":"https:\/\/comprasyconsejos.store\/en\/wp-json\/wp\/v2\/comments?post=40324"}],"version-history":[{"count":0,"href":"https:\/\/comprasyconsejos.store\/en\/wp-json\/wp\/v2\/product\/40324\/revisions"}],"wp:attachment":[{"href":"https:\/\/comprasyconsejos.store\/en\/wp-json\/wp\/v2\/media?parent=40324"}],"wp:term":[{"taxonomy":"product_brand","embeddable":true,"href":"https:\/\/comprasyconsejos.store\/en\/wp-json\/wp\/v2\/product_brand?post=40324"},{"taxonomy":"product_cat","embeddable":true,"href":"https:\/\/comprasyconsejos.store\/en\/wp-json\/wp\/v2\/product_cat?post=40324"},{"taxonomy":"product_tag","embeddable":true,"href":"https:\/\/comprasyconsejos.store\/en\/wp-json\/wp\/v2\/product_tag?post=40324"}],"curies":[{"name":"wp","href":"https:\/\/api.w.org\/{rel}","templated":true}]}}