{"id":40325,"date":"2026-04-01T21:21:18","date_gmt":"2026-04-01T21:21:18","guid":{"rendered":"https:\/\/comprasyconsejos.store\/product\/auriculares-inalambricos-bluetooth-5-3-in-ear-headset-con-cancelacion-ruido-hd-mic-24h-estereo-con-control-tactil-cascos-inalambricos-ipx8-impermeable-bluetooth-auriculares-para-android-ios\/"},"modified":"2026-04-01T21:21:18","modified_gmt":"2026-04-01T21:21:18","slug":"auriculares-inalambricos-bluetooth-5-3-in-ear-headset-con-cancelacion-ruido-hd-mic-24h-estereo-con-control-tactil-cascos-inalambricos-ipx8-impermeable-bluetooth-auriculares-para-android-ios","status":"publish","type":"product","link":"https:\/\/comprasyconsejos.store\/en\/product\/auriculares-inalambricos-bluetooth-5-3-in-ear-headset-con-cancelacion-ruido-hd-mic-24h-estereo-con-control-tactil-cascos-inalambricos-ipx8-impermeable-bluetooth-auriculares-para-android-ios\/","title":{"rendered":"Auriculares Inal\u00e1mbricos, Bluetooth 5.3 In-Ear Headset con Cancelacion Ruido HD Mic, 24H Est\u00e9reo con Control T\u00e1ctil Cascos Inalambricos, IPX8 Impermeable Bluetooth Auriculares para Android\/ iOS"},"content":{"rendered":"<p>&#8211; Bluetooth 5.3 y emparejamiento en un solo paso: Cuyuuci Auriculares inal\u00e1mbricos Bluetooth adoptan la \u00faltima tecnolog\u00eda Bluetooth 5.3, proporcionando una transmisi\u00f3n de se\u00f1al m\u00e1s r\u00e1pida y estable y conexiones de mayor velocidad. Tras la conexi\u00f3n inicial, los auriculares inal\u00e1mbricos se conectar\u00e1n autom\u00e1ticamente al dispositivo cuando se abra el estuche de carga<br \/>\n&#8211; Compatibilidad Universal: Cuyuuci Auriculares inal\u00e1mbricos compatibles con bluetooth la mayor\u00eda de los reproductores de m\u00fasica bluetooth, incluidos IOS\/ Android\/ iPhone\/ Samsung\/ Hua wei\/ Mac y PC<br \/>\n&#8211; Sonido Est\u00e9reo Superior y Llamadas N\u00edtidas: Con altavoces de 13 mm y los \u00faltimos chips, los auriculares inal\u00e1mbricos ofrecen ricas armon\u00edas instrumentales, voces claras, graves contundentes y un sonido finamente equilibrado. Los auriculares bluetooth incorporan un micr\u00f3fono para llamadas, capaces de filtrar hasta el 88% del ruido de fondo, Disfrute de llamadas claras incluso cuando est\u00e9 en el autob\u00fas o en el centro comercial<br \/>\n&#8211; Impresionante Vida Util de la Bater\u00eda: Una sola carga se puede reproducir hasta 8 horas y el tiempo de carga es 1 hora m\u00e1s r\u00e1pido. La Caja de carga ampl\u00eda el tiempo de reproducci\u00f3n a 24 horas<br \/>\n&#8211; Dise\u00f1o Impermeable IPX8: Al usar nanomateriales ultraligeros, los auriculares inal\u00e1mbricos alcanzan el nivel impermeable IPX8, a prueba de polvo y lluvia, extremadamente ligeros, y el dise\u00f1o en el o\u00eddo se ajusta a la forma del o\u00eddo humano<\/p>","protected":false},"excerpt":{"rendered":"<p>&#8211; Bluetooth 5.3 y emparejamiento en un solo paso: Cuyuuci Auriculares inal\u00e1mbricos Bluetooth adoptan la \u00faltima tecnolog\u00eda Bluetooth 5.3, proporcionando<\/p>","protected":false},"featured_media":0,"comment_status":"open","ping_status":"closed","template":"","meta":[],"product_brand":[],"product_cat":[101],"product_tag":[],"class_list":{"0":"post-40325","1":"product","2":"type-product","3":"status-publish","5":"product_cat-accessories","7":"first","8":"instock","9":"shipping-taxable","10":"product-type-external"},"_links":{"self":[{"href":"https:\/\/comprasyconsejos.store\/en\/wp-json\/wp\/v2\/product\/40325","targetHints":{"allow":["GET"]}}],"collection":[{"href":"https:\/\/comprasyconsejos.store\/en\/wp-json\/wp\/v2\/product"}],"about":[{"href":"https:\/\/comprasyconsejos.store\/en\/wp-json\/wp\/v2\/types\/product"}],"replies":[{"embeddable":true,"href":"https:\/\/comprasyconsejos.store\/en\/wp-json\/wp\/v2\/comments?post=40325"}],"version-history":[{"count":0,"href":"https:\/\/comprasyconsejos.store\/en\/wp-json\/wp\/v2\/product\/40325\/revisions"}],"wp:attachment":[{"href":"https:\/\/comprasyconsejos.store\/en\/wp-json\/wp\/v2\/media?parent=40325"}],"wp:term":[{"taxonomy":"product_brand","embeddable":true,"href":"https:\/\/comprasyconsejos.store\/en\/wp-json\/wp\/v2\/product_brand?post=40325"},{"taxonomy":"product_cat","embeddable":true,"href":"https:\/\/comprasyconsejos.store\/en\/wp-json\/wp\/v2\/product_cat?post=40325"},{"taxonomy":"product_tag","embeddable":true,"href":"https:\/\/comprasyconsejos.store\/en\/wp-json\/wp\/v2\/product_tag?post=40325"}],"curies":[{"name":"wp","href":"https:\/\/api.w.org\/{rel}","templated":true}]}}