{"id":40326,"date":"2026-04-02T08:23:34","date_gmt":"2026-04-02T08:23:34","guid":{"rendered":"https:\/\/comprasyconsejos.store\/product\/zlonxun-2-pack-120w-cable-usb-c-compatible-con-33w-67w-para-xiaomi-redmi-note-14-13-12-11s-11-13-pro-8-9-pro-9t-xiaomi-mi-13-14-12t-11t-pro-11-lite-10t-pro-10-12-poco-x6-x5-c65-m5-x4-f3\/"},"modified":"2026-04-02T08:23:34","modified_gmt":"2026-04-02T08:23:34","slug":"zlonxun-2-pack-120w-cable-usb-c-compatible-con-33w-67w-para-xiaomi-redmi-note-14-13-12-11s-11-13-pro-8-9-pro-9t-xiaomi-mi-13-14-12t-11t-pro-11-lite-10t-pro-10-12-poco-x6-x5-c65-m5-x4-f3","status":"publish","type":"product","link":"https:\/\/comprasyconsejos.store\/en\/product\/zlonxun-2-pack-120w-cable-usb-c-compatible-con-33w-67w-para-xiaomi-redmi-note-14-13-12-11s-11-13-pro-8-9-pro-9t-xiaomi-mi-13-14-12t-11t-pro-11-lite-10t-pro-10-12-poco-x6-x5-c65-m5-x4-f3\/","title":{"rendered":"ZLONXUN 2-Pack 120W Cable USB C (compatible con 33W\/67W) para Xiaomi Redmi Note 14\/13\/12\/11s\/11\/13 Pro\/8 9 Pro 9T; Xiaomi Mi 13\/14\/12T\/11T Pro\/11 Lite\/10T Pro\/10\/12, POCO X6\/X5\/C65\/M5\/X4\/F3"},"content":{"rendered":"<p>&#8211; 120w de potencia, 6a de corriente.Compatible con dispositivos de 67W \/ 33W \/ 50W \/ 90W. El cable de cobre bruto puede soportar la corriente m\u00e1xima de 6a y la Potencia de 120w. Chip inteligente incorporado, capa de aluminio y platino, anti &#8211; interferencia de se\u00f1al. La velocidad de transmisi\u00f3n puede alcanzar los 480 mbps. por supuesto.<br \/>\n&#8211; Un cable de 1,5 metros de longitud es 1,5 veces m\u00e1s largo que el cable est\u00e1ndar. Esto te facilita cargar en diferentes ocasiones. Puedes usarlo f\u00e1cilmente al lado de la cama, debajo de la Mesa y al lado del sof\u00e1. Experimente la comodidad del cable de 1,5 metros.<br \/>\n&#8211; Modelo de tel\u00e9fono compatible: Xiaomi 14\/14 Ultra\/13T\/13T Pro\/13\/13 Pro\/13 Ultra\/13\/13 Pro+\/13 Lite\/12\/12 Pro\/12X\/12T\/12 Lite\/12T Pro\/11T Pro\/12S Pro\/CIVI 3\/CIVI 2\/MIX Fold 2,Redmi Note 14\/13\/13 Pro\/13 Pro+\/12\/12 Pro\/12 Pro+\/12T Pro\/11T Lite\/11T Pro+\/11T Pro\/11\/11S\/11 Pro\/10\/10S\/10 Pro\/9\/9T\/9 Pro\/9S\/8T,Xiaomi POCO X3 Pro\/X3 NFC\/F2 Pro\/F3\/F5 Pro\/F5\/C65\/X6\/X6 Pro\/M6 Pro\/M5<br \/>\n&#8211; Este n\u00facleo de cobre superconductor incorporado para el cable de carga C USB para Xiaomi permite una salida segura, y el m\u00e1ximo 6a carga su dispositivo a una velocidad s\u00faper r\u00e1pida. Este cable de carga r\u00e1pida tipo C admite una transmisi\u00f3n r\u00e1pida de datos, transmitiendo una gran cantidad de pel\u00edculas, archivos, canciones, etc<br \/>\n&#8211; Fortalecer la protecci\u00f3n externa, despu\u00e9s de la prueba de flexi\u00f3n, la vida \u00fatil de flexi\u00f3n es de m\u00e1s de 5000.<br \/>\n&#8211; Consejo: para obtener mejores resultados, use el cargador original.<\/p>","protected":false},"excerpt":{"rendered":"<p>&#8211; 120w de potencia, 6a de corriente.Compatible con dispositivos de 67W \/ 33W \/ 50W \/ 90W. El cable de<\/p>","protected":false},"featured_media":0,"comment_status":"open","ping_status":"closed","template":"","meta":[],"product_brand":[],"product_cat":[101],"product_tag":[],"class_list":{"0":"post-40326","1":"product","2":"type-product","3":"status-publish","5":"product_cat-accessories","7":"first","8":"instock","9":"shipping-taxable","10":"product-type-external"},"_links":{"self":[{"href":"https:\/\/comprasyconsejos.store\/en\/wp-json\/wp\/v2\/product\/40326","targetHints":{"allow":["GET"]}}],"collection":[{"href":"https:\/\/comprasyconsejos.store\/en\/wp-json\/wp\/v2\/product"}],"about":[{"href":"https:\/\/comprasyconsejos.store\/en\/wp-json\/wp\/v2\/types\/product"}],"replies":[{"embeddable":true,"href":"https:\/\/comprasyconsejos.store\/en\/wp-json\/wp\/v2\/comments?post=40326"}],"version-history":[{"count":0,"href":"https:\/\/comprasyconsejos.store\/en\/wp-json\/wp\/v2\/product\/40326\/revisions"}],"wp:attachment":[{"href":"https:\/\/comprasyconsejos.store\/en\/wp-json\/wp\/v2\/media?parent=40326"}],"wp:term":[{"taxonomy":"product_brand","embeddable":true,"href":"https:\/\/comprasyconsejos.store\/en\/wp-json\/wp\/v2\/product_brand?post=40326"},{"taxonomy":"product_cat","embeddable":true,"href":"https:\/\/comprasyconsejos.store\/en\/wp-json\/wp\/v2\/product_cat?post=40326"},{"taxonomy":"product_tag","embeddable":true,"href":"https:\/\/comprasyconsejos.store\/en\/wp-json\/wp\/v2\/product_tag?post=40326"}],"curies":[{"name":"wp","href":"https:\/\/api.w.org\/{rel}","templated":true}]}}