{"id":40327,"date":"2026-04-02T12:01:48","date_gmt":"2026-04-02T12:01:48","guid":{"rendered":"https:\/\/comprasyconsejos.store\/product\/masturbador-masculino-manual-juguetes-sexuales-hombre-12-vibracion-patron-masturbador-hombre-automatico-juguetes-eroticos-para\/"},"modified":"2026-04-02T12:01:48","modified_gmt":"2026-04-02T12:01:48","slug":"masturbador-masculino-manual-juguetes-sexuales-hombre-12-vibracion-patron-masturbador-hombre-automatico-juguetes-eroticos-para","status":"publish","type":"product","link":"https:\/\/comprasyconsejos.store\/en\/product\/masturbador-masculino-manual-juguetes-sexuales-hombre-12-vibracion-patron-masturbador-hombre-automatico-juguetes-eroticos-para\/","title":{"rendered":"Masturbador Masculino Manual Juguetes Sexuales Hombre 12 vibraci\u00f3n patr\u00f3n Masturbador Hombre Automatico Juguetes Er\u00f3ticos Para"},"content":{"rendered":"<p>&#8211; Masturbador Masculino Con 12 Modos, Orgasmo Explosivo: Para aumentar la libido, este masturbador masculino ofrece 12 modos Usar este vibrador de pene te har\u00e1 sentir como si tuvieras sexo con diferentes mujeres. Tanto si eres nuevo en el mundo de los masturbadores autom\u00e1ticos como si ya eres un usuario experimentado de juguetes sexuales para adultos, puedes elegir entre disfrutar de la estimulaci\u00f3n por succi\u00f3n o vibraci\u00f3n, o activar ambas funciones simult\u00e1neamente para llevar tu libido al extremo.<br \/>\n&#8211; Masturb\u00e1Dores Masculino M\u00e1S Vendido Bolsillo Con 12 Modos De Vibraci\u00f3N Para Hombres: Este masturbador autom\u00e1tico masculino cuenta con un potente motor con 12 niveles de vibraci\u00f3n para una estimulaci\u00f3n profunda del pene y el glande. La pared interna del masturbador masculino envuelve firmemente el pene, induciendo simult\u00e1neamente una intensa explosi\u00f3n de deseo sexual, como si estuvieras cabalgando dentro de la vagina de una mujer.<\/p>","protected":false},"excerpt":{"rendered":"<p>&#8211; Masturbador Masculino Con 12 Modos, Orgasmo Explosivo: Para aumentar la libido, este masturbador masculino ofrece 12 modos Usar este<\/p>","protected":false},"featured_media":0,"comment_status":"open","ping_status":"closed","template":"","meta":[],"product_brand":[],"product_cat":[101],"product_tag":[],"class_list":{"0":"post-40327","1":"product","2":"type-product","3":"status-publish","5":"product_cat-accessories","7":"first","8":"instock","9":"shipping-taxable","10":"product-type-external"},"_links":{"self":[{"href":"https:\/\/comprasyconsejos.store\/en\/wp-json\/wp\/v2\/product\/40327","targetHints":{"allow":["GET"]}}],"collection":[{"href":"https:\/\/comprasyconsejos.store\/en\/wp-json\/wp\/v2\/product"}],"about":[{"href":"https:\/\/comprasyconsejos.store\/en\/wp-json\/wp\/v2\/types\/product"}],"replies":[{"embeddable":true,"href":"https:\/\/comprasyconsejos.store\/en\/wp-json\/wp\/v2\/comments?post=40327"}],"version-history":[{"count":0,"href":"https:\/\/comprasyconsejos.store\/en\/wp-json\/wp\/v2\/product\/40327\/revisions"}],"wp:attachment":[{"href":"https:\/\/comprasyconsejos.store\/en\/wp-json\/wp\/v2\/media?parent=40327"}],"wp:term":[{"taxonomy":"product_brand","embeddable":true,"href":"https:\/\/comprasyconsejos.store\/en\/wp-json\/wp\/v2\/product_brand?post=40327"},{"taxonomy":"product_cat","embeddable":true,"href":"https:\/\/comprasyconsejos.store\/en\/wp-json\/wp\/v2\/product_cat?post=40327"},{"taxonomy":"product_tag","embeddable":true,"href":"https:\/\/comprasyconsejos.store\/en\/wp-json\/wp\/v2\/product_tag?post=40327"}],"curies":[{"name":"wp","href":"https:\/\/api.w.org\/{rel}","templated":true}]}}