{"id":40328,"date":"2026-04-03T17:22:47","date_gmt":"2026-04-03T17:22:47","guid":{"rendered":"https:\/\/comprasyconsejos.store\/product\/pistola-de-manguera-de-jardin-pistola-de-presion-agua-pistola-de-alta-presion-powerjet-p-istola-de-pulverizacion-de-manguera-de-jardin-para-lavado-de-coches-j-ardin-y-terraza\/"},"modified":"2026-04-03T17:22:47","modified_gmt":"2026-04-03T17:22:47","slug":"pistola-de-manguera-de-jardin-pistola-de-presion-agua-pistola-de-alta-presion-powerjet-p-istola-de-pulverizacion-de-manguera-de-jardin-para-lavado-de-coches-j-ardin-y-terraza","status":"publish","type":"product","link":"https:\/\/comprasyconsejos.store\/en\/product\/pistola-de-manguera-de-jardin-pistola-de-presion-agua-pistola-de-alta-presion-powerjet-p-istola-de-pulverizacion-de-manguera-de-jardin-para-lavado-de-coches-j-ardin-y-terraza\/","title":{"rendered":"Pistola De Manguera De Jard\u00edn, Pistola de presion Agua, Pistola de Alta presi\u00f3n powerjet, P-istola De Pulverizaci\u00f3n De Manguera De Jard\u00edn, para Lavado de Coches, j-ard\u00edn y terraza"},"content":{"rendered":"<p>&#8211; \u2705\u3010Material de alta calidad\u3011 Limpiadora a presi\u00f3n para Manguera de jard\u00edn est\u00e1 fabricada con una robusta aleaci\u00f3n de aluminio y equipada con asas de EVA. Es ligera, c\u00f3moda, duradera y ofrece un rendimiento excelente.<br \/>\n&#8211; \u2705\u3010Flujo de agua ajustable\u3011 Esta pistola de alta presi\u00f3n para manguera de jard\u00edn tiene m\u00faltiples modos para satisfacer sus diferentes necesidades. Al girar la cabeza de la boquilla de la manguera de izquierda a derecha, puede ajustar los modos de flujo de agua, como niebla fina, niebla media y chorro.<br \/>\n&#8211; \u2705\u3010Compatible con cualquier manguera de jard\u00edn\u3011 No importa qu\u00e9 manguera de jard\u00edn tenga en casa, se adaptar\u00e1 perfectamente. Desenrosque el accesorio normal de la manguera de jard\u00edn. Coloque la conexi\u00f3n de la manguera en el.<br \/>\n&#8211; \u2705\u3010Mango antideslizante para un c\u00f3modo manejo\u3011 El mango de goma antideslizante se adapta c\u00f3modamente a la mano incluso con un uso prolongado. El gatillo suave permite una regulaci\u00f3n flexible de la cantidad de agua y admite el manejo con una sola mano. El mango tiene un bloqueo para que ambas manos permanezcan libres.<br \/>\n&#8211; \u2705\u3010Versatilidad y flexibilidad\u3011 Este Pistola de agua a presi\u00f3n no solo se utiliza para lavar coches y regar jardines, sino tambi\u00e9n para otras tareas de limpieza y actividades al aire libre. Puedes usarlo para limpiar terrazas, aceras, bicicletas, barcos, etc.<\/p>","protected":false},"excerpt":{"rendered":"<p>&#8211; \u2705\u3010Material de alta calidad\u3011 Limpiadora a presi\u00f3n para Manguera de jard\u00edn est\u00e1 fabricada con una robusta aleaci\u00f3n de aluminio<\/p>","protected":false},"featured_media":0,"comment_status":"open","ping_status":"closed","template":"","meta":[],"product_brand":[],"product_cat":[101],"product_tag":[],"class_list":{"0":"post-40328","1":"product","2":"type-product","3":"status-publish","5":"product_cat-accessories","7":"first","8":"instock","9":"shipping-taxable","10":"product-type-external"},"_links":{"self":[{"href":"https:\/\/comprasyconsejos.store\/en\/wp-json\/wp\/v2\/product\/40328","targetHints":{"allow":["GET"]}}],"collection":[{"href":"https:\/\/comprasyconsejos.store\/en\/wp-json\/wp\/v2\/product"}],"about":[{"href":"https:\/\/comprasyconsejos.store\/en\/wp-json\/wp\/v2\/types\/product"}],"replies":[{"embeddable":true,"href":"https:\/\/comprasyconsejos.store\/en\/wp-json\/wp\/v2\/comments?post=40328"}],"version-history":[{"count":0,"href":"https:\/\/comprasyconsejos.store\/en\/wp-json\/wp\/v2\/product\/40328\/revisions"}],"wp:attachment":[{"href":"https:\/\/comprasyconsejos.store\/en\/wp-json\/wp\/v2\/media?parent=40328"}],"wp:term":[{"taxonomy":"product_brand","embeddable":true,"href":"https:\/\/comprasyconsejos.store\/en\/wp-json\/wp\/v2\/product_brand?post=40328"},{"taxonomy":"product_cat","embeddable":true,"href":"https:\/\/comprasyconsejos.store\/en\/wp-json\/wp\/v2\/product_cat?post=40328"},{"taxonomy":"product_tag","embeddable":true,"href":"https:\/\/comprasyconsejos.store\/en\/wp-json\/wp\/v2\/product_tag?post=40328"}],"curies":[{"name":"wp","href":"https:\/\/api.w.org\/{rel}","templated":true}]}}