{"id":40330,"date":"2026-04-09T16:11:11","date_gmt":"2026-04-09T16:11:11","guid":{"rendered":"https:\/\/comprasyconsejos.store\/product\/pokurui-camara-oculta-wifi-2-4-5g-mini-camara-espia-inalambrica-hd-detector-de-humo-hd-1080p-micro-camara-vigilancia-con-vision-nocturna-y-deteccion-de-movimiento\/"},"modified":"2026-04-09T16:11:11","modified_gmt":"2026-04-09T16:11:11","slug":"pokurui-camara-oculta-wifi-2-4-5g-mini-camara-espia-inalambrica-hd-detector-de-humo-hd-1080p-micro-camara-vigilancia-con-vision-nocturna-y-deteccion-de-movimiento","status":"publish","type":"product","link":"https:\/\/comprasyconsejos.store\/en\/product\/pokurui-camara-oculta-wifi-2-4-5g-mini-camara-espia-inalambrica-hd-detector-de-humo-hd-1080p-micro-camara-vigilancia-con-vision-nocturna-y-deteccion-de-movimiento\/","title":{"rendered":"Pokurui C\u00e1mara Oculta WiFi, 2.4\/5G Mini C\u00e1mara Esp\u00eda Inal\u00e1mbrica HD Detector de Humo, HD 1080p Micro C\u00e1mara Vigilancia con Visi\u00f3n Nocturna y Detecci\u00f3n de Movimiento"},"content":{"rendered":"<p>&#8211; \u3010V\u00eddeo HD 1080P en vivo\u3011 Esta mini c\u00e1mara wifi tiene un dise\u00f1o \u00fanico con la apariencia de un detector de humo, disfrute de im\u00e1genes en vivo de alta definici\u00f3n HP 1080P con una lente de gran angular de 120\u00b0 para im\u00e1genes n\u00edtidas. y funciona como una c\u00e1mara oculta wifi adecuada para monitorear la seguridad de su hogar\/oficina,<br \/>\n&#8211; \u3010Uso compartido multiusuario\u3011 Puede configurar una contrase\u00f1a \u00fanica para la micro c\u00e1mara para evitar el acceso no autorizado. Adem\u00e1s, puede conectar varias c\u00e1maras bajo la misma aplicaci\u00f3n a un solo dispositivo m\u00f3vil y compartir transmisiones de video con sus amigos para una visualizaci\u00f3n colaborativa.<br \/>\n&#8211; \u3010Detecci\u00f3n de Movimiento y Visi\u00f3n Nocturna\u3011 Equipada con una detecci\u00f3n de movimiento inteligente, la c\u00e1mara esp\u00eda inal\u00e1mbrica de humo env\u00eda alertas con capturas de pantalla en tiempo real directamente a su aplicaci\u00f3n tan pronto como detecta un movimiento sospechoso en su campo de acci\u00f3n. Con seis LED infrarrojos, esta mini c\u00e1mara oculta mejora significativamente las capacidades de visi\u00f3n nocturna. Captura detalles claros incluso en la oscuridad, protegiendo eficazmente a tu familia y tus bienes.<br \/>\n&#8211; \u3010Grabaci\u00f3n en bucle \u3011Esta c\u00e1mara esp\u00eda oculta admite grabaci\u00f3n en bucle. Cuando la tarjeta de memoria alcanza su capacidad m\u00e1xima, los archivos m\u00e1s recientes sobrescriben autom\u00e1ticamente a los m\u00e1s antiguos. Puede acomodar tarjetas de memoria de hasta 128 GB (tarjeta no incluida). Despu\u00e9s de una carga completa, la C\u00e1mara Oculta WiFi Esp\u00eda funciona de forma continua durante 2,5 horas.<br \/>\n&#8211; \u3010Apto para Muchos Escenarios\u3011f\u00e1cil de instalar y conectar, puedes fijar la mini c\u00e1mara wifi a la pared o al techo; Te recomendamos conectar la c\u00e1mara esp\u00eda dom\u00e9stica a la alimentaci\u00f3n el\u00e9ctrica para grabaciones continuas 24\/7 directamente en la tarjeta SD o utiliza el almacenamiento de pago iCloud<\/p>","protected":false},"excerpt":{"rendered":"<p>&#8211; \u3010V\u00eddeo HD 1080P en vivo\u3011 Esta mini c\u00e1mara wifi tiene un dise\u00f1o \u00fanico con la apariencia de un detector<\/p>","protected":false},"featured_media":0,"comment_status":"open","ping_status":"closed","template":"","meta":[],"product_brand":[],"product_cat":[101],"product_tag":[],"class_list":{"0":"post-40330","1":"product","2":"type-product","3":"status-publish","5":"product_cat-accessories","7":"first","8":"instock","9":"shipping-taxable","10":"product-type-external"},"_links":{"self":[{"href":"https:\/\/comprasyconsejos.store\/en\/wp-json\/wp\/v2\/product\/40330","targetHints":{"allow":["GET"]}}],"collection":[{"href":"https:\/\/comprasyconsejos.store\/en\/wp-json\/wp\/v2\/product"}],"about":[{"href":"https:\/\/comprasyconsejos.store\/en\/wp-json\/wp\/v2\/types\/product"}],"replies":[{"embeddable":true,"href":"https:\/\/comprasyconsejos.store\/en\/wp-json\/wp\/v2\/comments?post=40330"}],"version-history":[{"count":0,"href":"https:\/\/comprasyconsejos.store\/en\/wp-json\/wp\/v2\/product\/40330\/revisions"}],"wp:attachment":[{"href":"https:\/\/comprasyconsejos.store\/en\/wp-json\/wp\/v2\/media?parent=40330"}],"wp:term":[{"taxonomy":"product_brand","embeddable":true,"href":"https:\/\/comprasyconsejos.store\/en\/wp-json\/wp\/v2\/product_brand?post=40330"},{"taxonomy":"product_cat","embeddable":true,"href":"https:\/\/comprasyconsejos.store\/en\/wp-json\/wp\/v2\/product_cat?post=40330"},{"taxonomy":"product_tag","embeddable":true,"href":"https:\/\/comprasyconsejos.store\/en\/wp-json\/wp\/v2\/product_tag?post=40330"}],"curies":[{"name":"wp","href":"https:\/\/api.w.org\/{rel}","templated":true}]}}