{"id":40331,"date":"2026-04-09T17:41:12","date_gmt":"2026-04-09T17:41:12","guid":{"rendered":"https:\/\/comprasyconsejos.store\/product\/cocina-doble-cara-tabla-de-cortar-de-titanio-37-x-25cm-tabla-de-cortar-de-titanio-tabla-cortar-acero-inoxidable-tabla-cortar-de-grado-alimenticio-de-doble-cara-con-escala-para-carne-pan-verduras\/"},"modified":"2026-04-09T17:41:12","modified_gmt":"2026-04-09T17:41:12","slug":"cocina-doble-cara-tabla-de-cortar-de-titanio-37-x-25cm-tabla-de-cortar-de-titanio-tabla-cortar-acero-inoxidable-tabla-cortar-de-grado-alimenticio-de-doble-cara-con-escala-para-carne-pan-verduras","status":"publish","type":"product","link":"https:\/\/comprasyconsejos.store\/en\/product\/cocina-doble-cara-tabla-de-cortar-de-titanio-37-x-25cm-tabla-de-cortar-de-titanio-tabla-cortar-acero-inoxidable-tabla-cortar-de-grado-alimenticio-de-doble-cara-con-escala-para-carne-pan-verduras\/","title":{"rendered":"Cocina Doble Cara Tabla de Cortar de Titanio, 37 x 25cm Tabla de Cortar de Titanio, Tabla Cortar Acero Inoxidable, Tabla Cortar de Grado Alimenticio de Doble Cara, con escala, para Carne Pan Verduras"},"content":{"rendered":"<p>&#8211; \ud83c\udf4e\ud83c\udf4f\u3010Materiales de Alta Calidad\u3011La tabla de cortar de titanio est\u00e1 hecha de acero inoxidable s\u00f3lido y es lo suficientemente fuerte como para soportar cortes, rebanados y cortes pesados, lo que garantiza un uso a largo plazo. Tiene dos lados, el frente ideal para cortar carne y la parte posterior perfecta para cortar frutas y verduras para evitar cruces.<br \/>\n&#8211; \ud83c\udf4e\ud83c\udf4f\u3010Dise\u00f1o Pensado\u3011Adem\u00e1s de cortar verduras, esta tabla de cortar de acero inoxidable tambi\u00e9n ofrece funciones para afilar cuchillos, rallar ajo y una canaleta de jugo para garantizar que los jugos no se derramen f\u00e1cilmente durante el corte y que su cocina permanezca limpia. Nuestra tabla de cortar de titanio elimina los defectos comunes de las tablas de cortar, sin dejar migas, cortes, sin adsorci\u00f3n de olores, etc.<br \/>\n&#8211; \ud83c\udf4e\ud83c\udf4f\u3010Dise\u00f1o ingenioso, grabado l\u00e1ser, inspiraci\u00f3n culinaria\u3011Esta Tabla de Corte de Acero Inoxidable con unidades de medida grabadas con l\u00e1ser para garantizar cortes precisos, e incluso recetas directamente inscritas en la superficie, permitiendo cambiar la creatividad culinaria en cualquier momento. Una combinaci\u00f3n perfecta de funcionalidad y elegancia, ideal tambi\u00e9n como un regalo pr\u00e1ctico y refinado para la cocina.<br \/>\n&#8211; \ud83c\udf4e\ud83c\udf4f\u3010F\u00e1cil de Limpiar\u3011Esta Titanium Cutting Board es f\u00e1cil de limpiar. Simplemente l\u00edmpielo con agua y estar\u00e1 listo para el siguiente uso. Su dise\u00f1o liviano lo hace port\u00e1til. Se puede colgar cuando no est\u00e9 en uso, lo que no solo garantiza la limpieza sino que tambi\u00e9n a\u00f1ade un toque de elegancia a su cocina.<br \/>\n&#8211; \ud83c\udf4e\ud83c\udf4f\u3010Amplias Aplicaciones\u3011Ya sea que est\u00e9 extendiendo masa para pasteles, amasando pan, verduras y pan, nuestra Tabla de cortar de titanio de doble cara est\u00e1 a la altura de la tarea. Tambi\u00e9n es excelente para procesar vegetales, preparar s\u00e1ndwiches y m\u00e1s, agregando diversi\u00f3n y versatilidad a sus actividades culinarias.<\/p>","protected":false},"excerpt":{"rendered":"<p>&#8211; \ud83c\udf4e\ud83c\udf4f\u3010Materiales de Alta Calidad\u3011La tabla de cortar de titanio est\u00e1 hecha de acero inoxidable s\u00f3lido y es lo suficientemente<\/p>","protected":false},"featured_media":0,"comment_status":"open","ping_status":"closed","template":"","meta":[],"product_brand":[],"product_cat":[101],"product_tag":[],"class_list":{"0":"post-40331","1":"product","2":"type-product","3":"status-publish","5":"product_cat-accessories","7":"first","8":"instock","9":"shipping-taxable","10":"product-type-external"},"_links":{"self":[{"href":"https:\/\/comprasyconsejos.store\/en\/wp-json\/wp\/v2\/product\/40331","targetHints":{"allow":["GET"]}}],"collection":[{"href":"https:\/\/comprasyconsejos.store\/en\/wp-json\/wp\/v2\/product"}],"about":[{"href":"https:\/\/comprasyconsejos.store\/en\/wp-json\/wp\/v2\/types\/product"}],"replies":[{"embeddable":true,"href":"https:\/\/comprasyconsejos.store\/en\/wp-json\/wp\/v2\/comments?post=40331"}],"version-history":[{"count":0,"href":"https:\/\/comprasyconsejos.store\/en\/wp-json\/wp\/v2\/product\/40331\/revisions"}],"wp:attachment":[{"href":"https:\/\/comprasyconsejos.store\/en\/wp-json\/wp\/v2\/media?parent=40331"}],"wp:term":[{"taxonomy":"product_brand","embeddable":true,"href":"https:\/\/comprasyconsejos.store\/en\/wp-json\/wp\/v2\/product_brand?post=40331"},{"taxonomy":"product_cat","embeddable":true,"href":"https:\/\/comprasyconsejos.store\/en\/wp-json\/wp\/v2\/product_cat?post=40331"},{"taxonomy":"product_tag","embeddable":true,"href":"https:\/\/comprasyconsejos.store\/en\/wp-json\/wp\/v2\/product_tag?post=40331"}],"curies":[{"name":"wp","href":"https:\/\/api.w.org\/{rel}","templated":true}]}}