{"id":40333,"date":"2026-04-09T17:55:56","date_gmt":"2026-04-09T17:55:56","guid":{"rendered":"https:\/\/comprasyconsejos.store\/product\/koala-para-aliviar-la-ansiedad-oso-k-oala-relajante-nutria-bebe-dormir-ko-ala-peluche-koa-la-peluche-que-respiras-koala-que-respira-koal-a-con-luces-musicales-y-movimiento-de-respiracion-m1\/"},"modified":"2026-04-09T17:55:56","modified_gmt":"2026-04-09T17:55:56","slug":"koala-para-aliviar-la-ansiedad-oso-k-oala-relajante-nutria-bebe-dormir-ko-ala-peluche-koa-la-peluche-que-respiras-koala-que-respira-koal-a-con-luces-musicales-y-movimiento-de-respiracion-m1","status":"publish","type":"product","link":"https:\/\/comprasyconsejos.store\/en\/product\/koala-para-aliviar-la-ansiedad-oso-k-oala-relajante-nutria-bebe-dormir-ko-ala-peluche-koa-la-peluche-que-respiras-koala-que-respira-koal-a-con-luces-musicales-y-movimiento-de-respiracion-m1\/","title":{"rendered":"Koala para Aliviar La Ansiedad, Oso K-oala Relajante, Nutria Bebe Dormir, Ko-ala Peluche, Koa-la Peluche Que Respiras, Koala Que Respira, Koal-a con Luces Musicales y Movimiento de Respiraci\u00f3n (M1)"},"content":{"rendered":"<p>&#8211; \ud83d\udc28\u3010Material de alta calidad\u3011El koala para aliviar la ansiedad est\u00e1 hecho de felpa corta s\u00faper suave y duradera, que se siente suave y el\u00e1stica y no se deforma f\u00e1cilmente. Cada detalle est\u00e1 cuidadosamente construido, es muy adecuado para abrazarse y acurrucarse, lo que brinda una buena experiencia a los ni\u00f1os.<br \/>\n&#8211; \ud83d\udc28\u3010Beb\u00e9 Durmiendo Koala Juguete\u3011Nuestro koala Peluche Que Respiras combina estimulaci\u00f3n auditiva y t\u00e1ctil para calmar y reconfortar a los ni\u00f1os para que tengan un sue\u00f1o reparador. La Koala Peluche Musical Bebe puede atraer la atenci\u00f3n de los beb\u00e9s, mejorar el conocimiento del beb\u00e9 y favorecer el desarrollo del o\u00eddo.<br \/>\n&#8211; \ud83d\udc28\u3010Compa\u00f1ero relajante para dormir\u3011El movimiento de respiraci\u00f3n r\u00edtmico de este koala peluche imita el suave ascenso y ca\u00edda del pecho de una nutria de peluche real, creando un efecto calmante que puede evocar una sensaci\u00f3n de paz y calma. Esto lo convierte en el compa\u00f1ero de sue\u00f1o ideal para cualquiera que necesite un poco m\u00e1s de comodidad antes de acostarse.<br \/>\n&#8211; \ud83d\udc28\u3010Aliviar la Presi\u00f3n\u3011El koala mu\u00f1eca con m\u00fasica luces y movimientos es un must para cualquiera que busque aliviar el estr\u00e9s y la ansiedad de una manera divertida y linda. Ya sea que est\u00e9 luchando contra el estr\u00e9s en el trabajo o simplemente necesite un momento de paz, el koala para aliviar la ansiedad es un excelente compa\u00f1ero para ayudarlo a relajarse y recargar energ\u00edas.<br \/>\n&#8211; \ud83d\udc28\u3010Regalo Pensado\u3011Este koala peluche que respiras es perfecto para reci\u00e9n nacidos, ni\u00f1os peque\u00f1os y ni\u00f1os de todas las edades y lo convierte en un regalo pensado para ni\u00f1os y ni\u00f1as. Combina la vista, el sonido y el tacto para calmar a los beb\u00e9s como quieran y ayudarles a conciliar el sue\u00f1o.<\/p>","protected":false},"excerpt":{"rendered":"<p>&#8211; \ud83d\udc28\u3010Material de alta calidad\u3011El koala para aliviar la ansiedad est\u00e1 hecho de felpa corta s\u00faper suave y duradera, que<\/p>","protected":false},"featured_media":0,"comment_status":"open","ping_status":"closed","template":"","meta":[],"product_brand":[],"product_cat":[101],"product_tag":[],"class_list":{"0":"post-40333","1":"product","2":"type-product","3":"status-publish","5":"product_cat-accessories","7":"first","8":"instock","9":"sale","10":"shipping-taxable","11":"product-type-external"},"_links":{"self":[{"href":"https:\/\/comprasyconsejos.store\/en\/wp-json\/wp\/v2\/product\/40333","targetHints":{"allow":["GET"]}}],"collection":[{"href":"https:\/\/comprasyconsejos.store\/en\/wp-json\/wp\/v2\/product"}],"about":[{"href":"https:\/\/comprasyconsejos.store\/en\/wp-json\/wp\/v2\/types\/product"}],"replies":[{"embeddable":true,"href":"https:\/\/comprasyconsejos.store\/en\/wp-json\/wp\/v2\/comments?post=40333"}],"version-history":[{"count":0,"href":"https:\/\/comprasyconsejos.store\/en\/wp-json\/wp\/v2\/product\/40333\/revisions"}],"wp:attachment":[{"href":"https:\/\/comprasyconsejos.store\/en\/wp-json\/wp\/v2\/media?parent=40333"}],"wp:term":[{"taxonomy":"product_brand","embeddable":true,"href":"https:\/\/comprasyconsejos.store\/en\/wp-json\/wp\/v2\/product_brand?post=40333"},{"taxonomy":"product_cat","embeddable":true,"href":"https:\/\/comprasyconsejos.store\/en\/wp-json\/wp\/v2\/product_cat?post=40333"},{"taxonomy":"product_tag","embeddable":true,"href":"https:\/\/comprasyconsejos.store\/en\/wp-json\/wp\/v2\/product_tag?post=40333"}],"curies":[{"name":"wp","href":"https:\/\/api.w.org\/{rel}","templated":true}]}}