{"id":40334,"date":"2026-04-09T19:36:54","date_gmt":"2026-04-09T19:36:54","guid":{"rendered":"https:\/\/comprasyconsejos.store\/product\/mini-coches-de-juguete-6-piezas-mini-die-cast-set-de-coches-de-juguete-coches-de-juguetes-metalicos-mini-coches-de-carreras-coches-de-carreras-para-fiestas-de-cumpleanos\/"},"modified":"2026-04-09T19:36:54","modified_gmt":"2026-04-09T19:36:54","slug":"mini-coches-de-juguete-6-piezas-mini-die-cast-set-de-coches-de-juguete-coches-de-juguetes-metalicos-mini-coches-de-carreras-coches-de-carreras-para-fiestas-de-cumpleanos","status":"publish","type":"product","link":"https:\/\/comprasyconsejos.store\/en\/product\/mini-coches-de-juguete-6-piezas-mini-die-cast-set-de-coches-de-juguete-coches-de-juguetes-metalicos-mini-coches-de-carreras-coches-de-carreras-para-fiestas-de-cumpleanos\/","title":{"rendered":"Mini Coches de Juguete, 6 Piezas Mini Die Cast Set de Coches de Juguete, Coches de Juguetes Metalicos, Mini Coches de Carreras, Coches de Carreras para Fiestas de cumplea\u00f1os"},"content":{"rendered":"<p>&#8211; \ud83d\ude96\u3010Materiales de alta calidad\u3011Mini Die Cast Set de Coches de Juguete est\u00e1 hecho de pl\u00e1stico aleaci\u00f3n + ABS de alta calidad, muy duradero, no se da\u00f1ar\u00e1 y es seguro y no t\u00f3xico, El dise\u00f1o tiene esquinas redondeadas y curvas suaves que no da\u00f1an la piel de los ni\u00f1os, para que los adultos puedan estar tranquilos.<br \/>\n&#8211; \ud83d\ude97\u3010Coche Metalico Juguete\u3011Obtendr\u00e1 6 juguetes de coches peque\u00f1os, cada pieza de coche de juguete de coche peque\u00f1o tiene patrones deslumbrantes. Los Coche de Juguete no necesitan bater\u00edas, muy adecuados para que sus hijos jueguen en interiores o interiores.<br \/>\n&#8211; \ud83d\ude98\u3010Juguetes educativos\u3011Estos Mini Coches de Carreras peque\u00f1os pueden estimular la imaginaci\u00f3n de los Fans, cultivar la curiosidad, fomentar la coordinaci\u00f3n ojo-mano y promover la capacidad de reconocimiento, Este Coche de Juguete Un buen juguete educativo para Fans.<br \/>\n&#8211; \ud83d\ude9c\u3010Interacci\u00f3n entre padres e hijos\u3011Este Mini coches de Carreras para Fans es adecuado como juguetes para Fans al aire libre y juguetes familiares, hacer que un ni\u00f1o juegue un autom\u00f3vil de juguete con los padres pero tambi\u00e9n aumentar\u00e1n la interacci\u00f3n padre, hijo y disfrutar\u00e1n del tiempo familiar.<br \/>\n&#8211; \ud83d\ude96\u3010Regalo perfecto\u3011El juego de camiones de carga de auto m\u00f3viles es colorido, delicado y compacto, regalo perfecto para Navidad, fiestas, regalos de cumplea\u00f1os, recompensas por el excelente comportamiento de los Fans.<\/p>","protected":false},"excerpt":{"rendered":"<p>&#8211; \ud83d\ude96\u3010Materiales de alta calidad\u3011Mini Die Cast Set de Coches de Juguete est\u00e1 hecho de pl\u00e1stico aleaci\u00f3n + ABS de<\/p>","protected":false},"featured_media":0,"comment_status":"open","ping_status":"closed","template":"","meta":[],"product_brand":[],"product_cat":[101],"product_tag":[],"class_list":{"0":"post-40334","1":"product","2":"type-product","3":"status-publish","5":"product_cat-accessories","7":"first","8":"instock","9":"shipping-taxable","10":"product-type-external"},"_links":{"self":[{"href":"https:\/\/comprasyconsejos.store\/en\/wp-json\/wp\/v2\/product\/40334","targetHints":{"allow":["GET"]}}],"collection":[{"href":"https:\/\/comprasyconsejos.store\/en\/wp-json\/wp\/v2\/product"}],"about":[{"href":"https:\/\/comprasyconsejos.store\/en\/wp-json\/wp\/v2\/types\/product"}],"replies":[{"embeddable":true,"href":"https:\/\/comprasyconsejos.store\/en\/wp-json\/wp\/v2\/comments?post=40334"}],"version-history":[{"count":0,"href":"https:\/\/comprasyconsejos.store\/en\/wp-json\/wp\/v2\/product\/40334\/revisions"}],"wp:attachment":[{"href":"https:\/\/comprasyconsejos.store\/en\/wp-json\/wp\/v2\/media?parent=40334"}],"wp:term":[{"taxonomy":"product_brand","embeddable":true,"href":"https:\/\/comprasyconsejos.store\/en\/wp-json\/wp\/v2\/product_brand?post=40334"},{"taxonomy":"product_cat","embeddable":true,"href":"https:\/\/comprasyconsejos.store\/en\/wp-json\/wp\/v2\/product_cat?post=40334"},{"taxonomy":"product_tag","embeddable":true,"href":"https:\/\/comprasyconsejos.store\/en\/wp-json\/wp\/v2\/product_tag?post=40334"}],"curies":[{"name":"wp","href":"https:\/\/api.w.org\/{rel}","templated":true}]}}