{"id":40335,"date":"2026-04-10T13:50:53","date_gmt":"2026-04-10T13:50:53","guid":{"rendered":"https:\/\/comprasyconsejos.store\/product\/placa-v20-abs-flexible-especial-portabicicletas-y-carga-saliente-50-x-50-cm-homologada-con-proteccion-anti-aranazos\/"},"modified":"2026-04-10T13:50:53","modified_gmt":"2026-04-10T13:50:53","slug":"placa-v20-abs-flexible-especial-portabicicletas-y-carga-saliente-50-x-50-cm-homologada-con-proteccion-anti-aranazos","status":"publish","type":"product","link":"https:\/\/comprasyconsejos.store\/en\/product\/placa-v20-abs-flexible-especial-portabicicletas-y-carga-saliente-50-x-50-cm-homologada-con-proteccion-anti-aranazos\/","title":{"rendered":"Placa V20 ABS Flexible. Especial Portabicicletas y Carga Saliente. 50 X 50 cm HOMOLOGADA. con Protecci\u00f3n Anti Ara\u00f1azos."},"content":{"rendered":"<p>&#8211; PLACA V20 HOMOLOGADA (127) PARA INDICACION DE CARGA SOBRESALIENTE 50X50 CM. FABRICADA EN POLIMERO DE ABS. ESTE MATERIAL CONFIERE GRAN AJUSTABILIDAD A LA CARGA CON EXTREMA FLEXIBILIDAD Y CON ALTA MEMORIA DE FORMA PARA RECUPERAR SU FORMA INICIAL. OFRECE CUATRO ORIFICIOS PERFORADOS Y REFORZADOS.<br \/>\n&#8211; Protecci\u00f3n anti-ara\u00f1azos: Una l\u00e1mina trasera protege la carga y las superficies de apoyo: bicis, kayaks, motores fueraborda, pintura &#8230;<br \/>\n&#8211; Cuatro ojales: Sujeci\u00f3n segura, r\u00e1pida y sencilla No corta ni raya, a diferencia de los antiguos modelos de Aluminio<\/p>","protected":false},"excerpt":{"rendered":"<p>&#8211; PLACA V20 HOMOLOGADA (127) PARA INDICACION DE CARGA SOBRESALIENTE 50X50 CM. FABRICADA EN POLIMERO DE ABS. ESTE MATERIAL CONFIERE<\/p>","protected":false},"featured_media":0,"comment_status":"open","ping_status":"closed","template":"","meta":[],"product_brand":[],"product_cat":[101],"product_tag":[],"class_list":{"0":"post-40335","1":"product","2":"type-product","3":"status-publish","5":"product_cat-accessories","7":"first","8":"instock","9":"shipping-taxable","10":"product-type-external"},"_links":{"self":[{"href":"https:\/\/comprasyconsejos.store\/en\/wp-json\/wp\/v2\/product\/40335","targetHints":{"allow":["GET"]}}],"collection":[{"href":"https:\/\/comprasyconsejos.store\/en\/wp-json\/wp\/v2\/product"}],"about":[{"href":"https:\/\/comprasyconsejos.store\/en\/wp-json\/wp\/v2\/types\/product"}],"replies":[{"embeddable":true,"href":"https:\/\/comprasyconsejos.store\/en\/wp-json\/wp\/v2\/comments?post=40335"}],"version-history":[{"count":0,"href":"https:\/\/comprasyconsejos.store\/en\/wp-json\/wp\/v2\/product\/40335\/revisions"}],"wp:attachment":[{"href":"https:\/\/comprasyconsejos.store\/en\/wp-json\/wp\/v2\/media?parent=40335"}],"wp:term":[{"taxonomy":"product_brand","embeddable":true,"href":"https:\/\/comprasyconsejos.store\/en\/wp-json\/wp\/v2\/product_brand?post=40335"},{"taxonomy":"product_cat","embeddable":true,"href":"https:\/\/comprasyconsejos.store\/en\/wp-json\/wp\/v2\/product_cat?post=40335"},{"taxonomy":"product_tag","embeddable":true,"href":"https:\/\/comprasyconsejos.store\/en\/wp-json\/wp\/v2\/product_tag?post=40335"}],"curies":[{"name":"wp","href":"https:\/\/api.w.org\/{rel}","templated":true}]}}