{"id":40336,"date":"2026-04-10T16:59:22","date_gmt":"2026-04-10T16:59:22","guid":{"rendered":"https:\/\/comprasyconsejos.store\/product\/globos-fiesta-de-los-anos-80-y-90-80-piezas-hip-hop-globos-globos-decoracion-fiesta-disco-disco-globos-de-aluminio-retro-discoteca-globos-para-decoracion-de-fiesta-tematica\/"},"modified":"2026-04-10T16:59:22","modified_gmt":"2026-04-10T16:59:22","slug":"globos-fiesta-de-los-anos-80-y-90-80-piezas-hip-hop-globos-globos-decoracion-fiesta-disco-disco-globos-de-aluminio-retro-discoteca-globos-para-decoracion-de-fiesta-tematica","status":"publish","type":"product","link":"https:\/\/comprasyconsejos.store\/en\/product\/globos-fiesta-de-los-anos-80-y-90-80-piezas-hip-hop-globos-globos-decoracion-fiesta-disco-disco-globos-de-aluminio-retro-discoteca-globos-para-decoracion-de-fiesta-tematica\/","title":{"rendered":"Globos fiesta de los a\u00f1os 80 y 90, 80 Piezas Hip Hop Globos, Globos decoracion fiesta disco, Disco globos de aluminio, Retro discoteca Globos, para decoraci\u00f3n de fiesta tem\u00e1tica"},"content":{"rendered":"<p>&#8211; \u3010Material de alta calidad\u3011 Estos Globos cumplea\u00f1os tem\u00e1tica de los a\u00f1os 80 y 90 est\u00e1n hechos de l\u00e1tex natural y aluminio de alta calidad, patrones claros y colores brillantes, gruesos y duraderos, seguro y reutilizable, popular entre personas de todas las edades.<br \/>\n&#8211; \u3010El paquete incluye\u3011 El paquete contiene 75 Piezas Globos de Discoteca, 2 Piezas Inflable Micr\u00f3fono, 2 Piezas Guitarra Inflable, 1 Piezas Radio Inflable, 1 rollo cinta de tira de globos y 1 rollo puntos de pegamento. Varias cantidades y colores pueden satisfacer las necesidades de su fiesta, mientras agregan m\u00e1s diversi\u00f3n y color a su evento.<br \/>\n&#8211; \u3010Dise\u00f1o \u00fanico\u3011 Globos retro de hip hop consisten en rojo rosa, azul, rosas, dorados met\u00e1licos, morados, negros, confeti, verde y amarillo. Y est\u00e1n coordinados con globos retro de radio, micr\u00f3fono, Guitarra y discoteca. El color general da a la fiesta un ambiente retro y te transporta a los a\u00f1os 70, 80 y 90.<br \/>\n&#8211; \u3010F\u00e1cil de montar\u3011 Proporcionamos cinta de tira de globos y puntos de pegamento para ayudarle a hacer la guirnalda de globos de colores retro 80s 90s disco m\u00e1s f\u00e1cil. Simplemente infle sus globos con helio o aire y f\u00edjelos a la tira de globos.<br \/>\n&#8211; \u3010Amplia gama de aplicaciones\u3011 Globos retro de hip hop es una opci\u00f3n ideal para todas las fiestas tem\u00e1ticas de los a\u00f1os 70-80-90, fiestas retro, fiestas tem\u00e1ticas hip-pop, fiestas de graduaci\u00f3n, fiestas de cumplea\u00f1os y otras ocasiones. Globos de Discoteca est\u00e1n seguros de impresionar y pasar un buen rato!<\/p>","protected":false},"excerpt":{"rendered":"<p>&#8211; \u3010Material de alta calidad\u3011 Estos Globos cumplea\u00f1os tem\u00e1tica de los a\u00f1os 80 y 90 est\u00e1n hechos de l\u00e1tex natural<\/p>","protected":false},"featured_media":0,"comment_status":"open","ping_status":"closed","template":"","meta":[],"product_brand":[],"product_cat":[101],"product_tag":[],"class_list":{"0":"post-40336","1":"product","2":"type-product","3":"status-publish","5":"product_cat-accessories","7":"first","8":"instock","9":"shipping-taxable","10":"product-type-external"},"_links":{"self":[{"href":"https:\/\/comprasyconsejos.store\/en\/wp-json\/wp\/v2\/product\/40336","targetHints":{"allow":["GET"]}}],"collection":[{"href":"https:\/\/comprasyconsejos.store\/en\/wp-json\/wp\/v2\/product"}],"about":[{"href":"https:\/\/comprasyconsejos.store\/en\/wp-json\/wp\/v2\/types\/product"}],"replies":[{"embeddable":true,"href":"https:\/\/comprasyconsejos.store\/en\/wp-json\/wp\/v2\/comments?post=40336"}],"version-history":[{"count":0,"href":"https:\/\/comprasyconsejos.store\/en\/wp-json\/wp\/v2\/product\/40336\/revisions"}],"wp:attachment":[{"href":"https:\/\/comprasyconsejos.store\/en\/wp-json\/wp\/v2\/media?parent=40336"}],"wp:term":[{"taxonomy":"product_brand","embeddable":true,"href":"https:\/\/comprasyconsejos.store\/en\/wp-json\/wp\/v2\/product_brand?post=40336"},{"taxonomy":"product_cat","embeddable":true,"href":"https:\/\/comprasyconsejos.store\/en\/wp-json\/wp\/v2\/product_cat?post=40336"},{"taxonomy":"product_tag","embeddable":true,"href":"https:\/\/comprasyconsejos.store\/en\/wp-json\/wp\/v2\/product_tag?post=40336"}],"curies":[{"name":"wp","href":"https:\/\/api.w.org\/{rel}","templated":true}]}}