{"id":40338,"date":"2026-04-11T10:38:10","date_gmt":"2026-04-11T10:38:10","guid":{"rendered":"https:\/\/comprasyconsejos.store\/product\/kawaii-muneca-de-peluche-de-regalos-sirena-dibujos-animados-figura-de-peluche-rosa\/"},"modified":"2026-04-11T10:38:10","modified_gmt":"2026-04-11T10:38:10","slug":"kawaii-muneca-de-peluche-de-regalos-sirena-dibujos-animados-figura-de-peluche-rosa","status":"publish","type":"product","link":"https:\/\/comprasyconsejos.store\/en\/product\/kawaii-muneca-de-peluche-de-regalos-sirena-dibujos-animados-figura-de-peluche-rosa\/","title":{"rendered":"Kawaii Mu\u00f1eca de Peluche de Regalos &#8211; Sirena Dibujos Animados, Figura de Peluche Rosa"},"content":{"rendered":"<p>&#8211; \u3010Material de alta calidad\u3011 El juguete de peluche Sirena est\u00e1 hecho de algod\u00f3n PP, que es seguro y suave, tiene buena elasticidad y no se deforma f\u00e1cilmente.<br \/>\n&#8211; \u3010Sirena Mu\u00f1eca de peluche\u3011 Estos juguetes de peluche Sirena son s\u00faper suaves para que los beb\u00e9s se abrazen, se duerman y se calmen. Puede acompa\u00f1arte, como decoraci\u00f3n del hogar, para llenar tu hogar de amor y calidez.<br \/>\n&#8211; \u3010Dise\u00f1o \u00fanico\u3011 Sirena Peluche forma linda, imagen v\u00edvida, excelente mano de obra, buen proceso de costura, este juguete para mascotas garantiza una gran durabilidad, adecuado para abrazos.<br \/>\n&#8211; \u3010F\u00e1cil de llevar y limpiar\u3011 Con una altura encantadora unos de 20 cm, The Sirena Plush Toys tienen el tama\u00f1o perfecto que es port\u00e1til y f\u00e1cil de transportar. Y f\u00e1cil de limpiar, s\u00f3lo necesita jab\u00f3n y agua para limpiar.<br \/>\n&#8211; \u3010Amplia Gama de Usos\u3011 Peluche de Sirena no es solo un juguete, tambi\u00e9n se puede usar como almohada, tambi\u00e9n se puede usar como decoraci\u00f3n para Halloween, Navidad y varios eventos y fiestas, puedes regalarlo a tu familia y amigos.<\/p>","protected":false},"excerpt":{"rendered":"<p>&#8211; \u3010Material de alta calidad\u3011 El juguete de peluche Sirena est\u00e1 hecho de algod\u00f3n PP, que es seguro y suave,<\/p>","protected":false},"featured_media":0,"comment_status":"open","ping_status":"closed","template":"","meta":[],"product_brand":[],"product_cat":[101],"product_tag":[],"class_list":{"0":"post-40338","1":"product","2":"type-product","3":"status-publish","5":"product_cat-accessories","7":"first","8":"instock","9":"shipping-taxable","10":"product-type-external"},"_links":{"self":[{"href":"https:\/\/comprasyconsejos.store\/en\/wp-json\/wp\/v2\/product\/40338","targetHints":{"allow":["GET"]}}],"collection":[{"href":"https:\/\/comprasyconsejos.store\/en\/wp-json\/wp\/v2\/product"}],"about":[{"href":"https:\/\/comprasyconsejos.store\/en\/wp-json\/wp\/v2\/types\/product"}],"replies":[{"embeddable":true,"href":"https:\/\/comprasyconsejos.store\/en\/wp-json\/wp\/v2\/comments?post=40338"}],"version-history":[{"count":0,"href":"https:\/\/comprasyconsejos.store\/en\/wp-json\/wp\/v2\/product\/40338\/revisions"}],"wp:attachment":[{"href":"https:\/\/comprasyconsejos.store\/en\/wp-json\/wp\/v2\/media?parent=40338"}],"wp:term":[{"taxonomy":"product_brand","embeddable":true,"href":"https:\/\/comprasyconsejos.store\/en\/wp-json\/wp\/v2\/product_brand?post=40338"},{"taxonomy":"product_cat","embeddable":true,"href":"https:\/\/comprasyconsejos.store\/en\/wp-json\/wp\/v2\/product_cat?post=40338"},{"taxonomy":"product_tag","embeddable":true,"href":"https:\/\/comprasyconsejos.store\/en\/wp-json\/wp\/v2\/product_tag?post=40338"}],"curies":[{"name":"wp","href":"https:\/\/api.w.org\/{rel}","templated":true}]}}