{"id":40339,"date":"2026-04-11T10:55:44","date_gmt":"2026-04-11T10:55:44","guid":{"rendered":"https:\/\/comprasyconsejos.store\/product\/iowodo-reloj-inteligente-hombre-mujer-smartwatch-hombre-con-linterna-1-91-reloj-inteligente-con-llamadas-2-correas-monitor-cardiaco-24h-spo2-sueno-ip68-impermeable-smartwatch-para-android-ios\/"},"modified":"2026-04-11T10:55:44","modified_gmt":"2026-04-11T10:55:44","slug":"iowodo-reloj-inteligente-hombre-mujer-smartwatch-hombre-con-linterna-1-91-reloj-inteligente-con-llamadas-2-correas-monitor-cardiaco-24h-spo2-sueno-ip68-impermeable-smartwatch-para-android-ios","status":"publish","type":"product","link":"https:\/\/comprasyconsejos.store\/en\/product\/iowodo-reloj-inteligente-hombre-mujer-smartwatch-hombre-con-linterna-1-91-reloj-inteligente-con-llamadas-2-correas-monitor-cardiaco-24h-spo2-sueno-ip68-impermeable-smartwatch-para-android-ios\/","title":{"rendered":"IOWODO Reloj Inteligente Hombre Mujer, Smartwatch Hombre con Linterna, 1.91&#8243; Reloj Inteligente con Llamadas, 2 Correas, Monitor Card\u00edaco 24h\/SpO2\/Sue\u00f1o, IP68 Impermeable Smartwatch para Android iOS"},"content":{"rendered":"<p>&#8211; \u3010Esferas DIY + 2 Correas\u3011Smartwatch hombre y mujer con 100+ esferas predise\u00f1adas. Descargue m\u00e1s en la app \u00abDa Fit\u00bb o personalice con sus fotos. Pantalla HD de 1.91&#8243; para visualizaci\u00f3n n\u00edtida. Incluye 2 correas: silicona transpirable (deporte) y nylon resistente (diario).<br \/>\n&#8211; \u301030 D\u00edas de Autonom\u00eda y Linterna\u3011Reloj inteligente hombre con carga de solo 2 horas para 6 d\u00edas de uso normal o 30 d\u00edas en espera. Linterna LED integrada de alta luminosidad, ideal para actividades nocturnas y emergencias.<br \/>\n&#8211; \u3010Bluetooth Inteligente y Voz AI\u3011El reloj inteligente hombre realice y reciba llamadas directamente desde la mu\u00f1eca con micr\u00f3fono con cancelaci\u00f3n de ruido. Notificaciones en tiempo real de WhatsApp, SMS, correo y redes sociales. El reloj tambi\u00e9n cuenta con un asistente de voz, lo que te permite ejecutar tareas mediante comandos de voz y mantener las manos libres.<br \/>\n&#8211; \u3010Monitoreo de Salud 24\/7\u3011Reloj inteligente con monitorizaci\u00f3n ECG precisa de frecuencia card\u00edaca y alertas por anomal\u00edas. An\u00e1lisis autom\u00e1tico del sue\u00f1o (profundo, ligero, despierto), medici\u00f3n de SpO\u2082 y seguimiento del estr\u00e9s con ejercicios de relajaci\u00f3n. Visualice sus gr\u00e1ficos de monitoreo de 24 horas en la app \u00abDa Fit\u00bb.<br \/>\n&#8211; \u3010100+ Modos Deportivos y Funciones\u3011Reloj inteligente IP68 que rastrea autom\u00e1ticamente pasos, distancia y calor\u00edas. 100+ modos deportivos (running, ciclismo, nataci\u00f3n, entrenamiento, baile, fitness, etc.). Funciones integradas: control de m\u00fasica\/fotos, pron\u00f3stico del tiempo, alarma y localizador de m\u00f3vil para tu d\u00eda a d\u00eda.<br \/>\n&#8211; \u3010Garant\u00eda Extendida y Soporte IOWODO\u3011Disfruta de 2 a\u00f1os de garant\u00eda con soporte 24\/7. Solucionamos cualquier problema del producto. Incluye: reloj inteligente, correa de repuesto, manual y cable de carga. Regalo ideal para amantes del deporte, la tecnolog\u00eda y el cuidado personal.<\/p>","protected":false},"excerpt":{"rendered":"<p>&#8211; \u3010Esferas DIY + 2 Correas\u3011Smartwatch hombre y mujer con 100+ esferas predise\u00f1adas. Descargue m\u00e1s en la app \u00abDa Fit\u00bb<\/p>","protected":false},"featured_media":0,"comment_status":"open","ping_status":"closed","template":"","meta":[],"product_brand":[],"product_cat":[101],"product_tag":[],"class_list":{"0":"post-40339","1":"product","2":"type-product","3":"status-publish","5":"product_cat-accessories","7":"first","8":"instock","9":"sale","10":"shipping-taxable","11":"product-type-external"},"_links":{"self":[{"href":"https:\/\/comprasyconsejos.store\/en\/wp-json\/wp\/v2\/product\/40339","targetHints":{"allow":["GET"]}}],"collection":[{"href":"https:\/\/comprasyconsejos.store\/en\/wp-json\/wp\/v2\/product"}],"about":[{"href":"https:\/\/comprasyconsejos.store\/en\/wp-json\/wp\/v2\/types\/product"}],"replies":[{"embeddable":true,"href":"https:\/\/comprasyconsejos.store\/en\/wp-json\/wp\/v2\/comments?post=40339"}],"version-history":[{"count":0,"href":"https:\/\/comprasyconsejos.store\/en\/wp-json\/wp\/v2\/product\/40339\/revisions"}],"wp:attachment":[{"href":"https:\/\/comprasyconsejos.store\/en\/wp-json\/wp\/v2\/media?parent=40339"}],"wp:term":[{"taxonomy":"product_brand","embeddable":true,"href":"https:\/\/comprasyconsejos.store\/en\/wp-json\/wp\/v2\/product_brand?post=40339"},{"taxonomy":"product_cat","embeddable":true,"href":"https:\/\/comprasyconsejos.store\/en\/wp-json\/wp\/v2\/product_cat?post=40339"},{"taxonomy":"product_tag","embeddable":true,"href":"https:\/\/comprasyconsejos.store\/en\/wp-json\/wp\/v2\/product_tag?post=40339"}],"curies":[{"name":"wp","href":"https:\/\/api.w.org\/{rel}","templated":true}]}}