{"id":40340,"date":"2026-04-11T11:32:48","date_gmt":"2026-04-11T11:32:48","guid":{"rendered":"https:\/\/comprasyconsejos.store\/product\/afeitadora-electrica-para-mujer-2026-rasuradora-mujer-zona-intima-profesional-afeitadora-mujer-indoloro-maquina-depilar-mujer-recargable-rasuradora-mujer-impermeable-ipx7-para-pierna-axila-b\/"},"modified":"2026-04-11T11:32:48","modified_gmt":"2026-04-11T11:32:48","slug":"afeitadora-electrica-para-mujer-2026-rasuradora-mujer-zona-intima-profesional-afeitadora-mujer-indoloro-maquina-depilar-mujer-recargable-rasuradora-mujer-impermeable-ipx7-para-pierna-axila-b","status":"publish","type":"product","link":"https:\/\/comprasyconsejos.store\/en\/product\/afeitadora-electrica-para-mujer-2026-rasuradora-mujer-zona-intima-profesional-afeitadora-mujer-indoloro-maquina-depilar-mujer-recargable-rasuradora-mujer-impermeable-ipx7-para-pierna-axila-b\/","title":{"rendered":"Afeitadora El\u00e9ctrica para Mujer, 2026 Rasuradora Mujer Zona Intima, Profesional Afeitadora Mujer, Indoloro Maquina Depilar Mujer, Recargable Rasuradora Mujer, Impermeable IPX7, para pierna, axila (B)"},"content":{"rendered":"<p>&#8211; \ud83d\ude46\u3010Excellent material\u3011Afeitadora El\u00e9ctrica para Mujer hecho de material ABS, no contiene BPA, proporciona un corte suave, reduciendo el riesgo de irritaci\u00f3n de la piel, lo que lo hace adecuado para tipos de piel sensibles. Con un dise\u00f1o de chafl\u00e1n en forma de R en ambos lados, que evita que el cabello se tire y se raye, y protege tu piel delicada y ovada.<br \/>\n&#8211; \ud83d\ude46\u3010Versatilidad 2 en 1\u3011Rasuradora Mujer Zona Intima est\u00e1 equipada con dos tipos de cabezales de corte para diferentes necesidades y se puede utilizar en manos, piernas, cara, axilas y en el \u00e1rea del bikini. Sin quemaduras, sin tirones, sin irritaci\u00f3n, Con solo unos minutos de uso, disfrutar\u00e1s de una piel suave sin esfuerzo y evitar\u00e1s problemas comunes de afeitado.<br \/>\n&#8211; \ud83d\ude46\u3010Uso en seco y h\u00famedo\u3011Profesional Afeitadora Mujer es impermeable IPX7, lo que permite un uso h\u00famedo y seco, lo que hace que sea muy c\u00f3modo de usar y limpiar. Puede usarlo cuando su piel est\u00e1 mojada, y tambi\u00e9n puede enjuagar la cabeza directamente con agua, con solo pulsar un bot\u00f3n, higi\u00e9nico y ahorra tiempo, higi\u00e9nico y ahorra tiempo.<br \/>\n&#8211; \ud83d\ude46\u3010Ligero y f\u00e1cil de llevar\u3011Indoloro Maquina Depilar Mujer con un dise\u00f1o ligero y compacto, y viene con un cable de carga USB, por lo que es c\u00f3modo de llevar cuando viajas. Embalado la afeitadora de mujer en la bolsa de almacenamiento, viajes y negocios no son desordenados, disfruta de una piel suave en cualquier momento y en cualquier lugar.<br \/>\n&#8211; \ud83d\ude46\u3010Regalo Perfecto\u3011Recargable Rasuradora Mujer ahorra espacio y es ligera. Nuestra afeitadora es una adici\u00f3n esencial a su rutina de beEl. Es un regalo perfecto para tu novia, madre en cumplea\u00f1os, D\u00eda de la Madre, Navidad, aniversarios, etc. Esta elegante depiladora para mujeres les brinda una excelente experiencia de cuidado personal.<\/p>","protected":false},"excerpt":{"rendered":"<p>&#8211; \ud83d\ude46\u3010Excellent material\u3011Afeitadora El\u00e9ctrica para Mujer hecho de material ABS, no contiene BPA, proporciona un corte suave, reduciendo el riesgo<\/p>","protected":false},"featured_media":0,"comment_status":"open","ping_status":"closed","template":"","meta":[],"product_brand":[],"product_cat":[101],"product_tag":[],"class_list":{"0":"post-40340","1":"product","2":"type-product","3":"status-publish","5":"product_cat-accessories","7":"first","8":"instock","9":"shipping-taxable","10":"product-type-external"},"_links":{"self":[{"href":"https:\/\/comprasyconsejos.store\/en\/wp-json\/wp\/v2\/product\/40340","targetHints":{"allow":["GET"]}}],"collection":[{"href":"https:\/\/comprasyconsejos.store\/en\/wp-json\/wp\/v2\/product"}],"about":[{"href":"https:\/\/comprasyconsejos.store\/en\/wp-json\/wp\/v2\/types\/product"}],"replies":[{"embeddable":true,"href":"https:\/\/comprasyconsejos.store\/en\/wp-json\/wp\/v2\/comments?post=40340"}],"version-history":[{"count":0,"href":"https:\/\/comprasyconsejos.store\/en\/wp-json\/wp\/v2\/product\/40340\/revisions"}],"wp:attachment":[{"href":"https:\/\/comprasyconsejos.store\/en\/wp-json\/wp\/v2\/media?parent=40340"}],"wp:term":[{"taxonomy":"product_brand","embeddable":true,"href":"https:\/\/comprasyconsejos.store\/en\/wp-json\/wp\/v2\/product_brand?post=40340"},{"taxonomy":"product_cat","embeddable":true,"href":"https:\/\/comprasyconsejos.store\/en\/wp-json\/wp\/v2\/product_cat?post=40340"},{"taxonomy":"product_tag","embeddable":true,"href":"https:\/\/comprasyconsejos.store\/en\/wp-json\/wp\/v2\/product_tag?post=40340"}],"curies":[{"name":"wp","href":"https:\/\/api.w.org\/{rel}","templated":true}]}}