{"id":40341,"date":"2026-04-11T11:39:50","date_gmt":"2026-04-11T11:39:50","guid":{"rendered":"https:\/\/comprasyconsejos.store\/product\/mosquitera-magnetica-para-puerta-de-balcon-90-x-210-cm-antimosquitos-con-imanes-cortinas-mosquiteras-para-puertas-con-imanes-mosquitera-cortina-puerta-magnetica-para-pue-rta-de-balcon-puer-ta-de\/"},"modified":"2026-04-11T11:39:50","modified_gmt":"2026-04-11T11:39:50","slug":"mosquitera-magnetica-para-puerta-de-balcon-90-x-210-cm-antimosquitos-con-imanes-cortinas-mosquiteras-para-puertas-con-imanes-mosquitera-cortina-puerta-magnetica-para-pue-rta-de-balcon-puer-ta-de","status":"publish","type":"product","link":"https:\/\/comprasyconsejos.store\/en\/product\/mosquitera-magnetica-para-puerta-de-balcon-90-x-210-cm-antimosquitos-con-imanes-cortinas-mosquiteras-para-puertas-con-imanes-mosquitera-cortina-puerta-magnetica-para-pue-rta-de-balcon-puer-ta-de\/","title":{"rendered":"Mosquitera magn\u00e9tica para puerta de balc\u00f3n, 90 x 210 cm Antimosquitos con Imanes, Cortinas Mosquiteras para Puertas con Imanes, Mosquitera Cortina Puerta Magnetica, para pue-rta de balc\u00f3n, puer-ta de"},"content":{"rendered":"<p>&#8211; \ud83e\udd9f\ud83d\udeab\u3010Resistente al desgaste y duradera\u3011Puerta de Balc\u00f3n Cortina Magn\u00e9tica de fibra de poli\u00e9ster con una textura suave, buena transpirabilidad y respetuosa con el medio ambiente y no t\u00f3xica. La cubierta de tela Oxford mejorada hace que el producto sea m\u00e1s resistente al desgaste, incluso si se enciende y apaga varias veces.<br \/>\n&#8211; \ud83e\udd9f\ud83d\udeab\u30103,8 cm dise\u00f1o m\u00e1s amplio\u3011La Cortinas Mosquiteras para Puertas con Imanes est\u00e1 especialmente ensanchada a 3,8 cm y est\u00e1 equipada con el mismo adhesivo fuerte ancho y sin costuras, por lo que es f\u00e1cil de pegar e instalar, para una cortina de puerta m\u00e1s estable, se recomienda instalar la parte central de la puerta un poco m\u00e1s alta.<br \/>\n&#8211; \ud83e\udd9f\ud83d\udeab\u3010Instalaci\u00f3n r\u00e1pida\u3011\u00a1No se necesitan tornillos, clavos ni herramientas! Simplemente pega la cinta de gancho autoadhesiva en el marco de tu puerta y coloca la cortina mosquitera puerta exterior. Esta mosquitera iman se mantiene firme todo el verano, siendo una de las mosquiteras para puertas m\u00e1s f\u00e1ciles de instalar para mantener alejadas las moscas.<br \/>\n&#8211; \ud83e\udd9f\ud83d\udeab\u3010Uso sencillo con cierre autom\u00e1tico\u3011La costura central de nuestra Mosquiteras de Ventanas para Puertas del Balc\u00f3n est\u00e1 equipada con tiras magn\u00e9ticas fuertes, permitiendo que la cortina mosquitera con imanes se abra f\u00e1cilmente y se cierre de forma herm\u00e9tica. Incluso con las manos ocupadas, pasar es pan comido.<br \/>\n&#8211; \ud83e\udd9f\ud83d\udeab\u3010Amplia aplicaci\u00f3n\u3011Antes de comprar, mide el marco de tu puerta para asegurar un ajuste perfecto. Esta Mosquitera magn\u00e9tica para puerta de balc\u00f3n se adapta f\u00e1cilmente a puertas de balc\u00f3n, dormitorios, cocinas, habitaciones infantiles o puertas corredizas. Es una pr\u00e1ctica cortina puerta exterior y mosquitera balcon con imanes, dise\u00f1ada para uso vers\u00e1til.<\/p>","protected":false},"excerpt":{"rendered":"<p>&#8211; \ud83e\udd9f\ud83d\udeab\u3010Resistente al desgaste y duradera\u3011Puerta de Balc\u00f3n Cortina Magn\u00e9tica de fibra de poli\u00e9ster con una textura suave, buena transpirabilidad<\/p>","protected":false},"featured_media":0,"comment_status":"open","ping_status":"closed","template":"","meta":[],"product_brand":[],"product_cat":[101],"product_tag":[],"class_list":{"0":"post-40341","1":"product","2":"type-product","3":"status-publish","5":"product_cat-accessories","7":"first","8":"instock","9":"shipping-taxable","10":"product-type-external"},"_links":{"self":[{"href":"https:\/\/comprasyconsejos.store\/en\/wp-json\/wp\/v2\/product\/40341","targetHints":{"allow":["GET"]}}],"collection":[{"href":"https:\/\/comprasyconsejos.store\/en\/wp-json\/wp\/v2\/product"}],"about":[{"href":"https:\/\/comprasyconsejos.store\/en\/wp-json\/wp\/v2\/types\/product"}],"replies":[{"embeddable":true,"href":"https:\/\/comprasyconsejos.store\/en\/wp-json\/wp\/v2\/comments?post=40341"}],"version-history":[{"count":0,"href":"https:\/\/comprasyconsejos.store\/en\/wp-json\/wp\/v2\/product\/40341\/revisions"}],"wp:attachment":[{"href":"https:\/\/comprasyconsejos.store\/en\/wp-json\/wp\/v2\/media?parent=40341"}],"wp:term":[{"taxonomy":"product_brand","embeddable":true,"href":"https:\/\/comprasyconsejos.store\/en\/wp-json\/wp\/v2\/product_brand?post=40341"},{"taxonomy":"product_cat","embeddable":true,"href":"https:\/\/comprasyconsejos.store\/en\/wp-json\/wp\/v2\/product_cat?post=40341"},{"taxonomy":"product_tag","embeddable":true,"href":"https:\/\/comprasyconsejos.store\/en\/wp-json\/wp\/v2\/product_tag?post=40341"}],"curies":[{"name":"wp","href":"https:\/\/api.w.org\/{rel}","templated":true}]}}