{"id":40342,"date":"2026-04-11T11:42:06","date_gmt":"2026-04-11T11:42:06","guid":{"rendered":"https:\/\/comprasyconsejos.store\/product\/lapices-de-unas-12-piezas-boligrafo-de-unas-boligrafo-manicura-rotulador-unas-3d-marcadores-de-punteado-de-unas-kit-de-rotulador-de-esmalte-en-gel-para-principiantes-lienzo-y-salon-a\/"},"modified":"2026-04-11T11:42:06","modified_gmt":"2026-04-11T11:42:06","slug":"lapices-de-unas-12-piezas-boligrafo-de-unas-boligrafo-manicura-rotulador-unas-3d-marcadores-de-punteado-de-unas-kit-de-rotulador-de-esmalte-en-gel-para-principiantes-lienzo-y-salon-a","status":"publish","type":"product","link":"https:\/\/comprasyconsejos.store\/en\/product\/lapices-de-unas-12-piezas-boligrafo-de-unas-boligrafo-manicura-rotulador-unas-3d-marcadores-de-punteado-de-unas-kit-de-rotulador-de-esmalte-en-gel-para-principiantes-lienzo-y-salon-a\/","title":{"rendered":"l\u00e1pices de u\u00f1as, 12 Piezas Bol\u00edgrafo de U\u00f1as, Bol\u00edgrafo Manicura, Rotulador U\u00f1as, 3D marcadores de punteado de u\u00f1as, Kit De Rotulador De Esmalte En Gel, Para Principiantes, Lienzo Y Salon (A)"},"content":{"rendered":"<p>&#8211; \ud83d\udc9b\u3010Material de alta calidad\u3011 La Bol\u00edgrafo Manicura tinta de alta calidad se seca r\u00e1pidamente, no babea y ofrece un flujo de color regular. Ideal para dibujar l\u00edneas finas, puntos precisos, patrones detallados o decoraciones de u\u00f1as complejas.<br \/>\n&#8211; \ud83d\udc85\u3010Contenido del paquete\u3011 Set de 12 Rotulador U\u00f1as para graffiti y dotting, colores vivos y modernos. Sus ricos pigmentos permiten realizar dise\u00f1os elegantes o atrevidos, perfectos para el uso diario, bricolaje creativo o ocasiones especiales.<br \/>\n&#8211; \ud83d\udc99\u3010Herramienta de Arte Sin Esfuerzo\u3011 Los 3D Nail Art Pens en estilo lapicero brindan un control de dibujo intuitivo que permite la creaci\u00f3n de patrones fluidos sin requerir pinceles, empoderando a los usuarios para expresar su estilo \u00fanico de manera sencilla durante viajes o momentos de relajaci\u00f3n.<br \/>\n&#8211; \ud83d\udc85\u3010F\u00e1cil de Operar\u3011 En comparaci\u00f3n con los pinceles para u\u00f1as, nuestro Nail Art Markers es m\u00e1s f\u00e1cil de usar y m\u00e1s adecuado para principiantes. Simplemente ag\u00edtelo hacia arriba y hacia abajo para mezclar la tinta de manera uniforme antes de usarlo.<br \/>\n&#8211; \ud83d\udc9c\u3010Idea de regalo perfecta\u3011 Plumines de U\u00f1as Sdecuado para uso dom\u00e9stico y salones de u\u00f1as profesionales, se puede aplicar en esmalte de u\u00f1as de gel, u\u00f1as naturales, u\u00f1as acr\u00edlicas y u\u00f1as postizas. Muy adecuado como regalo para ni\u00f1as y mujeres.<\/p>","protected":false},"excerpt":{"rendered":"<p>&#8211; \ud83d\udc9b\u3010Material de alta calidad\u3011 La Bol\u00edgrafo Manicura tinta de alta calidad se seca r\u00e1pidamente, no babea y ofrece un<\/p>","protected":false},"featured_media":0,"comment_status":"open","ping_status":"closed","template":"","meta":[],"product_brand":[],"product_cat":[101],"product_tag":[],"class_list":{"0":"post-40342","1":"product","2":"type-product","3":"status-publish","5":"product_cat-accessories","7":"first","8":"instock","9":"shipping-taxable","10":"product-type-external"},"_links":{"self":[{"href":"https:\/\/comprasyconsejos.store\/en\/wp-json\/wp\/v2\/product\/40342","targetHints":{"allow":["GET"]}}],"collection":[{"href":"https:\/\/comprasyconsejos.store\/en\/wp-json\/wp\/v2\/product"}],"about":[{"href":"https:\/\/comprasyconsejos.store\/en\/wp-json\/wp\/v2\/types\/product"}],"replies":[{"embeddable":true,"href":"https:\/\/comprasyconsejos.store\/en\/wp-json\/wp\/v2\/comments?post=40342"}],"version-history":[{"count":0,"href":"https:\/\/comprasyconsejos.store\/en\/wp-json\/wp\/v2\/product\/40342\/revisions"}],"wp:attachment":[{"href":"https:\/\/comprasyconsejos.store\/en\/wp-json\/wp\/v2\/media?parent=40342"}],"wp:term":[{"taxonomy":"product_brand","embeddable":true,"href":"https:\/\/comprasyconsejos.store\/en\/wp-json\/wp\/v2\/product_brand?post=40342"},{"taxonomy":"product_cat","embeddable":true,"href":"https:\/\/comprasyconsejos.store\/en\/wp-json\/wp\/v2\/product_cat?post=40342"},{"taxonomy":"product_tag","embeddable":true,"href":"https:\/\/comprasyconsejos.store\/en\/wp-json\/wp\/v2\/product_tag?post=40342"}],"curies":[{"name":"wp","href":"https:\/\/api.w.org\/{rel}","templated":true}]}}