{"id":40343,"date":"2026-04-11T11:51:29","date_gmt":"2026-04-11T11:51:29","guid":{"rendered":"https:\/\/comprasyconsejos.store\/product\/baishuwu-foam-texture-blank-painting-paper-pintura-magica-de-textura-de-espuma-papel-de-pintura-magico-de-hinchazon-papel-de-dibujo-creativo-de-espuma-magica-regalos-para-ninos-y-ninas\/"},"modified":"2026-04-11T11:51:29","modified_gmt":"2026-04-11T11:51:29","slug":"baishuwu-foam-texture-blank-painting-paper-pintura-magica-de-textura-de-espuma-papel-de-pintura-magico-de-hinchazon-papel-de-dibujo-creativo-de-espuma-magica-regalos-para-ninos-y-ninas","status":"publish","type":"product","link":"https:\/\/comprasyconsejos.store\/en\/product\/baishuwu-foam-texture-blank-painting-paper-pintura-magica-de-textura-de-espuma-papel-de-pintura-magico-de-hinchazon-papel-de-dibujo-creativo-de-espuma-magica-regalos-para-ninos-y-ninas\/","title":{"rendered":"BAISHUWU Foam Texture Blank Painting Paper, Pintura m\u00e1gica de textura de espuma, Papel De Pintura M\u00e1gico De Hinchaz\u00f3n, Papel de dibujo creativo de espuma m\u00e1gica, Regalos para Ni\u00f1os y Ni\u00f1as"},"content":{"rendered":"<p>&#8211; \ud83c\udfa8\u3010Material de alta calidad\u3011 Utilizando una esponja especial de algod\u00f3n de pulpa de madera comprimida, puede expandirse para formar un efecto tridimensional cuando entra en contacto con agua. El papel de dibujo de espuma puede crear f\u00e1cilmente obras de arte 3D realistas, sin habilidades profesionales, los ni\u00f1os tambi\u00e9n pueden experimentar la magia del arte.<br \/>\n&#8211; \ud83c\udfa8\u3010El paquete incluye\u3011 Recibir\u00e1s 10 X Papel de textura de espuma, 1 X Conjunto de marcadores de 12 colores, 10 X Cadena de cuentas, 1 X Peque\u00f1o caballete, 3 X Pincel de punta suave para almacenar agua.(Grande, mediano y peque\u00f1o). El juego est\u00e1 en muchas cantidades, perfecto para pintura creativa.<br \/>\n&#8211; \ud83c\udfa8\u3010Puffy Popcorn Magics Foam Texture Painting Kit\u3011 Experiencia horas de diversi\u00f3n imaginativa con nuestro papel de textura de espuma, ideal para relajaci\u00f3n art\u00edstica e ideal para manualidades para ni\u00f1os, as\u00ed como proyectos de decoraci\u00f3n navide\u00f1a.<br \/>\n&#8211; \ud83c\udfa8\u3010F\u00e1cil uso\u3011 Simplemente dibuja en el papel y observa c\u00f3mo tus dise\u00f1os se hinchan m\u00e1gicamente cuando se activan con agua. Este innovador material de espuma se expande con la humedad, a\u00f1adiendo un divertido efecto 3D a tus obras de arte.<br \/>\n&#8211; \ud83c\udfa8\u3010Ideal para todas las edades\u3011 Estas Esponja de lienzo m\u00e1gico de dibujo 3D son perfectas para proyectos de manualidades de ni\u00f1os, tareas escolares, decoraciones de vacaciones o incluso proyectos de bricolaje para adultos. Ya sea para uso personal, escuela o fiestas de manualidades.<\/p>","protected":false},"excerpt":{"rendered":"<p>&#8211; \ud83c\udfa8\u3010Material de alta calidad\u3011 Utilizando una esponja especial de algod\u00f3n de pulpa de madera comprimida, puede expandirse para formar<\/p>","protected":false},"featured_media":0,"comment_status":"open","ping_status":"closed","template":"","meta":[],"product_brand":[],"product_cat":[101],"product_tag":[],"class_list":{"0":"post-40343","1":"product","2":"type-product","3":"status-publish","5":"product_cat-accessories","7":"first","8":"instock","9":"shipping-taxable","10":"product-type-external"},"_links":{"self":[{"href":"https:\/\/comprasyconsejos.store\/en\/wp-json\/wp\/v2\/product\/40343","targetHints":{"allow":["GET"]}}],"collection":[{"href":"https:\/\/comprasyconsejos.store\/en\/wp-json\/wp\/v2\/product"}],"about":[{"href":"https:\/\/comprasyconsejos.store\/en\/wp-json\/wp\/v2\/types\/product"}],"replies":[{"embeddable":true,"href":"https:\/\/comprasyconsejos.store\/en\/wp-json\/wp\/v2\/comments?post=40343"}],"version-history":[{"count":0,"href":"https:\/\/comprasyconsejos.store\/en\/wp-json\/wp\/v2\/product\/40343\/revisions"}],"wp:attachment":[{"href":"https:\/\/comprasyconsejos.store\/en\/wp-json\/wp\/v2\/media?parent=40343"}],"wp:term":[{"taxonomy":"product_brand","embeddable":true,"href":"https:\/\/comprasyconsejos.store\/en\/wp-json\/wp\/v2\/product_brand?post=40343"},{"taxonomy":"product_cat","embeddable":true,"href":"https:\/\/comprasyconsejos.store\/en\/wp-json\/wp\/v2\/product_cat?post=40343"},{"taxonomy":"product_tag","embeddable":true,"href":"https:\/\/comprasyconsejos.store\/en\/wp-json\/wp\/v2\/product_tag?post=40343"}],"curies":[{"name":"wp","href":"https:\/\/api.w.org\/{rel}","templated":true}]}}