{"id":40344,"date":"2026-04-12T17:42:27","date_gmt":"2026-04-12T17:42:27","guid":{"rendered":"https:\/\/comprasyconsejos.store\/product\/hychika-taladro-atornillador-12v-destornillador-electrico-30n-m-atornillador-electrico-211-ajustes-par-2-velocidad-ajustable-25-accesorios-luz-led-cargador-rapido\/"},"modified":"2026-04-12T17:42:27","modified_gmt":"2026-04-12T17:42:27","slug":"hychika-taladro-atornillador-12v-destornillador-electrico-30n-m-atornillador-electrico-211-ajustes-par-2-velocidad-ajustable-25-accesorios-luz-led-cargador-rapido","status":"publish","type":"product","link":"https:\/\/comprasyconsejos.store\/en\/product\/hychika-taladro-atornillador-12v-destornillador-electrico-30n-m-atornillador-electrico-211-ajustes-par-2-velocidad-ajustable-25-accesorios-luz-led-cargador-rapido\/","title":{"rendered":"HYCHIKA Taladro Atornillador 12V, Destornillador El\u00e9ctrico, 30N.m Atornillador El\u00e9ctrico, 21+1 Ajustes Par, 2 Velocidad ajustable, 25 Accesorios, Luz LED, Cargador R\u00e1pido"},"content":{"rendered":"<p>&#8211; Potencia Duradera: Este atornillador a bater\u00eda est\u00e1 equipado con una bater\u00eda de litio de 1500 mAh que puede cargarse por completo m\u00e1s de 300 veces, superando la vida \u00fatil de las bater\u00edas ordinarias. Como resultado, el producto puede durar m\u00e1s de 3 a\u00f1os, ofreciendo un excelente valor a largo plazo<br \/>\n&#8211; Precisi\u00f3n de nivel profesional para proyectos DIY exigentes: Este destornillador el\u00e9ctrico ofrece un par m\u00e1ximo de 30 Nm, 21+1 ajustes de par y transmisi\u00f3n de 2 velocidades (0-400\/0-1500 rpm). Su control preciso permite trabajar desde montajes delicados hasta atornillar en madera dura o taladrar metal, evitando da\u00f1os en el material o tornillos<br \/>\n&#8211; Compacto, ligero y con dise\u00f1o optimizado: Con un peso de solo 980 gramos, este taladro atornillador a bater\u00eda ofrece gran potencia sin fatiga. Al completar el atornillado, emite una se\u00f1al sonora. Sus rejillas de ventilaci\u00f3n amplias mejoran la refrigeraci\u00f3n, e integra protecci\u00f3n electr\u00f3nica contra sobrecalentamiento para mayor durabilidad<br \/>\n&#8211; Mayor facilidad de uso y manejo intuitivo: La pinza de autoajuste de 10 mm permite cambiar accesorios con rapidez y seguridad. El atornillador el\u00e9ctrico incluye luz LED para \u00e1reas oscuras y gancho para cintur\u00f3n. Su mango ergon\u00f3mico con agarre suave y bot\u00f3n de avance\/retroceso garantizan comodidad y control en uso prolongado<br \/>\n&#8211; Incluye 26 accesorios para m\u00faltiples aplicaciones: Este atornillador a bater\u00eda incluye 26 accesorios esenciales: 5 x brocas (3, 4, 5, 6, 8 mm), 18 x puntas de 25 mm (PH1, 2xPH2, PH3, PZ1, PZ2, PZ3, SL4, SL5, H4, H5, H6, 2xTH10, TH15, TH20, TH25, TH27), 2 x puntas de 50 mm (PH2, TH10), 1 x portapuntas, 1 x adaptador, 1 x Hebilla de cintur\u00f3n. Incluye bater\u00eda 12V 1.5Ah<br \/>\n&#8211; Mantenimiento de la bater\u00eda: 1. Cuando no vaya a utilizar la m\u00e1quina durante mucho tiempo, extraiga la bater\u00eda de la m\u00e1quina y aseg\u00farese de que est\u00e1 completamente cargada antes de colocarla. 2.Cargue la bater\u00eda al menos una vez cada 3 meses<\/p>","protected":false},"excerpt":{"rendered":"<p>&#8211; Potencia Duradera: Este atornillador a bater\u00eda est\u00e1 equipado con una bater\u00eda de litio de 1500 mAh que puede cargarse<\/p>","protected":false},"featured_media":0,"comment_status":"open","ping_status":"closed","template":"","meta":[],"product_brand":[],"product_cat":[101],"product_tag":[],"class_list":{"0":"post-40344","1":"product","2":"type-product","3":"status-publish","5":"product_cat-accessories","7":"first","8":"instock","9":"shipping-taxable","10":"product-type-external"},"_links":{"self":[{"href":"https:\/\/comprasyconsejos.store\/en\/wp-json\/wp\/v2\/product\/40344","targetHints":{"allow":["GET"]}}],"collection":[{"href":"https:\/\/comprasyconsejos.store\/en\/wp-json\/wp\/v2\/product"}],"about":[{"href":"https:\/\/comprasyconsejos.store\/en\/wp-json\/wp\/v2\/types\/product"}],"replies":[{"embeddable":true,"href":"https:\/\/comprasyconsejos.store\/en\/wp-json\/wp\/v2\/comments?post=40344"}],"version-history":[{"count":0,"href":"https:\/\/comprasyconsejos.store\/en\/wp-json\/wp\/v2\/product\/40344\/revisions"}],"wp:attachment":[{"href":"https:\/\/comprasyconsejos.store\/en\/wp-json\/wp\/v2\/media?parent=40344"}],"wp:term":[{"taxonomy":"product_brand","embeddable":true,"href":"https:\/\/comprasyconsejos.store\/en\/wp-json\/wp\/v2\/product_brand?post=40344"},{"taxonomy":"product_cat","embeddable":true,"href":"https:\/\/comprasyconsejos.store\/en\/wp-json\/wp\/v2\/product_cat?post=40344"},{"taxonomy":"product_tag","embeddable":true,"href":"https:\/\/comprasyconsejos.store\/en\/wp-json\/wp\/v2\/product_tag?post=40344"}],"curies":[{"name":"wp","href":"https:\/\/api.w.org\/{rel}","templated":true}]}}