{"id":40345,"date":"2026-04-12T17:42:40","date_gmt":"2026-04-12T17:42:40","guid":{"rendered":"https:\/\/comprasyconsejos.store\/product\/hychika-foco-led-recargable20w-2000lm-6500k-con-puertos-de-carga-usb-y-tipo-c-ip65-resistente-al-agua-adecuado-para-camping-al-aire-libre-obras\/"},"modified":"2026-04-12T17:42:40","modified_gmt":"2026-04-12T17:42:40","slug":"hychika-foco-led-recargable20w-2000lm-6500k-con-puertos-de-carga-usb-y-tipo-c-ip65-resistente-al-agua-adecuado-para-camping-al-aire-libre-obras","status":"publish","type":"product","link":"https:\/\/comprasyconsejos.store\/en\/product\/hychika-foco-led-recargable20w-2000lm-6500k-con-puertos-de-carga-usb-y-tipo-c-ip65-resistente-al-agua-adecuado-para-camping-al-aire-libre-obras\/","title":{"rendered":"HYCHIKA Foco LED Recargable,20W 2000LM 6500K, Con Puertos de Carga USB Y Tipo C, IP65 Resistente al Agua, Adecuado Para Camping al Aire Libre, Obras"},"content":{"rendered":"<p>&#8211; Foco LED: potencia de 20 W, temperatura de color blanco fr\u00edo: 6500 K, \u00e1ngulo de haz: 120 \u00b0, esta l\u00e1mpara de construcci\u00f3n LED est\u00e1 equipada con 64 perlas de l\u00e1mpara, material de carcasa ABS + PC y puerto de carga USB. Las potentes funciones los hacen m\u00e1s pr\u00e1cticos en el trabajo<br \/>\n&#8211; Dise\u00f1o flexible: cuando se utiliza el foco LED, puedes ajustar el \u00e1ngulo del foco a voluntad y bloquear para fijar r\u00e1pidamente el \u00e1ngulo deseado. Cuando ya no necesites el foco arquitect\u00f3nico, puedes plegarlo para guardarlo, no ocupa espacio<br \/>\n&#8211; IP65 resistente al agua: la luz de trabajo est\u00e1 hecha de material de carcasa ABS+PC, que es impermeable, a prueba de golpes y al polvo, y se puede utilizar en entornos hostiles como lluvia intensa y alta humedad<br \/>\n&#8211; Potencia m\u00f3vil: la bater\u00eda de la luz de trabajo tiene una capacidad de 4400 mAh y est\u00e1 lista para usar despu\u00e9s de una carga completa. Tambi\u00e9n est\u00e1 equipado con un puerto de carga USB y TYP-C para que pueda cargar su tel\u00e9fono al aire libre en cualquier momento<br \/>\n&#8211; Amplia aplicaci\u00f3n: los focos LED de construcci\u00f3n para exteriores son muy adecuados para obras de construcci\u00f3n, jardines, decoraci\u00f3n de interiores, camping al aire libre, etc<\/p>","protected":false},"excerpt":{"rendered":"<p>&#8211; Foco LED: potencia de 20 W, temperatura de color blanco fr\u00edo: 6500 K, \u00e1ngulo de haz: 120 \u00b0, esta<\/p>","protected":false},"featured_media":0,"comment_status":"open","ping_status":"closed","template":"","meta":[],"product_brand":[],"product_cat":[101],"product_tag":[],"class_list":{"0":"post-40345","1":"product","2":"type-product","3":"status-publish","5":"product_cat-accessories","7":"first","8":"instock","9":"shipping-taxable","10":"product-type-external"},"_links":{"self":[{"href":"https:\/\/comprasyconsejos.store\/en\/wp-json\/wp\/v2\/product\/40345","targetHints":{"allow":["GET"]}}],"collection":[{"href":"https:\/\/comprasyconsejos.store\/en\/wp-json\/wp\/v2\/product"}],"about":[{"href":"https:\/\/comprasyconsejos.store\/en\/wp-json\/wp\/v2\/types\/product"}],"replies":[{"embeddable":true,"href":"https:\/\/comprasyconsejos.store\/en\/wp-json\/wp\/v2\/comments?post=40345"}],"version-history":[{"count":0,"href":"https:\/\/comprasyconsejos.store\/en\/wp-json\/wp\/v2\/product\/40345\/revisions"}],"wp:attachment":[{"href":"https:\/\/comprasyconsejos.store\/en\/wp-json\/wp\/v2\/media?parent=40345"}],"wp:term":[{"taxonomy":"product_brand","embeddable":true,"href":"https:\/\/comprasyconsejos.store\/en\/wp-json\/wp\/v2\/product_brand?post=40345"},{"taxonomy":"product_cat","embeddable":true,"href":"https:\/\/comprasyconsejos.store\/en\/wp-json\/wp\/v2\/product_cat?post=40345"},{"taxonomy":"product_tag","embeddable":true,"href":"https:\/\/comprasyconsejos.store\/en\/wp-json\/wp\/v2\/product_tag?post=40345"}],"curies":[{"name":"wp","href":"https:\/\/api.w.org\/{rel}","templated":true}]}}