{"id":40347,"date":"2026-04-16T08:44:09","date_gmt":"2026-04-16T08:44:09","guid":{"rendered":"https:\/\/comprasyconsejos.store\/product\/dispositivo-de-limpieza-por-ultrasonidos-con-esterilizacion-uv-45-khz-de-alta-frecuencia-4-modos-de-limpieza-uv-deposito-de-limpieza-de-dientes-de-200-ml-retenedor-rieles-nocturnos-alineadores\/"},"modified":"2026-04-16T08:44:09","modified_gmt":"2026-04-16T08:44:09","slug":"dispositivo-de-limpieza-por-ultrasonidos-con-esterilizacion-uv-45-khz-de-alta-frecuencia-4-modos-de-limpieza-uv-deposito-de-limpieza-de-dientes-de-200-ml-retenedor-rieles-nocturnos-alineadores","status":"publish","type":"product","link":"https:\/\/comprasyconsejos.store\/en\/product\/dispositivo-de-limpieza-por-ultrasonidos-con-esterilizacion-uv-45-khz-de-alta-frecuencia-4-modos-de-limpieza-uv-deposito-de-limpieza-de-dientes-de-200-ml-retenedor-rieles-nocturnos-alineadores\/","title":{"rendered":"Dispositivo de limpieza por ultrasonidos con esterilizaci\u00f3n UV, 45 kHz de alta frecuencia, 4 modos de limpieza UV, dep\u00f3sito de limpieza de dientes de 200 ml, retenedor, rieles nocturnos, alineadores"},"content":{"rendered":"<p>&#8211; Limpieza ultras\u00f3nica de calidad cl\u00ednica: la tecnolog\u00eda ultras\u00f3nica de alta frecuencia genera millones de peque\u00f1as burbujas que penetran profundamente en huecos y surcos, eliminando eficazmente la decoloraci\u00f3n y la placa rebeldes sin da\u00f1ar sus dentaduras. Con este dispositivo profesional de limpieza ultras\u00f3nica para aparatos ortop\u00e9dicos, puede lograr una limpieza profunda de sus dentaduras postizas en casa. Adecuado para aparatos ortop\u00e9dicos, retenedores, f\u00e9rulas nocturnas, alineadores, protectores bucales, etc.<br \/>\n&#8211; Equipado con l\u00e1mparas UV-C mejoradas de alta eficiencia: limpieza de 360\u00b0 para esterilizaci\u00f3n. El limpiador ultras\u00f3nico para dentaduras postizas no solo proporciona un excelente efecto de limpieza, sino que tambi\u00e9n elimina eficazmente los olores. Proporciona una tasa de limpieza m\u00e1s profunda de hasta el 99,9%, lo que hace que tus dentaduras postizas se vean como nuevas durante mucho tiempo.<br \/>\n&#8211; 4 modos de limpieza \u00fanicos: operaci\u00f3n con un solo bot\u00f3n: 1. Limpieza ultras\u00f3nica (5 min. ); 2. Limpieza profunda UVC 360\u00b0 (5 min. ); 3. Ultrasonido + UVC (5 min. ); temporizador de espera de 10 minutos (con pastillas de remojo) y ultrasonido + UVC (5 minutos); varios procesos de limpieza para tus pr\u00f3tesis dentales, con pastillas de limpieza (incluidas) o enjuague bucal para un efecto de limpieza \u00f3ptimo.<br \/>\n&#8211; 200 ml de gran capacidad: acero inoxidable de grado alimenticio S30408 como dep\u00f3sito de limpieza, higi\u00e9nico y seguro. La mayor\u00eda de las dentaduras postizas se pueden sumergir y limpiar por completo. Limpieza profunda y frescor bucal de larga duraci\u00f3n.<br \/>\n&#8211; Ruido convincente: la tecnolog\u00eda ultras\u00f3nica alcanza un nivel de ruido \u00f3ptimo (\u2264 40 dB(A)). Combinado con la tapa completamente sellada y la base antideslizante, esto garantiza un funcionamiento silencioso y una experiencia de uso superior y segura. El dise\u00f1o delgado, suave, peque\u00f1o y compacto ocupa poco espacio en la superficie de trabajo, al tiempo que permite una limpieza profunda de instrumentos de diferentes tama\u00f1os.<br \/>\n&#8211; Detalles f\u00e1ciles de usar: 3 ventanas para controlar el proceso; parte inferior antideslizante para mayor seguridad; tapa antipolvo totalmente sellada para una mayor higiene; tapa con borde para un f\u00e1cil manejo; recipiente interior apto para alimentos.<br \/>\n&#8211; El paquete incluye: 1. Dispositivo de limpieza ultras\u00f3nica HYCHIKA; 2. Fuente de alimentaci\u00f3n est\u00e1ndar alemana; 3. Manual de instrucciones; 4. 1 pinzas.<\/p>","protected":false},"excerpt":{"rendered":"<p>&#8211; Limpieza ultras\u00f3nica de calidad cl\u00ednica: la tecnolog\u00eda ultras\u00f3nica de alta frecuencia genera millones de peque\u00f1as burbujas que penetran profundamente<\/p>","protected":false},"featured_media":0,"comment_status":"open","ping_status":"closed","template":"","meta":[],"product_brand":[],"product_cat":[101],"product_tag":[],"class_list":{"0":"post-40347","1":"product","2":"type-product","3":"status-publish","5":"product_cat-accessories","7":"first","8":"instock","9":"shipping-taxable","10":"product-type-external"},"_links":{"self":[{"href":"https:\/\/comprasyconsejos.store\/en\/wp-json\/wp\/v2\/product\/40347","targetHints":{"allow":["GET"]}}],"collection":[{"href":"https:\/\/comprasyconsejos.store\/en\/wp-json\/wp\/v2\/product"}],"about":[{"href":"https:\/\/comprasyconsejos.store\/en\/wp-json\/wp\/v2\/types\/product"}],"replies":[{"embeddable":true,"href":"https:\/\/comprasyconsejos.store\/en\/wp-json\/wp\/v2\/comments?post=40347"}],"version-history":[{"count":0,"href":"https:\/\/comprasyconsejos.store\/en\/wp-json\/wp\/v2\/product\/40347\/revisions"}],"wp:attachment":[{"href":"https:\/\/comprasyconsejos.store\/en\/wp-json\/wp\/v2\/media?parent=40347"}],"wp:term":[{"taxonomy":"product_brand","embeddable":true,"href":"https:\/\/comprasyconsejos.store\/en\/wp-json\/wp\/v2\/product_brand?post=40347"},{"taxonomy":"product_cat","embeddable":true,"href":"https:\/\/comprasyconsejos.store\/en\/wp-json\/wp\/v2\/product_cat?post=40347"},{"taxonomy":"product_tag","embeddable":true,"href":"https:\/\/comprasyconsejos.store\/en\/wp-json\/wp\/v2\/product_tag?post=40347"}],"curies":[{"name":"wp","href":"https:\/\/api.w.org\/{rel}","templated":true}]}}