{"id":40349,"date":"2026-04-16T11:04:39","date_gmt":"2026-04-16T11:04:39","guid":{"rendered":"https:\/\/comprasyconsejos.store\/product\/hychika-pistola-pintura-pistola-de-pintura-hvlp-de-600w-deposito-de-1200ml-4-boquillas-y-2-herramientas-de-limpieza-pulverizador-de-pintura-de-3-patrones-para-paredes-y-techos-vallas\/"},"modified":"2026-04-16T11:04:39","modified_gmt":"2026-04-16T11:04:39","slug":"hychika-pistola-pintura-pistola-de-pintura-hvlp-de-600w-deposito-de-1200ml-4-boquillas-y-2-herramientas-de-limpieza-pulverizador-de-pintura-de-3-patrones-para-paredes-y-techos-vallas","status":"publish","type":"product","link":"https:\/\/comprasyconsejos.store\/en\/product\/hychika-pistola-pintura-pistola-de-pintura-hvlp-de-600w-deposito-de-1200ml-4-boquillas-y-2-herramientas-de-limpieza-pulverizador-de-pintura-de-3-patrones-para-paredes-y-techos-vallas\/","title":{"rendered":"HYCHIKA Pistola Pintura, Pistola de Pintura HVLP de 600W, Dep\u00f3sito de 1200ML 4 Boquillas y 2 Herramientas de Limpieza, Pulverizador de Pintura de 3 Patrones para Paredes y Techos, Vallas"},"content":{"rendered":"<p>&#8211; Potente Motor: Pistola pintura electrica con motor de cobre puro de 600W, tecnolog\u00eda HVLP para una buena atomizaci\u00f3n, respetuosa con el medio ambiente, que ahorra pintura y tiempo, para vallas, paredes, techos, puertas, ventanas, muebles de jard\u00edn y otras superficies de madera o metal<br \/>\n&#8211; 3 Patrones y 4 Boquillas : El pistola de pintura se puede ajustar a 3 patrones de pulverizaci\u00f3n (circular, horizontal, vertical) para adaptarse a la forma del objeto a pintar. Est\u00e1 equipado con 4 boquillas (1,5 mm\/1,8 mm\/2,2 mm\/2,6 mm). Distancia \u00f3ptima de pulverizaci\u00f3n 30-40cm<br \/>\n&#8211; Dise\u00f1o de Flujo Ajustable : Pistola pintura proporcionar salida de pulverizaci\u00f3n precisa mediante el ajuste de la perilla de control de flujo (Max.flow rate: 1000ml\/min, max.viscosity 100DIN\/s) para satisfacer diferentes necesidades de pulverizaci\u00f3n y ahorrar m\u00e1s tiempo y energ\u00eda en comparaci\u00f3n con la pulverizaci\u00f3n tradicional<br \/>\n&#8211; F\u00e1cil de Usar y Limpiar : El pistola pintura se puede desmontar, la aguja de limpieza y el cepillo pueden desatascar los residuos de pintura en la m\u00e1quina y garantizar la eficacia de la pulverizaci\u00f3n de pintura para su uso posterior. (Nota: Por favor, l\u00edmpielo a tiempo despu\u00e9s de su uso para evitar el endurecimiento de la pintura)<br \/>\n&#8211; Lo Que Obtienes: 1 pistola pintura, 1 recipiente de 1200 ml, 4 boquillas de pulverizaci\u00f3n (1,5 mm\/1,8 mm\/2,2 mm\/2,6 mm), 1 vaso de viscosidad, 1 aguja de limpieza, 1 cepillo de limpieza, 1 manual de usuario. Si usted tiene alguna pregunta sobre el producto, por favor no dude en contactar con nosotros para un servicio sin problemas<\/p>","protected":false},"excerpt":{"rendered":"<p>&#8211; Potente Motor: Pistola pintura electrica con motor de cobre puro de 600W, tecnolog\u00eda HVLP para una buena atomizaci\u00f3n, respetuosa<\/p>","protected":false},"featured_media":0,"comment_status":"open","ping_status":"closed","template":"","meta":[],"product_brand":[],"product_cat":[101],"product_tag":[],"class_list":{"0":"post-40349","1":"product","2":"type-product","3":"status-publish","5":"product_cat-accessories","7":"first","8":"instock","9":"sale","10":"shipping-taxable","11":"product-type-external"},"_links":{"self":[{"href":"https:\/\/comprasyconsejos.store\/en\/wp-json\/wp\/v2\/product\/40349","targetHints":{"allow":["GET"]}}],"collection":[{"href":"https:\/\/comprasyconsejos.store\/en\/wp-json\/wp\/v2\/product"}],"about":[{"href":"https:\/\/comprasyconsejos.store\/en\/wp-json\/wp\/v2\/types\/product"}],"replies":[{"embeddable":true,"href":"https:\/\/comprasyconsejos.store\/en\/wp-json\/wp\/v2\/comments?post=40349"}],"version-history":[{"count":0,"href":"https:\/\/comprasyconsejos.store\/en\/wp-json\/wp\/v2\/product\/40349\/revisions"}],"wp:attachment":[{"href":"https:\/\/comprasyconsejos.store\/en\/wp-json\/wp\/v2\/media?parent=40349"}],"wp:term":[{"taxonomy":"product_brand","embeddable":true,"href":"https:\/\/comprasyconsejos.store\/en\/wp-json\/wp\/v2\/product_brand?post=40349"},{"taxonomy":"product_cat","embeddable":true,"href":"https:\/\/comprasyconsejos.store\/en\/wp-json\/wp\/v2\/product_cat?post=40349"},{"taxonomy":"product_tag","embeddable":true,"href":"https:\/\/comprasyconsejos.store\/en\/wp-json\/wp\/v2\/product_tag?post=40349"}],"curies":[{"name":"wp","href":"https:\/\/api.w.org\/{rel}","templated":true}]}}