{"id":40350,"date":"2026-04-16T11:54:03","date_gmt":"2026-04-16T11:54:03","guid":{"rendered":"https:\/\/comprasyconsejos.store\/product\/kevsuvqin-nivel-laser-con-tripodenivel-laser-autonivelante-360-grados-con-2x3000mah-bateria-indicador-lednivelador-laser-4-x-360-4d-16-lineas-laser-verde-app-control-remoto-ip54-resist\/"},"modified":"2026-04-16T11:54:03","modified_gmt":"2026-04-16T11:54:03","slug":"kevsuvqin-nivel-laser-con-tripodenivel-laser-autonivelante-360-grados-con-2x3000mah-bateria-indicador-lednivelador-laser-4-x-360-4d-16-lineas-laser-verde-app-control-remoto-ip54-resist","status":"publish","type":"product","link":"https:\/\/comprasyconsejos.store\/en\/product\/kevsuvqin-nivel-laser-con-tripodenivel-laser-autonivelante-360-grados-con-2x3000mah-bateria-indicador-lednivelador-laser-4-x-360-4d-16-lineas-laser-verde-app-control-remoto-ip54-resist\/","title":{"rendered":"Kevsuvqin Nivel Laser con Tripode,Nivel Laser Autonivelante 360 Grados con 2x3000mAh Bater\u00eda &amp; Indicador LED,Nivelador Laser 4 x 360 \u00b0, 4D 16 L\u00edneas Laser Verde\/APP\/Control Remoto\/IP54 Resistente Agua"},"content":{"rendered":"<p>&#8211; \ud83c\udfc6\u3010Alta visibilidad y alta precisi\u00f3n mejoradas\u3011: Nuestro laser verde utiliza la \u00faltima tecnolog\u00eda de diodos, que es 4 veces m\u00e1s brillante que el haz rojo y m\u00e1s preciso. El laser verde 4D proporciona una cobertura de nivelaci\u00f3n completa, con una precisi\u00f3n de \u00b11\/10 de pulgada a 8 pies y un rango de trabajo m\u00e1ximo de 100 pies. El brillo se puede ajustar entre 1%-100%. Nivel de seguridad II, potencia de salida 3\u00b0, el zumbador activar\u00e1 una alarma. Combinado con un control remoto o una aplicaci\u00f3n de tel\u00e9fono m\u00f3vil, se puede lograr el control remoto al mismo tiempo.<br \/>\n&#8211; \ud83d\udca1\u3010Pantalla LED de bater\u00eda\u3011: En comparaci\u00f3n con otros laser nivel, tiene una pantalla LED de bater\u00eda, por lo que puede observar la energ\u00eda restante en cualquier momento. Con 2 bater\u00edas recargables de gran capacidad de 3000 mAh, puede funcionar hasta 8 horas, solucionando la ansiedad de la duraci\u00f3n de la bater\u00eda.<br \/>\n&#8211; \ud83d\udd00\u3010M\u00faltiples modos de ajuste\u3011: bot\u00f3n H: presione brevemente para iniciar y cerrar 2 segmentos de l\u00ednea vertical, presione prolongadamente para aumentar el brillo. Bot\u00f3n V: presione brevemente para apagar 2 segmentos de l\u00ednea horizontal, presione prolongadamente para reducir el brillo. Bot\u00f3n de nivelaci\u00f3n de pulso: presione brevemente para encender y apagar el modo de pulso, presione prolongadamente durante 3 segundos para encender y apagar el modo de autonivelaci\u00f3n.<br \/>\n&#8211; \ud83e\udd47\u3010Aplicable a todos los escenarios\u3011: el kit de nivel l\u00e1ser est\u00e1 equipado con un tr\u00edpode (rosca de montaje de 1\/4&#8243;-20), un soporte magn\u00e9tico para montaje en pared, un mini tr\u00edpode de metal, una base elevadora y un adaptador de 3\/8 de pulgada. Los accesorios completos facilitan la fijaci\u00f3n en el escritorio, baldosas del piso, calcoman\u00edas de pared y techos. Es resistente al agua y al polvo IP54 y adecuado para todos los escenarios de trabajo complejos. Con una caja de herramientas incorporada, es f\u00e1cil de transportar y almacenar.<br \/>\n&#8211; \u2714\u3010Versi\u00f3n m\u00e1s completa\u3011: el paquete contiene 1 laser level 4D de 16 l\u00edneas, 2 bater\u00edas de 3000 mAh, 1 cargador, 1 control remoto, 1 tr\u00edpode retr\u00e1ctil (rosca de montaje de 1\/4&#8243;-20), 1 soporte magn\u00e9tico para montaje en pared (placa de pared), 1 mini tr\u00edpode de metal, 1 base elevadora de metal, 1x tablero de objetivo verde, 1x gafas, 1x caja de herramientas.<br \/>\n&#8211; \u2b50\u3010Garant\u00eda de servicio de satisfacci\u00f3n\u3011: Kevsuvqin se compromete a brindar a los clientes mejores productos y servicios; si hay problemas de calidad con el producto, nos comprometemos a brindar una garant\u00eda del fabricante de 1 a\u00f1o. Si tiene alguna pregunta sobre el producto, comun\u00edquese con nosotros y estaremos encantados de ayudarle.<\/p>","protected":false},"excerpt":{"rendered":"<p>&#8211; \ud83c\udfc6\u3010Alta visibilidad y alta precisi\u00f3n mejoradas\u3011: Nuestro laser verde utiliza la \u00faltima tecnolog\u00eda de diodos, que es 4 veces<\/p>","protected":false},"featured_media":0,"comment_status":"open","ping_status":"closed","template":"","meta":[],"product_brand":[],"product_cat":[101],"product_tag":[],"class_list":{"0":"post-40350","1":"product","2":"type-product","3":"status-publish","5":"product_cat-accessories","7":"first","8":"instock","9":"sale","10":"shipping-taxable","11":"product-type-external"},"_links":{"self":[{"href":"https:\/\/comprasyconsejos.store\/en\/wp-json\/wp\/v2\/product\/40350","targetHints":{"allow":["GET"]}}],"collection":[{"href":"https:\/\/comprasyconsejos.store\/en\/wp-json\/wp\/v2\/product"}],"about":[{"href":"https:\/\/comprasyconsejos.store\/en\/wp-json\/wp\/v2\/types\/product"}],"replies":[{"embeddable":true,"href":"https:\/\/comprasyconsejos.store\/en\/wp-json\/wp\/v2\/comments?post=40350"}],"version-history":[{"count":0,"href":"https:\/\/comprasyconsejos.store\/en\/wp-json\/wp\/v2\/product\/40350\/revisions"}],"wp:attachment":[{"href":"https:\/\/comprasyconsejos.store\/en\/wp-json\/wp\/v2\/media?parent=40350"}],"wp:term":[{"taxonomy":"product_brand","embeddable":true,"href":"https:\/\/comprasyconsejos.store\/en\/wp-json\/wp\/v2\/product_brand?post=40350"},{"taxonomy":"product_cat","embeddable":true,"href":"https:\/\/comprasyconsejos.store\/en\/wp-json\/wp\/v2\/product_cat?post=40350"},{"taxonomy":"product_tag","embeddable":true,"href":"https:\/\/comprasyconsejos.store\/en\/wp-json\/wp\/v2\/product_tag?post=40350"}],"curies":[{"name":"wp","href":"https:\/\/api.w.org\/{rel}","templated":true}]}}