{"id":40352,"date":"2026-04-18T12:24:42","date_gmt":"2026-04-18T12:24:42","guid":{"rendered":"https:\/\/comprasyconsejos.store\/product\/6d20-trona-portatil-bebe-con-arnes-de-5-puntos-y-vaso-de-aprendizaje-alzador-silla-para-ninos-de-6-a-36-meses\/"},"modified":"2026-04-18T12:24:42","modified_gmt":"2026-04-18T12:24:42","slug":"6d20-trona-portatil-bebe-con-arnes-de-5-puntos-y-vaso-de-aprendizaje-alzador-silla-para-ninos-de-6-a-36-meses","status":"publish","type":"product","link":"https:\/\/comprasyconsejos.store\/en\/product\/6d20-trona-portatil-bebe-con-arnes-de-5-puntos-y-vaso-de-aprendizaje-alzador-silla-para-ninos-de-6-a-36-meses\/","title":{"rendered":"6D20 Trona Portatil Bebe con Arn\u00e9s de 5 Puntos y Vaso de Aprendizaje &#8211; Alzador Silla para Ni\u00f1os de 6 a 36 Meses"},"content":{"rendered":"<p>&#8211; \u2705La trona port\u00e1til para beb\u00e9 es ideal para cualquier salida, ya sea un picnic o una visita a los abuelos. Tambi\u00e9n funciona como trona de viaje y asiento elevador para ni\u00f1os en la mesa. Perfecta para usar como trona de playa o comedor, asegurando comodidad y seguridad en cada comida.<br \/>\n&#8211; \u2705La trona portatil de 6D20, es una trona evolutiva, la cual te permite ponerle el arn\u00e9s de 5 puntos cuando lo empiezas a sentar para comer y no se mantiene muy bien solo. M\u00e1s adelante, puedes asegurar a tu bebe con el arn\u00e9s de 3 puntos para darle autonom\u00eda en sus comidas con agilidad y seguridad.<br \/>\n&#8211; \u2705Con una trona de viaje port\u00e1til para beb\u00e9, puedes asegurarte de que tu peque\u00f1o siempre tenga un lugar seguro y c\u00f3modo para comer. Ideal como silla de playa para beb\u00e9 y elevador de ni\u00f1o en la mesa, es f\u00e1cil de transportar y almacenar, haciendo que cualquier comida fuera de casa sea sencilla y placentera.<br \/>\n&#8211; \u2705El alzador de silla para ni\u00f1os comer es perfecto para convertir cualquier silla en un asiento seguro para tu beb\u00e9. Las tronas de beb\u00e9 port\u00e1tiles son muy pr\u00e1cticas para viajar. Adem\u00e1s, el asiento elevador para ni\u00f1os en la mesa garantiza que tu peque\u00f1o est\u00e9 siempre a la altura correcta para disfrutar de sus comidas.<br \/>\n&#8211; \u2705El adaptador de silla para ni\u00f1os comer transforma cualquier asiento en una trona c\u00f3moda y segura. Las tronas port\u00e1tiles de viaje, como el modelo de 6D20, son pr\u00e1cticas y f\u00e1ciles de llevar. Adem\u00e1s, el asiento elevador para ni\u00f1os en la mesa asegura que tu hijo pueda comer c\u00f3modamente en cualquier lugar, ya sea en casa o de viaje.<\/p>","protected":false},"excerpt":{"rendered":"<p>&#8211; \u2705La trona port\u00e1til para beb\u00e9 es ideal para cualquier salida, ya sea un picnic o una visita a los<\/p>","protected":false},"featured_media":0,"comment_status":"open","ping_status":"closed","template":"","meta":[],"product_brand":[],"product_cat":[101],"product_tag":[],"class_list":{"0":"post-40352","1":"product","2":"type-product","3":"status-publish","5":"product_cat-accessories","7":"first","8":"instock","9":"sale","10":"shipping-taxable","11":"product-type-external"},"_links":{"self":[{"href":"https:\/\/comprasyconsejos.store\/en\/wp-json\/wp\/v2\/product\/40352","targetHints":{"allow":["GET"]}}],"collection":[{"href":"https:\/\/comprasyconsejos.store\/en\/wp-json\/wp\/v2\/product"}],"about":[{"href":"https:\/\/comprasyconsejos.store\/en\/wp-json\/wp\/v2\/types\/product"}],"replies":[{"embeddable":true,"href":"https:\/\/comprasyconsejos.store\/en\/wp-json\/wp\/v2\/comments?post=40352"}],"version-history":[{"count":0,"href":"https:\/\/comprasyconsejos.store\/en\/wp-json\/wp\/v2\/product\/40352\/revisions"}],"wp:attachment":[{"href":"https:\/\/comprasyconsejos.store\/en\/wp-json\/wp\/v2\/media?parent=40352"}],"wp:term":[{"taxonomy":"product_brand","embeddable":true,"href":"https:\/\/comprasyconsejos.store\/en\/wp-json\/wp\/v2\/product_brand?post=40352"},{"taxonomy":"product_cat","embeddable":true,"href":"https:\/\/comprasyconsejos.store\/en\/wp-json\/wp\/v2\/product_cat?post=40352"},{"taxonomy":"product_tag","embeddable":true,"href":"https:\/\/comprasyconsejos.store\/en\/wp-json\/wp\/v2\/product_tag?post=40352"}],"curies":[{"name":"wp","href":"https:\/\/api.w.org\/{rel}","templated":true}]}}